{"id":1452,"date":"2023-04-13T13:42:06","date_gmt":"2023-04-13T11:42:06","guid":{"rendered":"https:\/\/www.aed-vantage.com\/body-comfort-module\/"},"modified":"2025-04-08T16:13:16","modified_gmt":"2025-04-08T14:13:16","slug":"body-comfort-module","status":"publish","type":"page","link":"https:\/\/www.aed-vantage.com\/de\/applikationen\/body-comfort-module\/","title":{"rendered":"Body &#038; Comfort"},"content":{"rendered":"\n<div id=\"keyvisualblock_d7dc699fccab7a2f00280011ca92e65c\" class=\"block__keyvisual -detect-in-viewport alignfull\" data-controller=\"keyvisual\">\n\n    <div class=\"keyvisual__background \">\n                                    <img decoding=\"async\" width=\"875\" height=\"583\" src=\"https:\/\/www.aed-vantage.com\/wp-content\/uploads\/2023\/04\/cabecera-body-comfort.jpg\" class=\"attachment-fullscreen_16_9 size-fullscreen_16_9\" alt=\"Body Comfort modules showroom at Antolin\" srcset=\"https:\/\/www.aed-vantage.com\/wp-content\/uploads\/2023\/04\/cabecera-body-comfort.jpg 875w, https:\/\/www.aed-vantage.com\/wp-content\/uploads\/2023\/04\/cabecera-body-comfort-300x200.jpg 300w, https:\/\/www.aed-vantage.com\/wp-content\/uploads\/2023\/04\/cabecera-body-comfort-768x512.jpg 768w, https:\/\/www.aed-vantage.com\/wp-content\/uploads\/2023\/04\/cabecera-body-comfort-462x308.jpg 462w, https:\/\/www.aed-vantage.com\/wp-content\/uploads\/2023\/04\/cabecera-body-comfort-840x560.jpg 840w, https:\/\/www.aed-vantage.com\/wp-content\/uploads\/2023\/04\/cabecera-body-comfort-552x368.jpg 552w\" sizes=\"(max-width: 875px) 100vw, 875px\" \/>                        <\/div>\n\n            <div class=\"keyvisual__overlay\"><\/div>\n    \n    <div class=\"keyvisual__wrapper\">\n        <div class=\"keyvisual__content__wrapper container\">\n            <div class=\"keyvisual__content inner-blocks\">\n                                    \n\n<h1 class=\"wp-block-heading\">Body &amp; Comfort<\/h1>\n\n                            <\/div>\n        <\/div>\n    <\/div>\n    \n<\/div>\n\n    <div class=\"breadcrumbs container alignwide\">\n        <div class=\"aioseo-breadcrumbs\"><span class=\"aioseo-breadcrumb\">\n\t\t\tHome\n\t\t<\/span><\/div><\/div>\n\n\n\n<div class=\"wp-block-group is-layout-constrained wp-block-group-is-layout-constrained\">\n<h2 class=\"wp-block-heading has-text-align-center has-cerulean-blue-color has-text-color\">Assistenten und Module f\u00fcr Fahrzeugt\u00fcren, Sicherheit und Klima<\/h2>\n\n\n\n<p class=\"has-text-align-center has-large-font-size\"><\/p>\n\n\n\n<p class=\"has-text-align-center has-large-font-size\"><\/p>\n\n\n\n<div id=\"expandableblock_4208988ccef16c6807532bc03812ebcd\" class=\" block__expandable -detect-in-viewport expandable-orientation--horizontal\" data-controller=\"expandable\" data-expandable-target=\"block\" data-action=\"resize@window-&gt;expandable#resize\" data-expandable-active-class=\"-active\">\n\n  <div class=\"expandable__wrapper\">\n\n    <div class=\"expandable__header\">\n      \n              <p class=\"expandable__text\">AED Vantage arbeitet mit zahlreichen Automobilherstellern eng zusammen und entwickelt ma\u00dfgeschneiderte Module bzw. Steuerger\u00e4te nach individuellen Anforderungen.<\/p>\n      \n      <a href=\"#\" class=\"expandable__icon-wrapper\" data-action=\"expandable#onToggleClick\">\n        <div href=\"#\" class=\"expandable__icon-icon\"><\/div>\n      <\/a>\n    <\/div>\n    <div class=\"expandable__content-wrapper\">\n      <div class=\"expandable__content expandable__content--horizontal inner-blocks\" data-expandable-target=\"content\">\n                  <div class=\"expandable__content-spacer\"><\/div>\n                \n\n<p>Wir entwickeln Body- und Comfort Units, die f\u00fcr mehr Komfort und Sicherheit im Fahrzeug sorgen. Sie \u00fcbernehmen das Energiemanagement, regeln die Scheibenwischer oder steuern das Klima im Innenraum und vieles mehr<\/p>\n\n\n      <\/div>\n    <\/div>\n  <\/div>\n\n<\/div><\/div>\n\n\n\n<div class=\"wp-block-group is-layout-constrained wp-block-group-is-layout-constrained\">\n<h2 class=\"wp-block-heading has-text-align-center has-cerulean-blue-color has-text-color\">Eine Door Control Unit (DCU) nach Ma\u00df<\/h2>\n\n\n\n<div id=\"cardblock_75be5c255eaa80218f7abcf4ab55b844\" class=\"block__card alignfull -detect-in-viewport\">\n  <div class=\"has-background-color--transparent has-image has-image--right has-image-settings--landscape\">\n\n          <div class=\"card__image-wrapper animate__animated animate__delay-default animate__fadeInRight\">\n\n                  <img decoding=\"async\" width=\"654\" height=\"368\" src=\"https:\/\/www.aed-vantage.com\/wp-content\/uploads\/2023\/04\/body-comfort-654x368.jpg\" class=\"attachment-container_half_16_9 size-container_half_16_9\" alt=\"Body and comfort modules in the car\" srcset=\"https:\/\/www.aed-vantage.com\/wp-content\/uploads\/2023\/04\/body-comfort-654x368.jpg 654w, https:\/\/www.aed-vantage.com\/wp-content\/uploads\/2023\/04\/body-comfort-738x416.jpg 738w\" sizes=\"(max-width: 654px) 100vw, 654px\" \/>        \n        \n      <\/div>\n    \n    <div class=\"card__content-wrapper animate__animated animate__delay-default animate__fadeInLeft\">\n      <div class=\"card__inner-blocks inner-blocks\">\n        \n\n<p>Die Door Control Unit (DCU) ist ein \u00e4u\u00dferst kompaktes Modul, das die Steuerung und das Management von elektrischen Fahrzeug-Schiebet\u00fcren \u00fcbernimmt. Doch es kann wesentlich mehr, als T\u00fcren \u00f6ffnen oder schlie\u00dfen bzw. Ver- und Entriegeln: AED Vantage konzipiert die DCU so, dass sich zahlreiche kundenspezifische Automotive-Funktionen f\u00fcr zus\u00e4tzlichen Komfort und mehr Sicherheit integrieren lassen. Hierzu geh\u00f6ren z. B.:<\/p>\n\n\n\n<ul class=\"wp-block-list\">\n<li>Die Steuerung der Fensterheber mit intelligentem Einklemmschutz.<\/li>\n\n\n\n<li>Das sichere Ein- und Aussteigen durch die automatische \u00dcberpr\u00fcfung der Fahrzeugumgebung.<\/li>\n\n\n\n<li>Das \u00d6ffnen und Schlie\u00dfen der T\u00fcren mit intelligenter Stoppfunktion bei Hindernissen im T\u00fcrbereich.<\/li>\n\n\n\n<li>Das Steuern und Heizen der Seitenspiegel.<\/li>\n\n\n\n<li>Die Armlehnenheizung.<\/li>\n\n\n\n<li>Und viele mehr<\/li>\n<\/ul>\n\n      <\/div>\n    <\/div>\n  <\/div>\n<\/div>\n\n\n<div id=\"cardblock_5a3e391fa377d0c37e78e8bdd6bfca63\" class=\"block__card alignfull -detect-in-viewport\">\n  <div class=\"has-background-color--transparent has-image has-image--left has-image-settings--landscape\">\n\n          <div class=\"card__image-wrapper animate__animated animate__delay-default animate__fadeInLeft\">\n\n                  <img decoding=\"async\" width=\"654\" height=\"368\" src=\"https:\/\/www.aed-vantage.com\/wp-content\/uploads\/2023\/04\/body-comfortmodules-654x368.jpg\" class=\"attachment-container_half_16_9 size-container_half_16_9\" alt=\"body and comfort modules in the car\" srcset=\"https:\/\/www.aed-vantage.com\/wp-content\/uploads\/2023\/04\/body-comfortmodules-654x368.jpg 654w, https:\/\/www.aed-vantage.com\/wp-content\/uploads\/2023\/04\/body-comfortmodules-738x416.jpg 738w\" sizes=\"(max-width: 654px) 100vw, 654px\" \/>        \n        \n      <\/div>\n    \n    <div class=\"card__content-wrapper animate__animated animate__delay-default animate__fadeInRight\">\n      <div class=\"card__inner-blocks inner-blocks\">\n        \n\n<p>Die Door Control Unit ist nur ein Beispiel aus einer breiten Palette von kundenspezifischen Body- und Komfort Modulen, die AED Vantage nach den W\u00fcnschen seiner Kunden entwickelt.<\/p>\n\n\n\n<p>Sprechen Sie uns an! Wir arbeiten mit modernsten Technologien und sorgen daf\u00fcr, dass sich unsere Module perfekt an Ihre Fahrzeugarchitekturen anpassen. Und: Indem wir mehrere Funktionen in einem kompakten Bauteil b\u00fcndeln, tragen wir dazu bei, dass Sie Kosten reduzieren und den Energieverbrauch ihrer Fahrzeuge senken.<\/p>\n\n\n\n<p>\u00dcbrigens: Die Intelligenz unserer Systeme ist stets auf einen bestimmten Teilbereich des Fahrzeugs zugeschnitten. Dadurch erhalten Sie ein Optimum an Performance und Sicherheit.<\/p>\n\n      <\/div>\n    <\/div>\n  <\/div>\n<\/div><\/div>\n","protected":false},"excerpt":{"rendered":"<p>Assistenten und Module f\u00fcr Fahrzeugt\u00fcren, Sicherheit und Klima Eine Door Control Unit (DCU) nach Ma\u00df<\/p>\n","protected":false},"author":1,"featured_media":0,"parent":6199,"menu_order":0,"comment_status":"closed","ping_status":"closed","template":"","meta":{"footnotes":""},"class_list":["post-1452","page","type-page","status-publish","hentry"],"aioseo_notices":[],"acf":[],"_links":{"self":[{"href":"https:\/\/www.aed-vantage.com\/de\/wp-json\/wp\/v2\/pages\/1452","targetHints":{"allow":["GET"]}}],"collection":[{"href":"https:\/\/www.aed-vantage.com\/de\/wp-json\/wp\/v2\/pages"}],"about":[{"href":"https:\/\/www.aed-vantage.com\/de\/wp-json\/wp\/v2\/types\/page"}],"author":[{"embeddable":true,"href":"https:\/\/www.aed-vantage.com\/de\/wp-json\/wp\/v2\/users\/1"}],"replies":[{"embeddable":true,"href":"https:\/\/www.aed-vantage.com\/de\/wp-json\/wp\/v2\/comments?post=1452"}],"version-history":[{"count":10,"href":"https:\/\/www.aed-vantage.com\/de\/wp-json\/wp\/v2\/pages\/1452\/revisions"}],"predecessor-version":[{"id":3865,"href":"https:\/\/www.aed-vantage.com\/de\/wp-json\/wp\/v2\/pages\/1452\/revisions\/3865"}],"up":[{"embeddable":true,"href":"https:\/\/www.aed-vantage.com\/de\/wp-json\/wp\/v2\/pages\/6199"}],"wp:attachment":[{"href":"https:\/\/www.aed-vantage.com\/de\/wp-json\/wp\/v2\/media?parent=1452"}],"curies":[{"name":"wp","href":"https:\/\/api.w.org\/{rel}","templated":true}]}}