{"id":1628,"date":"2023-04-12T17:46:16","date_gmt":"2023-04-12T15:46:16","guid":{"rendered":"https:\/\/www.aed-vantage.com\/dynamic-interior-lightning\/"},"modified":"2025-04-08T16:08:57","modified_gmt":"2025-04-08T14:08:57","slug":"dynamic-interior-lightning","status":"publish","type":"page","link":"https:\/\/www.aed-vantage.com\/de\/applikationen\/dynamic-interior-lightning\/","title":{"rendered":"Dynamic Interieur Lighting"},"content":{"rendered":"\n<div id=\"keyvisualblock_fc1cd5db5d0217ab6fc8c5c6732ff8a4\" class=\"block__keyvisual -detect-in-viewport alignfull\" data-controller=\"keyvisual\">\n\n    <div class=\"keyvisual__background \">\n                                    <img decoding=\"async\" width=\"2400\" height=\"1600\" src=\"https:\/\/www.aed-vantage.com\/wp-content\/uploads\/2023\/04\/cabeceraDynamic-interior-scaled-1-2400x1600.jpg\" class=\"attachment-fullscreen_16_9 size-fullscreen_16_9\" alt=\"dynamic interior lighting modules in the car\" srcset=\"https:\/\/www.aed-vantage.com\/wp-content\/uploads\/2023\/04\/cabeceraDynamic-interior-scaled-1-2400x1600.jpg 2400w, https:\/\/www.aed-vantage.com\/wp-content\/uploads\/2023\/04\/cabeceraDynamic-interior-scaled-1-300x200.jpg 300w, https:\/\/www.aed-vantage.com\/wp-content\/uploads\/2023\/04\/cabeceraDynamic-interior-scaled-1-1024x683.jpg 1024w, https:\/\/www.aed-vantage.com\/wp-content\/uploads\/2023\/04\/cabeceraDynamic-interior-scaled-1-768x512.jpg 768w, https:\/\/www.aed-vantage.com\/wp-content\/uploads\/2023\/04\/cabeceraDynamic-interior-scaled-1-1536x1024.jpg 1536w, https:\/\/www.aed-vantage.com\/wp-content\/uploads\/2023\/04\/cabeceraDynamic-interior-scaled-1-2048x1366.jpg 2048w, https:\/\/www.aed-vantage.com\/wp-content\/uploads\/2023\/04\/cabeceraDynamic-interior-scaled-1-462x308.jpg 462w, https:\/\/www.aed-vantage.com\/wp-content\/uploads\/2023\/04\/cabeceraDynamic-interior-scaled-1-840x560.jpg 840w, https:\/\/www.aed-vantage.com\/wp-content\/uploads\/2023\/04\/cabeceraDynamic-interior-scaled-1-1104x736.jpg 1104w, https:\/\/www.aed-vantage.com\/wp-content\/uploads\/2023\/04\/cabeceraDynamic-interior-scaled-1-552x368.jpg 552w\" sizes=\"(max-width: 2400px) 100vw, 2400px\" \/>                        <\/div>\n\n            <div class=\"keyvisual__overlay\"><\/div>\n    \n    <div class=\"keyvisual__wrapper\">\n        <div class=\"keyvisual__content__wrapper container\">\n            <div class=\"keyvisual__content inner-blocks\">\n                                    \n\n<h1 class=\"wp-block-heading\">Dynamic Interieur Lighting<\/h1>\n\n                            <\/div>\n        <\/div>\n    <\/div>\n    \n<\/div>\n\n    <div class=\"breadcrumbs container alignwide\">\n        <div class=\"aioseo-breadcrumbs\"><span class=\"aioseo-breadcrumb\">\n\t\t\tHome\n\t\t<\/span><\/div><\/div>\n\n\n\n<div class=\"wp-block-group is-layout-constrained wp-block-group-is-layout-constrained\">\n<h2 class=\"wp-block-heading has-text-align-center has-cerulean-blue-color has-text-color\">Dynamische Innenbeleuchtung f\u00fcr hohe Anspr\u00fcche<\/h2>\n\n\n\n<div id=\"cardblock_cf7ce1eaf6a071c94dbb8fa8b68ce1e5\" class=\"block__card alignwide -detect-in-viewport\">\n  <div class=\"has-background-color--white has-shadow animate__animated animate__fadeInUp animate__delay-default\">\n\n    \n    <div class=\"card__content-wrapper \">\n      <div class=\"card__inner-blocks inner-blocks\">\n        \n\n<p>Wir verf\u00fcgen \u00fcber langj\u00e4hrige Erfahrung in der Auslegung dynamischer Beleuchtungskonzepte. Daher entwickeln wir kundenspezifische sowie hoch skalierbare Komponenten und Systeme f\u00fcr die Fahrzeuginnenbeleuchtung der Zukunft.<\/p>\n\n\n\n<p>Wir kennen die W\u00fcnsche unserer Kunden sehr genau und legen gro\u00dfen Wert auf die Sicherheit der Insassen. Daher beinhalten unsere intelligenten Beleuchtungskonzepte u.a. visuelle Effekte, die die Aufmerksamkeit im Fahrzeug leiten. Hierf\u00fcr setzen wir bspw. auf Dynamic Ambient Lighting, Functional Lighting Solutions und Automotive High-Speed Lighting.<\/p>\n\n      <\/div>\n    <\/div>\n  <\/div>\n<\/div><\/div>\n\n\n\n<div class=\"wp-block-group is-layout-constrained wp-block-group-is-layout-constrained\">\n<h2 class=\"wp-block-heading has-text-align-center has-cerulean-blue-color has-text-color\">Ihre Innenbeleuchtung nach Ma\u00df<\/h2>\n\n\n\n<div id=\"cardblock_cd15553088322a61ab318780cecc54cd\" class=\"block__card -detect-in-viewport\">\n  <div class=\"has-background-color--transparent has-image has-image--right has-image-settings--landscape\">\n\n          <div class=\"card__image-wrapper animate__animated animate__delay-default animate__fadeInRight\">\n\n                  <img decoding=\"async\" width=\"654\" height=\"368\" src=\"https:\/\/www.aed-vantage.com\/wp-content\/uploads\/2023\/04\/dynamic-interior-654x368.jpg\" class=\"attachment-container_half_16_9 size-container_half_16_9\" alt=\"Ambient lighting in the car\" srcset=\"https:\/\/www.aed-vantage.com\/wp-content\/uploads\/2023\/04\/dynamic-interior-654x368.jpg 654w, https:\/\/www.aed-vantage.com\/wp-content\/uploads\/2023\/04\/dynamic-interior-738x416.jpg 738w\" sizes=\"(max-width: 654px) 100vw, 654px\" \/>        \n        \n      <\/div>\n    \n    <div class=\"card__content-wrapper animate__animated animate__delay-default animate__fadeInLeft\">\n      <div class=\"card__inner-blocks inner-blocks\">\n        \n\n<p>F\u00fcr Automotive-Kunden in aller Welt entwickelt AED Vantage ma\u00dfgeschneiderte Innenlichtl\u00f6sungen, vom Konzept bis zur Marktreife. Unsere Services beinhalten daher:<\/p>\n\n\n\n<ul class=\"wp-block-list\">\n<li>Die Auslegung des Innenlichtsystems inklusive Anpassung an die spezielle Fahrzeugarchitektur.<\/li>\n\n\n\n<li>Der Einsatz moderner Technologien wie ILaS, ISELED, MeLiBu usw.<\/li>\n\n\n\n<li>Generische Softwarel\u00f6sungen<\/li>\n\n\n\n<li>Hardware nach dem Baukastensystem.<\/li>\n<\/ul>\n\n      <\/div>\n    <\/div>\n  <\/div>\n<\/div><\/div>\n","protected":false},"excerpt":{"rendered":"<p>Dynamische Innenbeleuchtung f\u00fcr hohe Anspr\u00fcche Ihre Innenbeleuchtung nach Ma\u00df<\/p>\n","protected":false},"author":1,"featured_media":0,"parent":6199,"menu_order":0,"comment_status":"closed","ping_status":"closed","template":"","meta":{"footnotes":""},"class_list":["post-1628","page","type-page","status-publish","hentry"],"aioseo_notices":[],"acf":[],"_links":{"self":[{"href":"https:\/\/www.aed-vantage.com\/de\/wp-json\/wp\/v2\/pages\/1628","targetHints":{"allow":["GET"]}}],"collection":[{"href":"https:\/\/www.aed-vantage.com\/de\/wp-json\/wp\/v2\/pages"}],"about":[{"href":"https:\/\/www.aed-vantage.com\/de\/wp-json\/wp\/v2\/types\/page"}],"author":[{"embeddable":true,"href":"https:\/\/www.aed-vantage.com\/de\/wp-json\/wp\/v2\/users\/1"}],"replies":[{"embeddable":true,"href":"https:\/\/www.aed-vantage.com\/de\/wp-json\/wp\/v2\/comments?post=1628"}],"version-history":[{"count":9,"href":"https:\/\/www.aed-vantage.com\/de\/wp-json\/wp\/v2\/pages\/1628\/revisions"}],"predecessor-version":[{"id":4792,"href":"https:\/\/www.aed-vantage.com\/de\/wp-json\/wp\/v2\/pages\/1628\/revisions\/4792"}],"up":[{"embeddable":true,"href":"https:\/\/www.aed-vantage.com\/de\/wp-json\/wp\/v2\/pages\/6199"}],"wp:attachment":[{"href":"https:\/\/www.aed-vantage.com\/de\/wp-json\/wp\/v2\/media?parent=1628"}],"curies":[{"name":"wp","href":"https:\/\/api.w.org\/{rel}","templated":true}]}}