{"id":1663,"date":"2023-04-12T17:38:39","date_gmt":"2023-04-12T15:38:39","guid":{"rendered":"https:\/\/www.aed-vantage.com\/keyless-entry-systems\/"},"modified":"2025-04-08T16:06:17","modified_gmt":"2025-04-08T14:06:17","slug":"keyless-entry-systems","status":"publish","type":"page","link":"https:\/\/www.aed-vantage.com\/de\/applikationen\/keyless-entry-systems\/","title":{"rendered":"Keyless Entry Systems"},"content":{"rendered":"\n<div id=\"keyvisualblock_cc7c1fe3b2cd543e8ee66d66fd93a730\" class=\"block__keyvisual -detect-in-viewport alignfull\" data-controller=\"keyvisual\">\n\n    <div class=\"keyvisual__background \">\n                                    <img decoding=\"async\" width=\"1920\" height=\"547\" src=\"https:\/\/www.aed-vantage.com\/wp-content\/uploads\/2023\/04\/Group-356.jpg\" class=\"attachment-fullscreen_16_9 size-fullscreen_16_9\" alt=\"\" srcset=\"https:\/\/www.aed-vantage.com\/wp-content\/uploads\/2023\/04\/Group-356.jpg 1920w, https:\/\/www.aed-vantage.com\/wp-content\/uploads\/2023\/04\/Group-356-300x85.jpg 300w, https:\/\/www.aed-vantage.com\/wp-content\/uploads\/2023\/04\/Group-356-1024x292.jpg 1024w, https:\/\/www.aed-vantage.com\/wp-content\/uploads\/2023\/04\/Group-356-768x219.jpg 768w, https:\/\/www.aed-vantage.com\/wp-content\/uploads\/2023\/04\/Group-356-1536x438.jpg 1536w, https:\/\/www.aed-vantage.com\/wp-content\/uploads\/2023\/04\/Group-356-500x142.jpg 500w, https:\/\/www.aed-vantage.com\/wp-content\/uploads\/2023\/04\/Group-356-840x239.jpg 840w, https:\/\/www.aed-vantage.com\/wp-content\/uploads\/2023\/04\/Group-356-1308x373.jpg 1308w, https:\/\/www.aed-vantage.com\/wp-content\/uploads\/2023\/04\/Group-356-654x186.jpg 654w\" sizes=\"(max-width: 1920px) 100vw, 1920px\" \/>                        <\/div>\n\n            <div class=\"keyvisual__overlay\"><\/div>\n    \n    <div class=\"keyvisual__wrapper\">\n        <div class=\"keyvisual__content__wrapper container\">\n            <div class=\"keyvisual__content inner-blocks\">\n                                    \n\n<h1 class=\"wp-block-heading\">Keyless Entry Sytems<\/h1>\n\n                            <\/div>\n        <\/div>\n    <\/div>\n    \n<\/div>\n\n    <div class=\"breadcrumbs container alignwide\">\n        <div class=\"aioseo-breadcrumbs\"><span class=\"aioseo-breadcrumb\">\n\t\t\tHome\n\t\t<\/span><\/div><\/div>\n\n\n\n<h2 class=\"wp-block-heading has-text-align-center has-cerulean-blue-color has-text-color\">Fahrzeugschl\u00fcssel sind heute digital<\/h2>\n\n\n\n<div id=\"expandableblock_701953cac6ca691ef5072d09ddacd57c\" class=\" block__expandable -detect-in-viewport expandable-orientation--horizontal\" data-controller=\"expandable\" data-expandable-target=\"block\" data-action=\"resize@window-&gt;expandable#resize\" data-expandable-active-class=\"-active\">\n\n  <div class=\"expandable__wrapper\">\n\n    <div class=\"expandable__header\">\n      \n              <p class=\"expandable__text\">Immer mehr Komfortsysteme erhalten Einzug in die moderne Mobilit\u00e4t. Der Zugang zu vielen Fahrzeugen funktioniert dabei bereits ohne aktive Schl\u00fcsselbet\u00e4tigung. Doch es geht noch einfacher &#8211; schl\u00fcssellos. Smartphones haben Kreditkarte oder auch Flugtickets ersetzt, warum also nicht auch den Autoschl\u00fcssel?<\/p>\n      \n      <a href=\"#\" class=\"expandable__icon-wrapper\" data-action=\"expandable#onToggleClick\">\n        <div href=\"#\" class=\"expandable__icon-icon\"><\/div>\n      <\/a>\n    <\/div>\n    <div class=\"expandable__content-wrapper\">\n      <div class=\"expandable__content expandable__content--horizontal inner-blocks\" data-expandable-target=\"content\">\n                  <div class=\"expandable__content-spacer\"><\/div>\n                \n\n<p>Bei AED Vantage vereinen wir Expertenwissen mit neusten Trends. Mit unserer jahrelangen Erfahrung im Bereich der Wireless-Applikationen bieten wir ein komplettes L\u00f6sungsportfolio: Entwicklung, Software, Hardware und Testing. Gemeinsam mit Ihnen erarbeiten wir Ihr Fahrzeugzugangssystem \u2013 und wenn Sie wollen, auch ohne physikalischen Fahrzeugschl\u00fcssel.<\/p>\n\n\n\n<p>Als Mitglied des Car Connectivity Consortiums (CCC) arbeiten wir nach den h\u00f6chsten Standards. CCC ist eine branchen\u00fcbergreifende Organisation, die globale Standards und fortschrittliche Technologien f\u00fcr Smartphone-zu-Auto-Konnektivit\u00e4tsl\u00f6sungen entwickelt. Zusammen mit anderen Mitgliedern setzen wir uns daf\u00fcr ein, ein standardisiertes \u00d6kosystem zu erschaffen, das es den Kunden erm\u00f6glicht, ihre mobilen Ger\u00e4te einfach und sicher f\u00fcr den Zugriff auf Fahrzeuge zu verwenden. Lassen Sie unsere Expertise auch in Ihr Keyless Entry System einflie\u00dfen.<\/p>\n\n\n      <\/div>\n    <\/div>\n  <\/div>\n\n<\/div>\n\n\n<div class=\"wp-block-group has-platinum-grey-background-color has-background is-layout-constrained wp-block-group-is-layout-constrained\"><div class=\"wp-bootstrap-blocks-container container mb-2\">\n\t\n<div class=\"wp-bootstrap-blocks-row row\">\n\t\n\n<div class=\"col-12 col-md-4\">\n\t\t\t<div class=\"p-3\">\n\t\t\t\n\n<div id=\"animationblock_35419bb7652b3e5835a7f4ba04083248\" class=\"block__animation -detect-in-viewport\">\n  <div class=\"animation__inner-blocks inner-blocks animate__animated animate__fadeIn animate__delay-default\">\n    \n\n<h4 class=\"wp-block-heading has-cerulean-blue-color has-text-color\"><strong>Bluetooth Low Energy (BLE)<\/strong><\/h4>\n\n\n\n<ul class=\"wp-block-list\">\n<li>Erkennung des Smartphones \u00fcber RSSI (Received Signal Strenght Indicator)<\/li>\n\n\n\n<li>Keyless Entry System wird durch BLE Signal geweckt<\/li>\n\n\n\n<li>Das \u00d6ffnen und Schlie\u00dfen ist nun per App, durch Remote Keyless Entry (RKE), m\u00f6glich<\/li>\n<\/ul>\n\n  <\/div>\n\n<\/div>\n\t\t<\/div>\n\t<\/div>\n\n\n\n<div class=\"col-12 col-md-4\">\n\t\t\t<div class=\"p-5\">\n\t\t\t\n\n<div id=\"animationblock_151754d3518e574cc5dd32afb6a4baa8\" class=\"block__animation -detect-in-viewport\">\n  <div class=\"animation__inner-blocks inner-blocks animate__animated animate__fadeIn animate__delay-0-5s\">\n    \n\n<h4 class=\"wp-block-heading has-cerulean-blue-color has-text-color\"><strong>Near Field communication (NFC)<\/strong><\/h4>\n\n\n\n<ul class=\"wp-block-list\">\n<li>Erm\u00f6glicht im Falle eines Notfalls das \u00d6ffnen des Fahrzeugs (auch bei niedriger Batterieleistung)<\/li>\n\n\n\n<li>Starten des Fahrzeugs im Notfall<\/li>\n<\/ul>\n\n  <\/div>\n\n<\/div>\n\t\t<\/div>\n\t<\/div>\n\n\n\n<div class=\"col-12 col-md-4\">\n\t\t\t<div class=\"p-3\">\n\t\t\t\n\n<div id=\"animationblock_9ccfe2635efe5ba466d4f1f6be807598\" class=\"block__animation -detect-in-viewport\">\n  <div class=\"animation__inner-blocks inner-blocks animate__animated animate__fadeIn animate__delay-1s\">\n    \n\n<h4 class=\"wp-block-heading has-cerulean-blue-color has-text-color\"><strong>UWB (Ultra-Wideband)<\/strong><\/h4>\n\n\n\n<ul class=\"wp-block-list\">\n<li>Genaue Positionsbestimmung des digitalen Schl\u00fcssels (Smartphones)<\/li>\n\n\n\n<li>Bestimmung der korrekten Fahrzeugzone (Willkommenszone, vorne\/hinten, linke\/rechte Seite, Innenraum\/Au\u00dfenraum)<\/li>\n\n\n\n<li>\u00d6ffnen und Schlie\u00dfen des Fahrzeugs<\/li>\n\n\n\n<li>Motorstart einleiten<\/li>\n<\/ul>\n\n  <\/div>\n\n<\/div>\n\t\t<\/div>\n\t<\/div>\n\n<\/div>\n\n<\/div>\n<\/div>\n\n\n\n<div class=\"wp-block-group is-layout-constrained wp-block-group-is-layout-constrained\">\n<h2 class=\"wp-block-heading has-text-align-center has-cerulean-blue-color has-text-color\">AED Vantage &amp; Grupo Antolin: Unser gemeinsames Keyless Entry System<\/h2>\n\n\n\n<div id=\"responsive-embedblock_a67e9d9f1a550237653e8585bebb3c35\" class=\"block__responsive-embed -detect-in-viewport\">\n    <div class=\"block__responsive-embed__ratio ratio ratio-16x9\">\n                    <div class=\"BorlabsCookie _brlbs-cb-youtube\"><div class=\"_brlbs-content-blocker\"> <div class=\"_brlbs-embed _brlbs-video-youtube\"> <img decoding=\"async\" class=\"_brlbs-thumbnail\" src=\"https:\/\/www.aed-vantage.com\/wp-content\/plugins\/borlabs-cookie\/assets\/images\/cb-no-thumbnail.png\" alt=\"YouTube\"> <div class=\"_brlbs-caption\"> <p>Mit dem Laden des Videos akzeptieren Sie die Datenschutzerkl\u00e4rung von YouTube.<br><a href=\"https:\/\/policies.google.com\/privacy\" target=\"_blank\" rel=\"nofollow noopener noreferrer\">Mehr erfahren<\/a><\/p> <p><a class=\"_brlbs-btn _brlbs-icon-play-white\" href=\"#\" data-borlabs-cookie-unblock role=\"button\">Video laden<\/a><\/p> <p><label><input type=\"checkbox\" name=\"unblockAll\" value=\"1\" checked> <small>YouTube immer entsperren<\/small><\/label><\/p> <\/div> <\/div> <\/div><div class=\"borlabs-hide\" data-borlabs-cookie-type=\"content-blocker\" data-borlabs-cookie-id=\"youtube\"><script type=\"text\/template\">PGlmcmFtZSB3aWR0aD0iNTYwIiBoZWlnaHQ9IjMxNSIgc3JjPSJodHRwczovL3d3dy55b3V0dWJlLW5vY29va2llLmNvbS9lbWJlZC9YWDBSbHJNck9HYyIgdGl0bGU9IllvdVR1YmUgdmlkZW8gcGxheWVyIiBmcmFtZWJvcmRlcj0iMCIgYWxsb3c9ImFjY2VsZXJvbWV0ZXI7IGF1dG9wbGF5OyBjbGlwYm9hcmQtd3JpdGU7IGVuY3J5cHRlZC1tZWRpYTsgZ3lyb3Njb3BlOyBwaWN0dXJlLWluLXBpY3R1cmU7IHdlYi1zaGFyZSIgYWxsb3dmdWxsc2NyZWVuPjwvaWZyYW1lPg==<\/script><\/div><\/div>            <\/div>\n\n    \n<\/div><\/div>\n","protected":false},"excerpt":{"rendered":"<p>Fahrzeugschl\u00fcssel sind heute digital AED Vantage &amp; Grupo Antolin: Unser gemeinsames Keyless Entry System<\/p>\n","protected":false},"author":1,"featured_media":0,"parent":6199,"menu_order":0,"comment_status":"closed","ping_status":"closed","template":"","meta":{"footnotes":""},"class_list":["post-1663","page","type-page","status-publish","hentry"],"aioseo_notices":[],"acf":[],"_links":{"self":[{"href":"https:\/\/www.aed-vantage.com\/de\/wp-json\/wp\/v2\/pages\/1663","targetHints":{"allow":["GET"]}}],"collection":[{"href":"https:\/\/www.aed-vantage.com\/de\/wp-json\/wp\/v2\/pages"}],"about":[{"href":"https:\/\/www.aed-vantage.com\/de\/wp-json\/wp\/v2\/types\/page"}],"author":[{"embeddable":true,"href":"https:\/\/www.aed-vantage.com\/de\/wp-json\/wp\/v2\/users\/1"}],"replies":[{"embeddable":true,"href":"https:\/\/www.aed-vantage.com\/de\/wp-json\/wp\/v2\/comments?post=1663"}],"version-history":[{"count":9,"href":"https:\/\/www.aed-vantage.com\/de\/wp-json\/wp\/v2\/pages\/1663\/revisions"}],"predecessor-version":[{"id":3622,"href":"https:\/\/www.aed-vantage.com\/de\/wp-json\/wp\/v2\/pages\/1663\/revisions\/3622"}],"up":[{"embeddable":true,"href":"https:\/\/www.aed-vantage.com\/de\/wp-json\/wp\/v2\/pages\/6199"}],"wp:attachment":[{"href":"https:\/\/www.aed-vantage.com\/de\/wp-json\/wp\/v2\/media?parent=1663"}],"curies":[{"name":"wp","href":"https:\/\/api.w.org\/{rel}","templated":true}]}}