{"id":1690,"date":"2023-04-12T17:49:51","date_gmt":"2023-04-12T15:49:51","guid":{"rendered":"https:\/\/www.aed-vantage.com\/passenger-monitoring\/"},"modified":"2025-04-08T16:11:53","modified_gmt":"2025-04-08T14:11:53","slug":"passenger-monitoring","status":"publish","type":"page","link":"https:\/\/www.aed-vantage.com\/de\/applikationen\/passenger-monitoring\/","title":{"rendered":"Passenger Monitoring"},"content":{"rendered":"\n<div id=\"keyvisualblock_1c78145129bbdcc5d924335407702bac\" class=\"block__keyvisual -detect-in-viewport alignfull\" data-controller=\"keyvisual\">\n\n    <div class=\"keyvisual__background \">\n                                    <img decoding=\"async\" width=\"1500\" height=\"929\" src=\"https:\/\/www.aed-vantage.com\/wp-content\/uploads\/2023\/03\/BANNER-1.jpg\" class=\"attachment-fullscreen_16_9 size-fullscreen_16_9\" alt=\"A woman driving in a autonomous driving car\" srcset=\"https:\/\/www.aed-vantage.com\/wp-content\/uploads\/2023\/03\/BANNER-1.jpg 1500w, https:\/\/www.aed-vantage.com\/wp-content\/uploads\/2023\/03\/BANNER-1-300x186.jpg 300w, https:\/\/www.aed-vantage.com\/wp-content\/uploads\/2023\/03\/BANNER-1-1024x634.jpg 1024w, https:\/\/www.aed-vantage.com\/wp-content\/uploads\/2023\/03\/BANNER-1-768x476.jpg 768w, https:\/\/www.aed-vantage.com\/wp-content\/uploads\/2023\/03\/BANNER-1-497x308.jpg 497w, https:\/\/www.aed-vantage.com\/wp-content\/uploads\/2023\/03\/BANNER-1-840x520.jpg 840w, https:\/\/www.aed-vantage.com\/wp-content\/uploads\/2023\/03\/BANNER-1-1188x736.jpg 1188w, https:\/\/www.aed-vantage.com\/wp-content\/uploads\/2023\/03\/BANNER-1-594x368.jpg 594w\" sizes=\"(max-width: 1500px) 100vw, 1500px\" \/>                        <\/div>\n\n            <div class=\"keyvisual__overlay\"><\/div>\n    \n    <div class=\"keyvisual__wrapper\">\n        <div class=\"keyvisual__content__wrapper container\">\n            <div class=\"keyvisual__content inner-blocks\">\n                                    \n\n<h1 class=\"wp-block-heading\">Passenger Monitoring<\/h1>\n\n                            <\/div>\n        <\/div>\n    <\/div>\n    \n<\/div>\n\n    <div class=\"breadcrumbs container alignwide\">\n        <div class=\"aioseo-breadcrumbs\"><span class=\"aioseo-breadcrumb\">\n\t\t\tHome\n\t\t<\/span><\/div><\/div>\n\n\n\n<div class=\"wp-block-group is-layout-constrained wp-block-group-is-layout-constrained\">\n<h2 class=\"wp-block-heading has-text-align-center has-cerulean-blue-color has-text-color\">Mehr Sicherheit durch intelligentes Passenger Monitoring<\/h2>\n\n\n\n<div id=\"expandableblock_f9e4bd471c09584ecfa77723e1104acb\" class=\" block__expandable alignwide -detect-in-viewport expandable-orientation--horizontal\" data-controller=\"expandable\" data-expandable-target=\"block\" data-action=\"resize@window-&gt;expandable#resize\" data-expandable-active-class=\"-active\">\n\n  <div class=\"expandable__wrapper\">\n\n    <div class=\"expandable__header\">\n      \n              <p class=\"expandable__text\">Bis zu 25 Prozent aller Autounf\u00e4lle lassen sich auf eine Ablenkung des Fahrers zur\u00fcckf\u00fchren. Dabei w\u00e4ren sie vermeidbar \u2013 bspw. durch ein leistungsf\u00e4higes und zuverl\u00e4ssiges Fahrer\u00fcberwachungssystem (Driver Monitoring System bzw. DMS)!  Wir entwickeln moderne DMS-Systeme, die auf der Stra\u00dfe zum Einsatz kommen. Sie sind mit zahlreichen Sensoren ausgestattet und erkennen eine Vielzahl potenzieller Ablenkungen sowie gef\u00e4hrliche Aktivit\u00e4ten des Fahrers bzw. der Fahrerin.<\/p>\n      \n      <a href=\"#\" class=\"expandable__icon-wrapper\" data-action=\"expandable#onToggleClick\">\n        <div href=\"#\" class=\"expandable__icon-icon\"><\/div>\n      <\/a>\n    <\/div>\n    <div class=\"expandable__content-wrapper\">\n      <div class=\"expandable__content expandable__content--horizontal inner-blocks\" data-expandable-target=\"content\">\n                  <div class=\"expandable__content-spacer\"><\/div>\n                \n\n<p>Sie haben Interesse, aber m\u00f6chten die anderen Personen im Fahrzeug nicht vernachl\u00e4ssigen? Dann stattet AED Vantage Ihr DMS mit zus\u00e4tzlichen Security-Funktionen aus. Oder wir entwickeln gleich ein komplettes Insassen\u00fcberwachungssystem (Occupant Monitoring System bzw. OMS) nach Ihren Vorstellungen. Dieses bietet Ihnen zahlreiche Vorteile, denn mit einem umfassenden Cabin Monitoring werden Sie den zuk\u00fcnftigen Sicherheitsanforderungen der Mobilit\u00e4t am besten gerecht. <\/p>\n\n\n\n<p>Grunds\u00e4tzlich gilt: Die DMS und OMS von AED Vantage stellen die Sicherheit der Fahrzeuginsassen in den Mittelpunkt! Aber sie k\u00f6nnen wesentlich mehr. So lassen sich bspw. nutzerbezogene Funktionen aktivieren oder Fahrzeugeinstellungen automatisch anpassen und vieles mehr. Sollten Gegenst\u00e4nde im Fahrzeug vergessen werden, warnt das System automatisch. <\/p>\n\n\n      <\/div>\n    <\/div>\n  <\/div>\n\n<\/div><\/div>\n\n\n\n<div class=\"wp-block-group is-layout-constrained wp-block-group-is-layout-constrained\">\n<h2 class=\"wp-block-heading has-text-align-center has-cerulean-blue-color has-text-color\">Driver Monitoring System \/ DMS<\/h2>\n\n\n\n<div id=\"cardblock_fc07bf13b324b8c4d91b78caefd13b8e\" class=\"block__card -detect-in-viewport\">\n  <div class=\"has-background-color--transparent has-image has-image--right has-image-settings--original\">\n\n          <div class=\"card__image-wrapper animate__animated animate__delay-default animate__fadeInRight\">\n\n                  <img decoding=\"async\" width=\"552\" height=\"368\" src=\"https:\/\/www.aed-vantage.com\/wp-content\/uploads\/2023\/04\/GettyImages-913581142-copy-552x368.jpg\" class=\"attachment-container_half size-container_half\" alt=\"A man driving a autonomous car\" srcset=\"https:\/\/www.aed-vantage.com\/wp-content\/uploads\/2023\/04\/GettyImages-913581142-copy-552x368.jpg 552w, https:\/\/www.aed-vantage.com\/wp-content\/uploads\/2023\/04\/GettyImages-913581142-copy-300x200.jpg 300w, https:\/\/www.aed-vantage.com\/wp-content\/uploads\/2023\/04\/GettyImages-913581142-copy-1024x683.jpg 1024w, https:\/\/www.aed-vantage.com\/wp-content\/uploads\/2023\/04\/GettyImages-913581142-copy-768x512.jpg 768w, https:\/\/www.aed-vantage.com\/wp-content\/uploads\/2023\/04\/GettyImages-913581142-copy-462x308.jpg 462w, https:\/\/www.aed-vantage.com\/wp-content\/uploads\/2023\/04\/GettyImages-913581142-copy-840x560.jpg 840w, https:\/\/www.aed-vantage.com\/wp-content\/uploads\/2023\/04\/GettyImages-913581142-copy-1104x736.jpg 1104w, https:\/\/www.aed-vantage.com\/wp-content\/uploads\/2023\/04\/GettyImages-913581142-copy.jpg 1500w\" sizes=\"(max-width: 552px) 100vw, 552px\" \/>        \n        \n      <\/div>\n    \n    <div class=\"card__content-wrapper animate__animated animate__delay-default animate__fadeInLeft\">\n      <div class=\"card__inner-blocks inner-blocks\">\n        \n\n<p>Unsere Driver Monitoring-Systeme bieten ein H\u00f6chstma\u00df an Sicherheit und Komfort im Fahrzeug. Je nach Bedarf integrieren wir bspw. folgende Funktionen:<\/p>\n\n\n\n<ul class=\"wp-block-list\">\n<li>Erkennung von Ablenkungen<\/li>\n\n\n\n<li>M\u00fcdigkeitserkennung<\/li>\n\n\n\n<li>Erkennung von Hindernissen<\/li>\n\n\n\n<li>Identit\u00e4tserkennung<\/li>\n\n\n\n<li>Erkennung von Gesten<\/li>\n\n\n\n<li>Statuserkennung<\/li>\n\n\n\n<li>Fahrer-Gurt-Erkennung<\/li>\n\n\n\n<li>Telefonnutzung des Fahrers<\/li>\n<\/ul>\n\n      <\/div>\n    <\/div>\n  <\/div>\n<\/div><\/div>\n\n\n\n<div class=\"wp-block-group is-layout-constrained wp-block-group-is-layout-constrained\">\n<h2 class=\"wp-block-heading has-text-align-center has-cerulean-blue-color has-text-color\">Occupant Monitoring System \/ OMS<\/h2>\n\n\n\n<div id=\"cardblock_c262950e260347c8e7790cc7a925b175\" class=\"block__card -detect-in-viewport\">\n  <div class=\"has-background-color--transparent has-image has-image--right has-image-settings--\">\n\n          <div class=\"card__image-wrapper animate__animated animate__delay-default animate__fadeInRight\">\n\n                  <img decoding=\"async\" width=\"552\" height=\"368\" src=\"https:\/\/www.aed-vantage.com\/wp-content\/uploads\/2023\/04\/passenger-monitoring-1-552x368.jpg\" class=\"attachment-container_half size-container_half\" alt=\"A family driving in a car\" srcset=\"https:\/\/www.aed-vantage.com\/wp-content\/uploads\/2023\/04\/passenger-monitoring-1-552x368.jpg 552w, https:\/\/www.aed-vantage.com\/wp-content\/uploads\/2023\/04\/passenger-monitoring-1-300x200.jpg 300w, https:\/\/www.aed-vantage.com\/wp-content\/uploads\/2023\/04\/passenger-monitoring-1-1024x682.jpg 1024w, https:\/\/www.aed-vantage.com\/wp-content\/uploads\/2023\/04\/passenger-monitoring-1-768x512.jpg 768w, https:\/\/www.aed-vantage.com\/wp-content\/uploads\/2023\/04\/passenger-monitoring-1-1536x1024.jpg 1536w, https:\/\/www.aed-vantage.com\/wp-content\/uploads\/2023\/04\/passenger-monitoring-1-462x308.jpg 462w, https:\/\/www.aed-vantage.com\/wp-content\/uploads\/2023\/04\/passenger-monitoring-1-840x560.jpg 840w, https:\/\/www.aed-vantage.com\/wp-content\/uploads\/2023\/04\/passenger-monitoring-1-1104x736.jpg 1104w, https:\/\/www.aed-vantage.com\/wp-content\/uploads\/2023\/04\/passenger-monitoring-1.jpg 2000w\" sizes=\"(max-width: 552px) 100vw, 552px\" \/>        \n        \n      <\/div>\n    \n    <div class=\"card__content-wrapper animate__animated animate__delay-default animate__fadeInLeft\">\n      <div class=\"card__inner-blocks inner-blocks\">\n        \n\n<p>Unsere Occupant Monitoring Systeme liefern wertvolle Informationen rund um den Komfort und die Sicherheit der Fahrg\u00e4ste. Hierzu geh\u00f6ren bspw.:<\/p>\n\n\n\n<ul class=\"wp-block-list\">\n<li>Erkennung von Insassen<\/li>\n\n\n\n<li>Status der Insassen-Sicherheitsgurte<\/li>\n\n\n\n<li>Kindersitz-Erkennung<\/li>\n\n\n\n<li>Erkennung von Objekten<\/li>\n\n\n\n<li>Informationen zur Identit\u00e4t der Insassen<\/li>\n<\/ul>\n\n      <\/div>\n    <\/div>\n  <\/div>\n<\/div><\/div>\n","protected":false},"excerpt":{"rendered":"<p>Mehr Sicherheit durch intelligentes Passenger Monitoring Driver Monitoring System \/ DMS Occupant Monitoring System \/ OMS<\/p>\n","protected":false},"author":1,"featured_media":0,"parent":6199,"menu_order":0,"comment_status":"closed","ping_status":"closed","template":"","meta":{"footnotes":""},"class_list":["post-1690","page","type-page","status-publish","hentry"],"aioseo_notices":[],"acf":[],"_links":{"self":[{"href":"https:\/\/www.aed-vantage.com\/de\/wp-json\/wp\/v2\/pages\/1690","targetHints":{"allow":["GET"]}}],"collection":[{"href":"https:\/\/www.aed-vantage.com\/de\/wp-json\/wp\/v2\/pages"}],"about":[{"href":"https:\/\/www.aed-vantage.com\/de\/wp-json\/wp\/v2\/types\/page"}],"author":[{"embeddable":true,"href":"https:\/\/www.aed-vantage.com\/de\/wp-json\/wp\/v2\/users\/1"}],"replies":[{"embeddable":true,"href":"https:\/\/www.aed-vantage.com\/de\/wp-json\/wp\/v2\/comments?post=1690"}],"version-history":[{"count":5,"href":"https:\/\/www.aed-vantage.com\/de\/wp-json\/wp\/v2\/pages\/1690\/revisions"}],"predecessor-version":[{"id":4796,"href":"https:\/\/www.aed-vantage.com\/de\/wp-json\/wp\/v2\/pages\/1690\/revisions\/4796"}],"up":[{"embeddable":true,"href":"https:\/\/www.aed-vantage.com\/de\/wp-json\/wp\/v2\/pages\/6199"}],"wp:attachment":[{"href":"https:\/\/www.aed-vantage.com\/de\/wp-json\/wp\/v2\/media?parent=1690"}],"curies":[{"name":"wp","href":"https:\/\/api.w.org\/{rel}","templated":true}]}}