{"id":8219,"date":"2025-10-17T09:42:53","date_gmt":"2025-10-17T07:42:53","guid":{"rendered":"https:\/\/www.aed-vantage.com\/?page_id=8219"},"modified":"2025-10-17T13:57:27","modified_gmt":"2025-10-17T11:57:27","slug":"standards-zertifikate","status":"publish","type":"page","link":"https:\/\/www.aed-vantage.com\/de\/standards-zertifikate\/","title":{"rendered":"Standards &amp; Zertifikate"},"content":{"rendered":"\n<div id=\"keyvisualblock_15c72a1efaf40f075e4072be019fd587\" class=\"block__keyvisual -detect-in-viewport alignfull\" data-controller=\"keyvisual\">\n\n    <div class=\"keyvisual__background \">\n                                <\/div>\n\n    \n    <div class=\"keyvisual__wrapper\">\n        <div class=\"keyvisual__content__wrapper container\">\n            <div class=\"keyvisual__content inner-blocks\">\n                                    \n\n<h1 class=\"wp-block-heading\">Standards &amp; Zertifikate<\/h1>\n\n                            <\/div>\n        <\/div>\n    <\/div>\n    \n<\/div>\n\n\n\n\n<div class=\"wp-block-group is-layout-constrained wp-block-group-is-layout-constrained\">\n<div id=\"cardblock_a4131c5f93921bf4d876fa8f5c3b94cb\" class=\"block__card alignwide -detect-in-viewport\">\n  <div class=\"has-background-color--white has-shadow animate__animated animate__fadeInUp animate__delay-default\">\n\n    \n    <div class=\"card__content-wrapper \">\n      <div class=\"card__inner-blocks inner-blocks\">\n        \n\n<div class=\"wp-block-group is-layout-constrained wp-block-group-is-layout-constrained\"><div class=\"wp-bootstrap-blocks-row row\">\n\t\n\n<div class=\"col-12 col-md-6\">\n\t\t\t\n\n<div class=\"wp-block-group is-layout-constrained wp-block-group-is-layout-constrained\">\n<p class=\"has-cerulean-blue-color has-text-color has-link-color wp-elements-d984dc31d13aad3e436eb1c9c23c7833\"><strong>Bei AED Vantage stehen Qualit\u00e4t, Sicherheit und Nachhaltigkeit im Zentrum unseres Handelns.<\/strong><br><\/p>\n\n\n\n<p>Unser Integriertes Managementsystem (IMS) wurde von einer unabh\u00e4ngigen, akkreditierten Zertifizierungsstelle gepr\u00fcft und nach international anerkannten Normen zertifiziert.<br>Damit gew\u00e4hrleisten wir h\u00f6chste Standards in allen Unternehmensbereichen \u2013 von Qualit\u00e4tssicherung \u00fcber Umweltschutz bis hin zur Informationssicherheit.<\/p>\n\n\n\n<p>Siehe unsere integrierte Managementpolitik <a href=\"https:\/\/www.aed-vantage.com\/de\/about-us\/#cert\">hier.<\/a><\/p>\n\n\n\n<div id=\"cardblock_fbb2fe3dbf9082e522ac4165693a9809\" class=\"block__card -detect-in-viewport\">\n  <div class=\"has-background-color--white has-border\">\n\n    \n    <div class=\"card__content-wrapper \">\n      <div class=\"card__inner-blocks inner-blocks\">\n        \n\n<p>Unsere Zertifikate zum Download gibt es <a href=\"https:\/\/www.aed-vantage.com\/de\/products\/downloads\/\" title=\"Download Center\">hier.<\/a><\/p>\n\n      <\/div>\n    <\/div>\n  <\/div>\n<\/div><\/div>\n\n\t<\/div>\n\n\n\n<div class=\"col-12 col-md-6\">\n\t\t\t\n\n<figure class=\"wp-block-image size-full\"><img decoding=\"async\" width=\"954\" height=\"560\" src=\"https:\/\/www.aed-vantage.com\/wp-content\/uploads\/2025\/10\/Standards_Certificates_2025_AED_Vantage_v2-17-10-2025-09-31-49.png\" alt=\"\" class=\"wp-image-8257\" srcset=\"https:\/\/www.aed-vantage.com\/wp-content\/uploads\/2025\/10\/Standards_Certificates_2025_AED_Vantage_v2-17-10-2025-09-31-49.png 954w, https:\/\/www.aed-vantage.com\/wp-content\/uploads\/2025\/10\/Standards_Certificates_2025_AED_Vantage_v2-17-10-2025-09-31-49-300x176.png 300w, https:\/\/www.aed-vantage.com\/wp-content\/uploads\/2025\/10\/Standards_Certificates_2025_AED_Vantage_v2-17-10-2025-09-31-49-768x451.png 768w, https:\/\/www.aed-vantage.com\/wp-content\/uploads\/2025\/10\/Standards_Certificates_2025_AED_Vantage_v2-17-10-2025-09-31-49-500x294.png 500w, https:\/\/www.aed-vantage.com\/wp-content\/uploads\/2025\/10\/Standards_Certificates_2025_AED_Vantage_v2-17-10-2025-09-31-49-840x493.png 840w, https:\/\/www.aed-vantage.com\/wp-content\/uploads\/2025\/10\/Standards_Certificates_2025_AED_Vantage_v2-17-10-2025-09-31-49-627x368.png 627w\" sizes=\"(max-width: 954px) 100vw, 954px\" \/><\/figure>\n\n\t<\/div>\n\n<\/div>\n<\/div>\n\n      <\/div>\n    <\/div>\n  <\/div>\n<\/div><\/div>\n\n\n\n<div class=\"wp-block-group is-layout-constrained wp-block-group-is-layout-constrained\">\n<h3 class=\"wp-block-heading\">Unser Qualit\u00e4tsversprechen<\/h3>\n\n\n\n<p>Die Kombination dieser drei international anerkannten Zertifizierungen belegt unser konsequentes Engagement f\u00fcr Qualit\u00e4t, Umweltbewusstsein und Informationssicherheit.<br>Kunden und Partner profitieren von:<\/p>\n\n\n\n<ul class=\"wp-block-list\">\n<li><strong>verl\u00e4sslichen und transparenten Prozessen<\/strong>,<\/li>\n\n\n\n<li><strong>h\u00f6chster Produkt- und Servicequalit\u00e4t<\/strong>,<\/li>\n\n\n\n<li><strong>nachhaltigem Handeln und Datensicherheit<\/strong>,<\/li>\n\n\n\n<li><strong>kontinuierlicher Verbesserung<\/strong> unserer Systeme und Leistungen.<\/li>\n<\/ul>\n\n\n\n<h3 class=\"wp-block-heading\">Warum AED Vantage der richtige Partner ist<\/h3>\n\n\n\n<p>Mit unserem zertifizierten Integrierten Managementsystem (IMS) vereinen wir Qualit\u00e4t, Umweltverantwortung und Informationssicherheit in einem ganzheitlichen Ansatz.<br>Unsere Kunden k\u00f6nnen sich darauf verlassen, dass jedes Projekt unter Einhaltung strengster internationaler Standards umgesetzt wird.<\/p>\n\n\n\n<p>AED Vantage steht f\u00fcr <strong>Zuverl\u00e4ssigkeit, Verantwortung und Innovation<\/strong> \u2013 heute und in Zukunft.<\/p>\n<\/div>\n\n\n\n<div class=\"wp-block-group is-layout-constrained wp-block-group-is-layout-constrained\">\n<figure class=\"wp-block-image aligncenter size-large is-resized\"><img decoding=\"async\" width=\"1024\" height=\"936\" src=\"https:\/\/www.aed-vantage.com\/wp-content\/uploads\/2025\/10\/ISO_9001-2015.svg-1024x936.png\" alt=\"\" class=\"wp-image-8279\" style=\"width:228px;height:auto\" srcset=\"https:\/\/www.aed-vantage.com\/wp-content\/uploads\/2025\/10\/ISO_9001-2015.svg-1024x936.png 1024w, https:\/\/www.aed-vantage.com\/wp-content\/uploads\/2025\/10\/ISO_9001-2015.svg-300x274.png 300w, https:\/\/www.aed-vantage.com\/wp-content\/uploads\/2025\/10\/ISO_9001-2015.svg-768x702.png 768w, https:\/\/www.aed-vantage.com\/wp-content\/uploads\/2025\/10\/ISO_9001-2015.svg-337x308.png 337w, https:\/\/www.aed-vantage.com\/wp-content\/uploads\/2025\/10\/ISO_9001-2015.svg-656x600.png 656w, https:\/\/www.aed-vantage.com\/wp-content\/uploads\/2025\/10\/ISO_9001-2015.svg-805x736.png 805w, https:\/\/www.aed-vantage.com\/wp-content\/uploads\/2025\/10\/ISO_9001-2015.svg-403x368.png 403w, https:\/\/www.aed-vantage.com\/wp-content\/uploads\/2025\/10\/ISO_9001-2015.svg.png 1200w\" sizes=\"(max-width: 1024px) 100vw, 1024px\" \/><\/figure>\n\n\n\n<div id=\"expandableblock_8a0fea99fddf2db1f33bd6a776c3cce7\" class=\" block__expandable -detect-in-viewport expandable-orientation--vertical\" data-controller=\"expandable\" data-expandable-target=\"block\" data-action=\"resize@window-&gt;expandable#resize\" data-expandable-active-class=\"-active\">\n\n  <div class=\"expandable__wrapper\">\n\n    <div class=\"expandable__header\">\n              <h3 class=\"expandable__title\">ISO 9001:2015 \u2013 Qualit\u00e4tsmanagementsystem<\/h3>\n      \n              <p class=\"expandable__text\">Die ISO 9001:2015 ist der weltweit f\u00fchrende Standard f\u00fcr Qualit\u00e4tsmanagementsysteme. Sie stellt sicher, dass alle Prozesse so gestaltet sind, dass Produkte und Dienstleistungen die Erwartungen unserer Kunden erf\u00fcllen und gesetzlichen Anforderungen entsprechen.  Durch die Anwendung der ISO 9001 verpflichtet sich AED Vantage zu:<\/p>\n      \n      <a href=\"#\" class=\"expandable__icon-wrapper\" data-action=\"expandable#onToggleClick\">\n        <div href=\"#\" class=\"expandable__icon-icon\"><\/div>\n      <\/a>\n    <\/div>\n    <div class=\"expandable__content-wrapper\">\n      <div class=\"expandable__content expandable__content--vertical inner-blocks\" data-expandable-target=\"content\">\n                \n\n<div class=\"wp-block-group is-layout-constrained wp-block-group-is-layout-constrained\">\n<ul class=\"wp-block-list\">\n<li><strong>kontinuierlicher Verbesserung<\/strong> unserer Prozesse und Leistungen,<\/li>\n\n\n\n<li><strong>risikobasierter Denkweise<\/strong> in allen Entscheidungen,<\/li>\n\n\n\n<li><strong>h\u00f6chster Kundenzufriedenheit<\/strong> durch Qualit\u00e4t, Verl\u00e4sslichkeit und Transparenz.<\/li>\n<\/ul>\n<\/div>\n\n\n      <\/div>\n    <\/div>\n  <\/div>\n\n<\/div>\n\n\n<figure class=\"wp-block-image aligncenter size-full is-resized\"><img decoding=\"async\" width=\"480\" height=\"453\" src=\"https:\/\/www.aed-vantage.com\/wp-content\/uploads\/2025\/10\/Logo-norme-ISO-14001.png\" alt=\"\" class=\"wp-image-8283\" style=\"width:226px;height:auto\" srcset=\"https:\/\/www.aed-vantage.com\/wp-content\/uploads\/2025\/10\/Logo-norme-ISO-14001.png 480w, https:\/\/www.aed-vantage.com\/wp-content\/uploads\/2025\/10\/Logo-norme-ISO-14001-300x283.png 300w, https:\/\/www.aed-vantage.com\/wp-content\/uploads\/2025\/10\/Logo-norme-ISO-14001-326x308.png 326w, https:\/\/www.aed-vantage.com\/wp-content\/uploads\/2025\/10\/Logo-norme-ISO-14001-390x368.png 390w\" sizes=\"(max-width: 480px) 100vw, 480px\" \/><\/figure>\n\n\n\n<div id=\"expandableblock_bafde045ef48a28a192cf04db647d604\" class=\" block__expandable -detect-in-viewport expandable-orientation--vertical\" data-controller=\"expandable\" data-expandable-target=\"block\" data-action=\"resize@window-&gt;expandable#resize\" data-expandable-active-class=\"-active\">\n\n  <div class=\"expandable__wrapper\">\n\n    <div class=\"expandable__header\">\n              <h3 class=\"expandable__title\">ISO 14001:2015 \u2013 Umweltmanagementsystem<\/h3>\n      \n              <p class=\"expandable__text\">Die ISO 14001:2015 definiert die Anforderungen an ein wirksames Umweltmanagementsystem. Sie belegt unser Engagement, die Umweltauswirkungen unserer Gesch\u00e4ftst\u00e4tigkeit zu minimieren, gesetzliche Vorschriften einzuhalten und den nachhaltigen Einsatz von Ressourcen zu f\u00f6rdern.  Durch die Zertifizierung nach ISO 14001 setzt AED Vantage ein klares Zeichen f\u00fcr:<\/p>\n      \n      <a href=\"#\" class=\"expandable__icon-wrapper\" data-action=\"expandable#onToggleClick\">\n        <div href=\"#\" class=\"expandable__icon-icon\"><\/div>\n      <\/a>\n    <\/div>\n    <div class=\"expandable__content-wrapper\">\n      <div class=\"expandable__content expandable__content--vertical inner-blocks\" data-expandable-target=\"content\">\n                \n\n<div class=\"wp-block-group is-layout-constrained wp-block-group-is-layout-constrained\">\n<ul class=\"wp-block-list\">\n<li><strong>nachhaltiges Wirtschaften<\/strong> und verantwortungsvollen Ressourceneinsatz,<\/li>\n\n\n\n<li><strong>Reduzierung von Emissionen und Abf\u00e4llen<\/strong>,<\/li>\n\n\n\n<li><strong>Einhaltung aller umweltrechtlichen Vorgaben<\/strong>,<\/li>\n\n\n\n<li><strong>Bewusstsein f\u00fcr \u00f6kologische Verantwortung<\/strong> auf allen Unternehmensebenen.<\/li>\n<\/ul>\n<\/div>\n\n\n      <\/div>\n    <\/div>\n  <\/div>\n\n<\/div>\n\n\n<figure class=\"wp-block-image aligncenter size-large is-resized\"><img decoding=\"async\" width=\"1024\" height=\"515\" src=\"https:\/\/www.aed-vantage.com\/wp-content\/uploads\/2025\/10\/ISO_and_IEC_logo_combined.svg-1024x515.png\" alt=\"\" class=\"wp-image-8286\" style=\"width:412px;height:auto\" srcset=\"https:\/\/www.aed-vantage.com\/wp-content\/uploads\/2025\/10\/ISO_and_IEC_logo_combined.svg-1024x515.png 1024w, https:\/\/www.aed-vantage.com\/wp-content\/uploads\/2025\/10\/ISO_and_IEC_logo_combined.svg-300x151.png 300w, https:\/\/www.aed-vantage.com\/wp-content\/uploads\/2025\/10\/ISO_and_IEC_logo_combined.svg-768x386.png 768w, https:\/\/www.aed-vantage.com\/wp-content\/uploads\/2025\/10\/ISO_and_IEC_logo_combined.svg-500x251.png 500w, https:\/\/www.aed-vantage.com\/wp-content\/uploads\/2025\/10\/ISO_and_IEC_logo_combined.svg-840x422.png 840w, https:\/\/www.aed-vantage.com\/wp-content\/uploads\/2025\/10\/ISO_and_IEC_logo_combined.svg-654x329.png 654w, https:\/\/www.aed-vantage.com\/wp-content\/uploads\/2025\/10\/ISO_and_IEC_logo_combined.svg.png 1200w\" sizes=\"(max-width: 1024px) 100vw, 1024px\" \/><\/figure>\n\n\n\n<div id=\"expandableblock_dad69de07612f532aa263a8f2c97bb3b\" class=\" block__expandable -detect-in-viewport expandable-orientation--vertical\" data-controller=\"expandable\" data-expandable-target=\"block\" data-action=\"resize@window-&gt;expandable#resize\" data-expandable-active-class=\"-active\">\n\n  <div class=\"expandable__wrapper\">\n\n    <div class=\"expandable__header\">\n              <h3 class=\"expandable__title\">ISO\/IEC 27001:2022 \u2013 Informationssicherheitsmanagementsystem (ISMS)<\/h3>\n      \n              <p class=\"expandable__text\">Die ISO\/IEC 27001:2022 ist der international anerkannte Standard f\u00fcr Informationssicherheitsmanagementsysteme. Sie best\u00e4tigt unseren systematischen Ansatz zum Schutz von Informationswerten, zur Risikominimierung und zur Einhaltung der aktuellsten Sicherheitsstandards.  Mit der ISO\/IEC 27001 gew\u00e4hrleistet AED Vantage:<\/p>\n      \n      <a href=\"#\" class=\"expandable__icon-wrapper\" data-action=\"expandable#onToggleClick\">\n        <div href=\"#\" class=\"expandable__icon-icon\"><\/div>\n      <\/a>\n    <\/div>\n    <div class=\"expandable__content-wrapper\">\n      <div class=\"expandable__content expandable__content--vertical inner-blocks\" data-expandable-target=\"content\">\n                \n\n<div class=\"wp-block-group is-layout-constrained wp-block-group-is-layout-constrained\">\n<ul class=\"wp-block-list\">\n<li><strong>Vertraulichkeit, Integrit\u00e4t und Verf\u00fcgbarkeit<\/strong> aller Informationen,<\/li>\n\n\n\n<li><strong>strukturierte Risikobewertung und -behandlung<\/strong>,<\/li>\n\n\n\n<li><strong>Schutz sensibler Daten<\/strong> vor unbefugtem Zugriff, Verlust oder Missbrauch,<\/li>\n\n\n\n<li><strong>kontinuierliche Verbesserung<\/strong> der Sicherheitsma\u00dfnahmen und Prozesse.<\/li>\n<\/ul>\n<\/div>\n\n\n      <\/div>\n    <\/div>\n  <\/div>\n\n<\/div>\n\n\n<div id=\"spacerblock_c120d390cc3fa2c3548db408ac43636c\" class=\"block__spacer -detect-in-viewport block__spacer--medium\"><\/div>\n\n\n<figure class=\"wp-block-image aligncenter size-full is-resized\"><img decoding=\"async\" width=\"1008\" height=\"391\" src=\"https:\/\/www.aed-vantage.com\/wp-content\/uploads\/2025\/10\/LOGO-PERSONALIZADO-IAS.png\" alt=\"\" class=\"wp-image-8308\" style=\"width:789px;height:auto\" srcset=\"https:\/\/www.aed-vantage.com\/wp-content\/uploads\/2025\/10\/LOGO-PERSONALIZADO-IAS.png 1008w, https:\/\/www.aed-vantage.com\/wp-content\/uploads\/2025\/10\/LOGO-PERSONALIZADO-IAS-300x116.png 300w, https:\/\/www.aed-vantage.com\/wp-content\/uploads\/2025\/10\/LOGO-PERSONALIZADO-IAS-768x298.png 768w, https:\/\/www.aed-vantage.com\/wp-content\/uploads\/2025\/10\/LOGO-PERSONALIZADO-IAS-500x194.png 500w, https:\/\/www.aed-vantage.com\/wp-content\/uploads\/2025\/10\/LOGO-PERSONALIZADO-IAS-840x326.png 840w, https:\/\/www.aed-vantage.com\/wp-content\/uploads\/2025\/10\/LOGO-PERSONALIZADO-IAS-654x254.png 654w\" sizes=\"(max-width: 1008px) 100vw, 1008px\" \/><\/figure>\n<\/div>\n","protected":false},"excerpt":{"rendered":"<p>Unser Qualit\u00e4tsversprechen Die Kombination dieser drei international anerkannten Zertifizierungen belegt unser konsequentes Engagement f\u00fcr Qualit\u00e4t, Umweltbewusstsein und Informationssicherheit.Kunden und Partner profitieren von: Warum AED Vantage der richtige Partner ist Mit unserem zertifizierten Integrierten Managementsystem (IMS) vereinen wir Qualit\u00e4t, Umweltverantwortung und Informationssicherheit in einem ganzheitlichen Ansatz.Unsere Kunden k\u00f6nnen sich darauf verlassen, dass jedes Projekt unter Einhaltung [&hellip;]<\/p>\n","protected":false},"author":29,"featured_media":0,"parent":0,"menu_order":0,"comment_status":"closed","ping_status":"closed","template":"","meta":{"footnotes":""},"class_list":["post-8219","page","type-page","status-publish","hentry"],"aioseo_notices":[],"acf":[],"_links":{"self":[{"href":"https:\/\/www.aed-vantage.com\/de\/wp-json\/wp\/v2\/pages\/8219","targetHints":{"allow":["GET"]}}],"collection":[{"href":"https:\/\/www.aed-vantage.com\/de\/wp-json\/wp\/v2\/pages"}],"about":[{"href":"https:\/\/www.aed-vantage.com\/de\/wp-json\/wp\/v2\/types\/page"}],"author":[{"embeddable":true,"href":"https:\/\/www.aed-vantage.com\/de\/wp-json\/wp\/v2\/users\/29"}],"replies":[{"embeddable":true,"href":"https:\/\/www.aed-vantage.com\/de\/wp-json\/wp\/v2\/comments?post=8219"}],"version-history":[{"count":10,"href":"https:\/\/www.aed-vantage.com\/de\/wp-json\/wp\/v2\/pages\/8219\/revisions"}],"predecessor-version":[{"id":8339,"href":"https:\/\/www.aed-vantage.com\/de\/wp-json\/wp\/v2\/pages\/8219\/revisions\/8339"}],"wp:attachment":[{"href":"https:\/\/www.aed-vantage.com\/de\/wp-json\/wp\/v2\/media?parent=8219"}],"curies":[{"name":"wp","href":"https:\/\/api.w.org\/{rel}","templated":true}]}}