{"id":7134,"date":"2025-03-06T15:04:00","date_gmt":"2025-03-06T14:04:00","guid":{"rendered":"https:\/\/www.aed-vantage.com\/product\/zoanr-switch\/"},"modified":"2026-03-20T11:14:52","modified_gmt":"2026-03-20T10:14:52","slug":"zoanr-switch","status":"publish","type":"product","link":"https:\/\/www.aed-vantage.com\/de\/product\/zoanr-switch\/","title":{"rendered":"ZoanR Switch f\u00fcr Automotive Ethernet"},"content":{"rendered":"\n<div class=\"wp-block-group alignwide has-platinum-grey-background-color has-background is-layout-constrained wp-block-group-is-layout-constrained\"><div class=\"wp-bootstrap-blocks-row row alignfull\">\n\t\n\n<div class=\"col-12 col-md-6 col-lg-4\">\n\t\t\t\n\n<figure class=\"wp-block-image size-full\"><img decoding=\"async\" width=\"867\" height=\"367\" src=\"https:\/\/www.aed-vantage.com\/wp-content\/uploads\/2025\/03\/ZoanR-Switch-transparent-Bgr-1.png\" alt=\"\" class=\"wp-image-8074\" srcset=\"https:\/\/www.aed-vantage.com\/wp-content\/uploads\/2025\/03\/ZoanR-Switch-transparent-Bgr-1.png 867w, https:\/\/www.aed-vantage.com\/wp-content\/uploads\/2025\/03\/ZoanR-Switch-transparent-Bgr-1-300x127.png 300w, https:\/\/www.aed-vantage.com\/wp-content\/uploads\/2025\/03\/ZoanR-Switch-transparent-Bgr-1-768x325.png 768w, https:\/\/www.aed-vantage.com\/wp-content\/uploads\/2025\/03\/ZoanR-Switch-transparent-Bgr-1-500x212.png 500w, https:\/\/www.aed-vantage.com\/wp-content\/uploads\/2025\/03\/ZoanR-Switch-transparent-Bgr-1-840x356.png 840w, https:\/\/www.aed-vantage.com\/wp-content\/uploads\/2025\/03\/ZoanR-Switch-transparent-Bgr-1-654x277.png 654w\" sizes=\"(max-width: 867px) 100vw, 867px\" \/><\/figure>\n\n\t<\/div>\n\n\n\n<div class=\"col-12 col-md-6 col-lg-4\">\n\t\t\t\n\n<div id=\"cardblock_c1da133128fd1a5e109c086a280b5325\" class=\"block__card -detect-in-viewport\">\n  <div class=\"has-background-color--white has-shadow\">\n\n    \n    <div class=\"card__content-wrapper \">\n      <div class=\"card__inner-blocks inner-blocks\">\n        \n\n<h3 class=\"wp-block-heading\">ZoanR Switch<\/h3>\n\n\n\n<ul class=\"wp-block-list\">\n<li>Automotive Ethernet Switch mit zu 16 Automotive Ethernet Ports<\/li>\n\n\n\n<li>Ger\u00e4t aufwecken mit GPIO &amp; CAN-FD &amp; WAKE Inputs<\/li>\n\n\n\n<li>AVB \/ TSN<\/li>\n\n\n\n<li>VLAN, QinQ<\/li>\n\n\n\n<li>MACSec<\/li>\n\n\n\n<li>TC10<\/li>\n\n\n\n<li>Erweiterbar mit unserer CruEther Produktfamilie<\/li>\n<\/ul>\n\n\n<div class=\"wp-bootstrap-blocks-row row\">\n\t\n\n<div class=\"col-12 col-md-6\">\n\t\t\t\n\n<div id=\"buttonblock_f4547bc5e86450d37f566c6573bfb3b8\" class=\"block__button -detect-in-viewport button__size--full\">\n  <div class=\"button__color--blue\">\n          <a href=\"#ZNRSW\" target=\"\" class=\"btn\">\n        <span class=\"button__link__label\">Mehr Details<\/span>\n      <\/a>\n      <\/div>\n<\/div>\n\t<\/div>\n\n\n\n<div class=\"col-12 col-md-6\">\n\t\t\t\t<\/div>\n\n<\/div>\n\n      <\/div>\n    <\/div>\n  <\/div>\n<\/div>\n\t<\/div>\n\n\n\n<div class=\"col-12 col-md-6 col-lg-4\">\n\t\t\t\n\n<div id=\"cardblock_c1da133128fd1a5e109c086a280b5325\" class=\"block__card -detect-in-viewport\">\n  <div class=\"has-background-color--white has-shadow\">\n\n    \n    <div class=\"card__content-wrapper \">\n      <div class=\"card__inner-blocks inner-blocks\">\n        \n\n<h4 class=\"wp-block-heading\">N\u00fctzliche Informationen<\/h4>\n\n\n\n<ul class=\"wp-block-list\">\n<li>Data Sheets<\/li>\n\n\n\n<li>User Instructions Manuals<\/li>\n\n\n\n<li>Tutorials<\/li>\n<\/ul>\n\n\n\n<div id=\"buttonblock_2e3e3ce4df6e391296809ae8210fe1c2\" class=\"block__button -detect-in-viewport button__size--full\">\n  <div class=\"button__color--white\">\n          <a href=\"\/downloads\" target=\"\" class=\"btn\">\n        <span class=\"button__link__label\">Download Center<\/span>\n      <\/a>\n      <\/div>\n<\/div>\n\n\n<h4 class=\"wp-block-heading\">ZoanR Switch Applikationen<\/h4>\n\n\n\n<ul class=\"wp-block-list\">\n<li>Schlie\u00dfen Sie bis zu 16 Automotive Ethernet Ports gleichzeitig an<\/li>\n\n\n\n<li>Effiziente Datenverteilung<\/li>\n\n\n\n<li>10 Gb\/s Ethernet Link (SFP+)<\/li>\n<\/ul>\n\n\n\n<div id=\"buttonblock_d26f9d12c640d8c8cd2b52e09d0ad0df\" class=\"block__button -detect-in-viewport button__size--full\">\n  <div class=\"button__color--white\">\n          <a href=\"#APPSW\" target=\"\" class=\"btn\">\n        <span class=\"button__link__label\">Applikationen<\/span>\n      <\/a>\n      <\/div>\n<\/div>\n      <\/div>\n    <\/div>\n  <\/div>\n<\/div>\n\t<\/div>\n\n<\/div>\n\n\n\n<div id=\"contactblock_0877a862ba496978d98c386221ea85bc\" class=\"block__contact -detect-in-viewport\">\n\n    <div class=\"contact__content-wrapper container\">\n                <div class=\"contact__card block__card\">\n\n            <div class=\"has-background-color--white has-shadow\">\n                <div class=\"contact__card-content-wrapper\">\n                    <div class=\"frm_forms  with_frm_style frm_style_formidable-style\" id=\"frm_form_1_container\" data-token=\"a76da70ca244aae7f4794dd2ec1d595d\">\n<form enctype=\"multipart\/form-data\" method=\"post\" class=\"frm-show-form  frm_js_validate  frm_ajax_submit  frm_pro_form \" id=\"form_contact-form\" data-token=\"a76da70ca244aae7f4794dd2ec1d595d\">\n<div class=\"frm_form_fields \">\n<fieldset>\n<legend class=\"frm_screen_reader\">Kontaktiere uns<\/legend>\r\n\r\n<div class=\"frm_fields_container\">\n<input type=\"hidden\" name=\"frm_action\" value=\"create\" \/>\n<input type=\"hidden\" name=\"form_id\" value=\"1\" \/>\n<input type=\"hidden\" name=\"frm_hide_fields_1\" id=\"frm_hide_fields_1\" value=\"\" \/>\n<input type=\"hidden\" name=\"form_key\" value=\"contact-form\" \/>\n<input type=\"hidden\" name=\"item_meta[0]\" value=\"\" \/>\n<input type=\"hidden\" id=\"frm_submit_entry_1\" name=\"frm_submit_entry_1\" value=\"aaffd4e479\" \/><input type=\"hidden\" name=\"_wp_http_referer\" value=\"\/de\/wp-json\/wp\/v2\/product\/7134\" \/><div id=\"frm_field_1_container\" class=\"frm_form_field form-field  frm_required_field frm_top_container frm_first frm_half\">\r\n    <label for=\"field_qh4icy\" id=\"field_qh4icy_label\" class=\"frm_primary_label\">Name\r\n        <span class=\"frm_required\" aria-hidden=\"true\">*<\/span>\r\n    <\/label>\r\n    <input  type=\"text\" id=\"field_qh4icy\" name=\"item_meta[1]\" value=\"\"  placeholder=\"Dein Name\" data-reqmsg=\"Dieses Feld darf nicht leer sein.\" aria-required=\"true\" data-invmsg=\"Das Feld Name ist ung\u00fcltig.\" aria-invalid=\"false\"   \/>\r\n    \r\n    \r\n<\/div>\n<div id=\"frm_field_2_container\" class=\"frm_form_field form-field  frm_top_container frm_half\">\r\n    <label for=\"field_ocfup1\" id=\"field_ocfup1_label\" class=\"frm_primary_label\">Telefon\r\n        <span class=\"frm_required\" aria-hidden=\"true\"><\/span>\r\n    <\/label>\r\n    <input  type=\"text\" id=\"field_ocfup1\" name=\"item_meta[2]\" value=\"\"  placeholder=\"999-999-9999\" data-invmsg=\"Die letzte Angabe ist ung\u00fcltig.\" aria-invalid=\"false\"   \/>\r\n    \r\n    \r\n<\/div>\n<div id=\"frm_field_3_container\" class=\"frm_form_field form-field  frm_required_field frm_top_container frm_full\">\r\n    <label for=\"field_29yf4d\" id=\"field_29yf4d_label\" class=\"frm_primary_label\">E-Mail\r\n        <span class=\"frm_required\" aria-hidden=\"true\">*<\/span>\r\n    <\/label>\r\n    <input type=\"email\" id=\"field_29yf4d\" name=\"item_meta[3]\" value=\"\"  placeholder=\"deine@email.de\" data-reqmsg=\"Dieses Feld darf nicht leer sein.\" aria-required=\"true\" data-invmsg=\"Bitte gebe eine g\u00fcltige E-Mail-Adresse ein.\" aria-invalid=\"false\"  \/>\r\n    \r\n    \r\n<\/div>\n<div id=\"frm_field_24_container\" class=\"frm_form_field form-field  frm_top_container frm_full\">\r\n    <label for=\"field_hgw4t\" id=\"field_hgw4t_label\" class=\"frm_primary_label\">How did you hear about us?\r\n        <span class=\"frm_required\" aria-hidden=\"true\"><\/span>\r\n    <\/label>\r\n    \t\t<select name=\"item_meta[24]\" id=\"field_hgw4t\"  data-invmsg=\"How did you hear about us? ist ung\u00fcltig\" aria-invalid=\"false\"  >\n\t\t<option  value=\"\" selected='selected'> <\/option><option  value=\"Colleagues, friends, etc.\">Kollegen, Freunde etc.<\/option><option  value=\"Search engines, like Google etc.\">Search engines, like Google etc.<\/option><option  value=\"Trade shows, events with AED\">Trade shows, events with AED<\/option><option  value=\"Social Media, like LinkedIn etc.\">Social Media, like LinkedIn etc.<\/option><option  value=\"Other\">Sonstiges<\/option>\t<\/select>\n\t\r\n    \r\n    \r\n<\/div>\n<div id=\"frm_field_25_container\" class=\"frm_form_field form-field  frm_top_container frm_full\">\r\n    <label for=\"field_a3oqp\" id=\"field_a3oqp_label\" class=\"frm_primary_label\">\r\n        <span class=\"frm_required\" aria-hidden=\"true\"><\/span>\r\n    <\/label>\r\n    <input  type=\"text\" id=\"field_a3oqp\" name=\"item_meta[25]\" value=\"\"  placeholder=\"Erz\u00e4hlen Sie uns mehr\" data-invmsg=\"Text is invalid\" aria-invalid=\"false\"   \/>\r\n    \r\n    \r\n<\/div>\n<div id=\"frm_field_5_container\" class=\"frm_form_field form-field  frm_required_field frm_top_container frm_full\">\r\n    <label for=\"field_9jv0r1\" id=\"field_9jv0r1_label\" class=\"frm_primary_label\">Nachricht\r\n        <span class=\"frm_required\" aria-hidden=\"true\">*<\/span>\r\n    <\/label>\r\n    <textarea name=\"item_meta[5]\" id=\"field_9jv0r1\" rows=\"5\"  placeholder=\"Deine Nachricht\" data-reqmsg=\"Dieses Feld darf nicht leer sein.\" aria-required=\"true\" data-invmsg=\"Message is invalid\" aria-invalid=\"false\"  ><\/textarea>\r\n    \r\n    \r\n<\/div>\n<div id=\"frm_field_6_container\" class=\"frm_form_field form-field  frm_required_field frm_top_container vertical_radio\">\r\n    <div  id=\"field_vyz87_label\" class=\"frm_primary_label\">\r\n        <span class=\"frm_required\" aria-hidden=\"true\"><\/span>\r\n    <\/div>\r\n    <div class=\"frm_opt_container\" aria-labelledby=\"field_vyz87_label\" role=\"group\">\t\t<div class=\"frm_checkbox\" id=\"frm_checkbox_6-0\">\t\t\t<label  for=\"field_vyz87-0\">\n\t\t\t<input type=\"checkbox\" name=\"item_meta[6][]\" id=\"field_vyz87-0\" value=\"I have read and accept the data protection\"  data-reqmsg=\"This field cannot be blank.\" data-invmsg=\"Dieses Feld ist ung\u00fcltig\"   aria-required=\"true\"  \/> Ich habe die Datenschutzerkl\u00e4rung gelesen und erkl\u00e4re mich damit einverstanden.<\/label><\/div>\n<\/div>\r\n    \r\n    \r\n<\/div>\n<div id=\"frm_field_37_container\" class=\"frm_form_field form-field \">\n\t<div class=\"frm_submit\">\r\n\r\n<button class=\"frm_button_submit frm_final_submit\" type=\"submit\"   formnovalidate=\"formnovalidate\">Send<\/button>\r\n\r\n\r\n<\/div>\n<\/div>\n\t<input type=\"hidden\" name=\"item_key\" value=\"\" \/>\n\t\t\t<div id=\"frm_field_50_container\">\n\t\t\t<label for=\"field_jgksw\" >\n\t\t\t\tFalls Du menschlich bist, lasse dieses Feld leer.\t\t\t<\/label>\n\t\t\t<input  id=\"field_jgksw\" type=\"text\" class=\"frm_form_field form-field frm_verify\" name=\"item_meta[50]\" value=\"\"  \/>\n\t\t<\/div>\n\t\t<input name=\"frm_state\" type=\"hidden\" value=\"KDZALcuSi2U4R9sa1SAmbP1PvMMN8pL5veDC7tALIG4tgEpvcTO9+VEVAYOnPoK5\" \/><\/div>\n<\/fieldset>\n<\/div>\n\n<\/form>\n<\/div>\n                <\/div>\n            <\/div>\n        <\/div>\n                <div class=\"contact__text\">\n            <h3>Kontakt<\/h3>\n<h2>Du hast Fragen?<br \/>\nDann schreibe uns einfach<\/h2>\n<p class=\"has-large-font-size\">F\u00fcr weitere Informationen zu unseren Automotive-Produkten und -Services kontaktiere uns und wir werden uns so schnell wie m\u00f6glich mit dir in Verbindung setzen.<\/p>\n        <\/div>\n    <\/div>\n<\/div><\/div>\n\n\n<p id=\"ZNRSW\">\n\n\n<div id=\"overlapping-section-dividerblock_f10077c6b2c6784715e980bf7267ca37\" class=\"block__overlapping-section-divider -detect-in-viewport\">\n  <div >\n\n    <div class=\"overlapping-section-divider__image --setDimension\">\n      <img decoding=\"async\" width=\"2560\" height=\"1067\" src=\"https:\/\/www.aed-vantage.com\/wp-content\/uploads\/2024\/03\/AdobeStock_294839451-2560x1067.jpeg\" class=\"attachment-fullscreen_16_9 size-fullscreen_16_9\" alt=\"\" srcset=\"https:\/\/www.aed-vantage.com\/wp-content\/uploads\/2024\/03\/AdobeStock_294839451-2560x1067.jpeg 2560w, https:\/\/www.aed-vantage.com\/wp-content\/uploads\/2024\/03\/AdobeStock_294839451-300x125.jpeg 300w, https:\/\/www.aed-vantage.com\/wp-content\/uploads\/2024\/03\/AdobeStock_294839451-1024x427.jpeg 1024w, https:\/\/www.aed-vantage.com\/wp-content\/uploads\/2024\/03\/AdobeStock_294839451-768x320.jpeg 768w, https:\/\/www.aed-vantage.com\/wp-content\/uploads\/2024\/03\/AdobeStock_294839451-1536x640.jpeg 1536w, https:\/\/www.aed-vantage.com\/wp-content\/uploads\/2024\/03\/AdobeStock_294839451-2048x853.jpeg 2048w, https:\/\/www.aed-vantage.com\/wp-content\/uploads\/2024\/03\/AdobeStock_294839451-500x208.jpeg 500w, https:\/\/www.aed-vantage.com\/wp-content\/uploads\/2024\/03\/AdobeStock_294839451-840x350.jpeg 840w, https:\/\/www.aed-vantage.com\/wp-content\/uploads\/2024\/03\/AdobeStock_294839451-1308x545.jpeg 1308w, https:\/\/www.aed-vantage.com\/wp-content\/uploads\/2024\/03\/AdobeStock_294839451-654x273.jpeg 654w\" sizes=\"(max-width: 2560px) 100vw, 2560px\" \/>    <\/div>\n\n    <div class=\"overlapping-section-divider__title-wrapper\">\n      <div class=\"overlapping-section-divider__title\">\n        <h2>\n          ZoanR Switch &#8211; Automotive Networking mit bis zu 16 Ports        <\/h2>\n      <\/div>\n    <\/div>\n  <\/div>\n<\/div>\n\n\n<p>Der ZoanR Switch ist ein Automotive Ethernet Switch mit AVB\/TSN-F\u00e4higkeiten, VLAN-Unterst\u00fctzung, QinQ Double Tagging, MACsec und TC10 Sleep\/Wakeup-Funktionalit\u00e4t. Mit bis zu 16 Automotive Ethernet Ports ist das Ger\u00e4t f\u00fcr die zonale Architektur zuk\u00fcnftiger Fahrzeugarchitekturen ger\u00fcstet.<\/p>\n\n\n\n<div class=\"wp-block-group is-layout-constrained wp-block-group-is-layout-constrained\"><div class=\"wp-bootstrap-blocks-row row\">\n\t\n\n<div class=\"col-12 col-md-6\">\n\t\t\t\n\n<figure class=\"wp-block-image size-full\"><img decoding=\"async\" width=\"886\" height=\"637\" src=\"https:\/\/www.aed-vantage.com\/wp-content\/uploads\/2025\/03\/ZoanR-Switch-Frontpanel-with-Text-v2.png\" alt=\"\" class=\"wp-image-8477\" srcset=\"https:\/\/www.aed-vantage.com\/wp-content\/uploads\/2025\/03\/ZoanR-Switch-Frontpanel-with-Text-v2.png 886w, https:\/\/www.aed-vantage.com\/wp-content\/uploads\/2025\/03\/ZoanR-Switch-Frontpanel-with-Text-v2-300x216.png 300w, https:\/\/www.aed-vantage.com\/wp-content\/uploads\/2025\/03\/ZoanR-Switch-Frontpanel-with-Text-v2-768x552.png 768w, https:\/\/www.aed-vantage.com\/wp-content\/uploads\/2025\/03\/ZoanR-Switch-Frontpanel-with-Text-v2-428x308.png 428w, https:\/\/www.aed-vantage.com\/wp-content\/uploads\/2025\/03\/ZoanR-Switch-Frontpanel-with-Text-v2-835x600.png 835w, https:\/\/www.aed-vantage.com\/wp-content\/uploads\/2025\/03\/ZoanR-Switch-Frontpanel-with-Text-v2-512x368.png 512w\" sizes=\"(max-width: 886px) 100vw, 886px\" \/><\/figure>\n\n\t<\/div>\n\n\n\n<div class=\"col-12 col-md-6\">\n\t\t\t\n\n<p>Der ZoanR Switch besticht durch eine breite Palette an Anschl\u00fcssen, Statussignalen und Standards:<\/p>\n\n\n\n<ul class=\"wp-block-list\">\n<li>Bis zu 16 Automotive Ethernet Ports<\/li>\n\n\n\n<li>1x WAKE Input<\/li>\n\n\n\n<li>2x GPIO<\/li>\n\n\n\n<li>1x CAN-FD Input<\/li>\n\n\n\n<li>1PPS Sync IN\/OUT<\/li>\n\n\n\n<li>Status LEDs f\u00fcr jeden einzelnen Port<\/li>\n\n\n\n<li>AVB \/ TSN Time Sensitive Network (IEEE 802.1AS, IEEE 802.1BA)<\/li>\n\n\n\n<li>VLAN Support (IEEE802.1Q) [QinQ\u2013Double Tagging Unterst\u00fctzung]<\/li>\n\n\n\n<li>MACsec (IEEE 802.1AE) Unterst\u00fctzung<\/li>\n\n\n\n<li>OPEN Alliance TC10 Sleep\/Wake Unterst\u00fctzung<\/li>\n\n\n\n<li>Web Server Konfiguration<\/li>\n<\/ul>\n\n\t<\/div>\n\n<\/div>\n\n\n<div class=\"wp-bootstrap-blocks-row row\">\n\t\n\n<div class=\"col-12 col-md-6\">\n\t\t\t\n\n<figure class=\"wp-block-image size-full\"><img decoding=\"async\" width=\"2560\" height=\"1226\" src=\"https:\/\/www.aed-vantage.com\/wp-content\/uploads\/2025\/03\/ZoanR-Switch-Backpanel-with-Text-v2-scaled.png\" alt=\"\" class=\"wp-image-8474\" srcset=\"https:\/\/www.aed-vantage.com\/wp-content\/uploads\/2025\/03\/ZoanR-Switch-Backpanel-with-Text-v2-scaled.png 2560w, https:\/\/www.aed-vantage.com\/wp-content\/uploads\/2025\/03\/ZoanR-Switch-Backpanel-with-Text-v2-300x144.png 300w, https:\/\/www.aed-vantage.com\/wp-content\/uploads\/2025\/03\/ZoanR-Switch-Backpanel-with-Text-v2-1024x491.png 1024w, https:\/\/www.aed-vantage.com\/wp-content\/uploads\/2025\/03\/ZoanR-Switch-Backpanel-with-Text-v2-768x368.png 768w, https:\/\/www.aed-vantage.com\/wp-content\/uploads\/2025\/03\/ZoanR-Switch-Backpanel-with-Text-v2-1536x736.png 1536w, https:\/\/www.aed-vantage.com\/wp-content\/uploads\/2025\/03\/ZoanR-Switch-Backpanel-with-Text-v2-2048x981.png 2048w, https:\/\/www.aed-vantage.com\/wp-content\/uploads\/2025\/03\/ZoanR-Switch-Backpanel-with-Text-v2-500x240.png 500w, https:\/\/www.aed-vantage.com\/wp-content\/uploads\/2025\/03\/ZoanR-Switch-Backpanel-with-Text-v2-840x402.png 840w, https:\/\/www.aed-vantage.com\/wp-content\/uploads\/2025\/03\/ZoanR-Switch-Backpanel-with-Text-v2-1308x627.png 1308w, https:\/\/www.aed-vantage.com\/wp-content\/uploads\/2025\/03\/ZoanR-Switch-Backpanel-with-Text-v2-654x313.png 654w\" sizes=\"(max-width: 2560px) 100vw, 2560px\" \/><\/figure>\n\n\t<\/div>\n\n\n\n<div class=\"col-12 col-md-6\">\n\t\t\t\n\n<p>Das Ger\u00e4t verf\u00fcgt standardm\u00e4\u00dfig \u00fcber eine gro\u00dfe Anzahl von Automotive-Ethernet-Anschl\u00fcssen. Sie k\u00f6nnen das Ger\u00e4t ganz nach Ihren Bed\u00fcrfnissen konfigurieren. Alle optionalen Anschl\u00fcsse, die physisch immer vorhanden sind, k\u00f6nnen \u00fcber die Web-Benutzeroberfl\u00e4che ganz nach Ihren W\u00fcnschen konfiguriert werden (siehe Tabelle unten).<\/p>\n\n\n\n<p><\/p>\n\n\n\n<p>Versorgung: 5 &#8230; 32 V<\/p>\n\n\n\n<p>Betriebstemperatur -40 \u2026 +85 \u00b0C<\/p>\n\n\n\n<p>Abmessungen: 2<em>11<\/em> x 129 x 35 mm<\/p>\n\n\t<\/div>\n\n<\/div>\n\n\n\n<div id=\"spacerblock_dbaa133ad2d7016aadd94322b1257f04\" class=\"block__spacer -detect-in-viewport block__spacer--medium\"><\/div>\n\n\n<h3 class=\"wp-block-heading has-text-align-center\">\u00dcbersicht \u00fcber alle Standard-Ports und optionalen Ports, die \u00fcber die Web-Benutzeroberfl\u00e4che konfiguriert werden k\u00f6nnen:<\/h3>\n\n\n\n<div id=\"spacerblock_659bb32da8524b6f9ae68aaaf7e409b8\" class=\"block__spacer -detect-in-viewport block__spacer--small\"><\/div>\n\n\n<figure class=\"wp-block-image size-large\"><img decoding=\"async\" width=\"1024\" height=\"146\" src=\"https:\/\/www.aed-vantage.com\/wp-content\/uploads\/2025\/03\/ZoanR-Switch-Port-Matrix-1024x146.png\" alt=\"\" class=\"wp-image-8456\" srcset=\"https:\/\/www.aed-vantage.com\/wp-content\/uploads\/2025\/03\/ZoanR-Switch-Port-Matrix-1024x146.png 1024w, https:\/\/www.aed-vantage.com\/wp-content\/uploads\/2025\/03\/ZoanR-Switch-Port-Matrix-300x43.png 300w, https:\/\/www.aed-vantage.com\/wp-content\/uploads\/2025\/03\/ZoanR-Switch-Port-Matrix-768x109.png 768w, https:\/\/www.aed-vantage.com\/wp-content\/uploads\/2025\/03\/ZoanR-Switch-Port-Matrix-500x71.png 500w, https:\/\/www.aed-vantage.com\/wp-content\/uploads\/2025\/03\/ZoanR-Switch-Port-Matrix-840x120.png 840w, https:\/\/www.aed-vantage.com\/wp-content\/uploads\/2025\/03\/ZoanR-Switch-Port-Matrix-654x93.png 654w, https:\/\/www.aed-vantage.com\/wp-content\/uploads\/2025\/03\/ZoanR-Switch-Port-Matrix.png 1053w\" sizes=\"(max-width: 1024px) 100vw, 1024px\" \/><\/figure>\n<\/div>\n\n\n<p id=\"APPSW\">\n\n\n<div id=\"overlapping-section-dividerblock_04fd6dd16562dee110677807a21d0106\" class=\"block__overlapping-section-divider -detect-in-viewport\">\n  <div >\n\n    <div class=\"overlapping-section-divider__image --setDimension\">\n          <\/div>\n\n    <div class=\"overlapping-section-divider__title-wrapper\">\n      <div class=\"overlapping-section-divider__title\">\n        <h2>\n          ZoanR Switch Applikation        <\/h2>\n      <\/div>\n    <\/div>\n  <\/div>\n<\/div>\n\n\n<div class=\"wp-block-group is-layout-constrained wp-block-group-is-layout-constrained\">\n<figure class=\"wp-block-image size-large\"><img decoding=\"async\" width=\"1024\" height=\"508\" src=\"https:\/\/www.aed-vantage.com\/wp-content\/uploads\/2025\/03\/ZoanR_Switch_Application-1024x508.png\" alt=\"\" class=\"wp-image-7548\" srcset=\"https:\/\/www.aed-vantage.com\/wp-content\/uploads\/2025\/03\/ZoanR_Switch_Application-1024x508.png 1024w, https:\/\/www.aed-vantage.com\/wp-content\/uploads\/2025\/03\/ZoanR_Switch_Application-300x149.png 300w, https:\/\/www.aed-vantage.com\/wp-content\/uploads\/2025\/03\/ZoanR_Switch_Application-768x381.png 768w, https:\/\/www.aed-vantage.com\/wp-content\/uploads\/2025\/03\/ZoanR_Switch_Application-500x248.png 500w, https:\/\/www.aed-vantage.com\/wp-content\/uploads\/2025\/03\/ZoanR_Switch_Application-840x417.png 840w, https:\/\/www.aed-vantage.com\/wp-content\/uploads\/2025\/03\/ZoanR_Switch_Application-654x325.png 654w, https:\/\/www.aed-vantage.com\/wp-content\/uploads\/2025\/03\/ZoanR_Switch_Application.png 1162w\" sizes=\"(max-width: 1024px) 100vw, 1024px\" \/><\/figure>\n<\/div>\n\n\n\n<div class=\"wp-block-group is-layout-constrained wp-block-group-is-layout-constrained\">\n<p>Der ZoanR Switch verf\u00fcgt \u00fcber 4 SFP+ Steckpl\u00e4tze, die mit unseren CruEthern zu Automotive Ethernet-Ports werden. Verwenden Sie den CruEther 10G SFP, um Multi-Gigabit-Automotive-Ethernet (2,5G\/5G\/10G) anzuschlie\u00dfen, oder erweitern Sie das Ger\u00e4t mit zus\u00e4tzlichen 1000Base-T1-Ports, indem Sie unseren CruEther 1G SFP verwenden.<\/p>\n\n\n<div class=\"wp-bootstrap-blocks-row row\">\n\t\n\n<div class=\"col-12 col-md-6\">\n\t\t\t\n\n\n<div id=\"teaserblock_0821473fbdeedd8a0edc2b27c3c6911a\" class=\"block__teaser -detect-in-viewport\">\n    <div class=\"block__teaser__orientation--vertical\">\n        <div class=\"block__teaser__wrapper\">\n                                        \n                <a class=\"block__teaser__img__wrapper\" href=\"https:\/\/www.aed-vantage.com\/es\/product\/cruether\/\" title=\"IMG_3482\">\n                    <img decoding=\"async\" width=\"738\" height=\"416\" src=\"https:\/\/www.aed-vantage.com\/wp-content\/uploads\/2024\/03\/IMG_3482-738x416.jpg\" class=\"attachment-teaser_16_9 size-teaser_16_9\" alt=\"\" srcset=\"https:\/\/www.aed-vantage.com\/wp-content\/uploads\/2024\/03\/IMG_3482-738x416.jpg 738w, https:\/\/www.aed-vantage.com\/wp-content\/uploads\/2024\/03\/IMG_3482-654x368.jpg 654w\" sizes=\"(max-width: 738px) 100vw, 738px\" \/>                <\/a>\n\n                        <div class=\"block__teaser__content inner-blocks\">\n\n                                    \n\n<p class=\"has-text-align-center\">CruEther 10G SFP, Multigigabit Automotive Ethernet Converter<\/p>\n\n                \n                                    <div class=\"button__color--white\">\n                        <a href=\"https:\/\/www.aed-vantage.com\/es\/product\/cruether\/\" target=\"\" class=\"btn\">\n                            CruEther [\u02c8k\u0279uz\u0259\u02de ]                        <\/a>\n                    <\/div>\n                            <\/div>\n        <\/div>\n    <\/div>\n<\/div>\n\t<\/div>\n\n\n\n<div class=\"col-12 col-md-6\">\n\t\t\t\n\n\n<div id=\"teaserblock_65dfec4a91b89876a804581cb455f7ad\" class=\"block__teaser -detect-in-viewport\">\n    <div class=\"block__teaser__orientation--vertical\">\n        <div class=\"block__teaser__wrapper\">\n                                        \n                <a class=\"block__teaser__img__wrapper\" href=\"https:\/\/www.aed-vantage.com\/es\/product\/cruether\/\" title=\"CruEther_1G_SFP_backgr\">\n                    <img decoding=\"async\" width=\"738\" height=\"416\" src=\"https:\/\/www.aed-vantage.com\/wp-content\/uploads\/2024\/03\/CruEther_1G_SFP_backgr-738x416.jpg\" class=\"attachment-teaser_16_9 size-teaser_16_9\" alt=\"\" srcset=\"https:\/\/www.aed-vantage.com\/wp-content\/uploads\/2024\/03\/CruEther_1G_SFP_backgr-738x416.jpg 738w, https:\/\/www.aed-vantage.com\/wp-content\/uploads\/2024\/03\/CruEther_1G_SFP_backgr-654x368.jpg 654w\" sizes=\"(max-width: 738px) 100vw, 738px\" \/>                <\/a>\n\n                        <div class=\"block__teaser__content inner-blocks\">\n\n                                    \n\n<p class=\"has-text-align-center\">CruEther 1G SFP, Automotive Ethernet Converter<\/p>\n\n                \n                                    <div class=\"button__color--white\">\n                        <a href=\"https:\/\/www.aed-vantage.com\/es\/product\/cruether\/\" target=\"\" class=\"btn\">\n                            CruEther [\u02c8k\u0279uz\u0259\u02de ]                        <\/a>\n                    <\/div>\n                            <\/div>\n        <\/div>\n    <\/div>\n<\/div>\n\t<\/div>\n\n<\/div>\n<\/div>\n","protected":false},"excerpt":{"rendered":"<p>Der ZoanR Switch ist ein Automotive Ethernet Switch mit AVB\/TSN-F\u00e4higkeiten, VLAN-Unterst\u00fctzung, QinQ Double Tagging, MACsec und TC10 Sleep\/Wakeup-Funktionalit\u00e4t. Mit bis zu 16 Automotive Ethernet Ports ist das Ger\u00e4t f\u00fcr die zonale Architektur zuk\u00fcnftiger Fahrzeugarchitekturen ger\u00fcstet. \u00dcbersicht \u00fcber alle Standard-Ports und optionalen Ports, die \u00fcber die Web-Benutzeroberfl\u00e4che konfiguriert werden k\u00f6nnen: Der ZoanR Switch verf\u00fcgt \u00fcber 4 [&hellip;]<\/p>\n","protected":false},"featured_media":0,"template":"","class_list":["post-7134","product","type-product","status-publish","hentry"],"aioseo_notices":[],"acf":[],"_links":{"self":[{"href":"https:\/\/www.aed-vantage.com\/de\/wp-json\/wp\/v2\/product\/7134","targetHints":{"allow":["GET"]}}],"collection":[{"href":"https:\/\/www.aed-vantage.com\/de\/wp-json\/wp\/v2\/product"}],"about":[{"href":"https:\/\/www.aed-vantage.com\/de\/wp-json\/wp\/v2\/types\/product"}],"version-history":[{"count":10,"href":"https:\/\/www.aed-vantage.com\/de\/wp-json\/wp\/v2\/product\/7134\/revisions"}],"predecessor-version":[{"id":8481,"href":"https:\/\/www.aed-vantage.com\/de\/wp-json\/wp\/v2\/product\/7134\/revisions\/8481"}],"wp:attachment":[{"href":"https:\/\/www.aed-vantage.com\/de\/wp-json\/wp\/v2\/media?parent=7134"}],"curies":[{"name":"wp","href":"https:\/\/api.w.org\/{rel}","templated":true}]}}