{"id":1637,"date":"2023-04-13T17:21:23","date_gmt":"2023-04-13T15:21:23","guid":{"rendered":"https:\/\/www.aed-vantage.com\/career\/"},"modified":"2025-04-04T08:09:05","modified_gmt":"2025-04-04T06:09:05","slug":"career","status":"publish","type":"page","link":"https:\/\/www.aed-vantage.com\/es\/career\/","title":{"rendered":"Carrera"},"content":{"rendered":"\n<div id=\"keyvisualblock_bdec9e81af3dc67858029b33194dd0db\" class=\"block__keyvisual -detect-in-viewport alignfull\" data-controller=\"keyvisual\">\n\n    <div class=\"keyvisual__background \">\n                                    <img decoding=\"async\" width=\"2400\" height=\"1600\" src=\"https:\/\/www.aed-vantage.com\/wp-content\/uploads\/2023\/04\/careerWMW_5530-2400x1600.jpg\" class=\"attachment-fullscreen_16_9 size-fullscreen_16_9\" alt=\"3 colleagues having a coffee break together\" srcset=\"https:\/\/www.aed-vantage.com\/wp-content\/uploads\/2023\/04\/careerWMW_5530-2400x1600.jpg 2400w, https:\/\/www.aed-vantage.com\/wp-content\/uploads\/2023\/04\/careerWMW_5530-300x200.jpg 300w, https:\/\/www.aed-vantage.com\/wp-content\/uploads\/2023\/04\/careerWMW_5530-1024x683.jpg 1024w, https:\/\/www.aed-vantage.com\/wp-content\/uploads\/2023\/04\/careerWMW_5530-768x512.jpg 768w, https:\/\/www.aed-vantage.com\/wp-content\/uploads\/2023\/04\/careerWMW_5530-1536x1024.jpg 1536w, https:\/\/www.aed-vantage.com\/wp-content\/uploads\/2023\/04\/careerWMW_5530-2048x1366.jpg 2048w, https:\/\/www.aed-vantage.com\/wp-content\/uploads\/2023\/04\/careerWMW_5530-462x308.jpg 462w, https:\/\/www.aed-vantage.com\/wp-content\/uploads\/2023\/04\/careerWMW_5530-840x560.jpg 840w, https:\/\/www.aed-vantage.com\/wp-content\/uploads\/2023\/04\/careerWMW_5530-1104x736.jpg 1104w, https:\/\/www.aed-vantage.com\/wp-content\/uploads\/2023\/04\/careerWMW_5530-552x368.jpg 552w\" sizes=\"(max-width: 2400px) 100vw, 2400px\" \/>                        <\/div>\n\n            <div class=\"keyvisual__overlay\"><\/div>\n    \n    <div class=\"keyvisual__wrapper\">\n        <div class=\"keyvisual__content__wrapper container\">\n            <div class=\"keyvisual__content inner-blocks\">\n                                    \n\n<h1 class=\"wp-block-heading\">Carrera<\/h1>\n\n                            <\/div>\n        <\/div>\n    <\/div>\n    \n<\/div>\n\n\n\n\n<div class=\"wp-block-group has-platinum-grey-background-color has-background is-layout-constrained wp-block-group-is-layout-constrained\">\n<h2 class=\"wp-block-heading has-text-align-center\">Job Offers<\/h2>\n\n\n\n<p class=\"has-text-align-center\">Click here for our vacancies: Apply directly via our recruiting platform Personio.\u00a0We look forward to meeting you\u00a0and\u00a0getting to know your ideas!<\/p>\n\n\n<div class=\"wp-bootstrap-blocks-row row\">\n\t\n\n<div class=\"col-12 col-md-4\">\n\t\t\t\t<\/div>\n\n\n\n<div class=\"col-12 col-md-4\">\n\t\t\t\n\n<div id=\"buttonblock_b12984e031f2ae557405143217d1da2b\" class=\"block__button -detect-in-viewport button__size--full\">\n  <div class=\"button__color--blue animate__animated animate__fadeIn animate__delay-default\">\n          <a href=\"https:\/\/aed-vantage.jobs.personio.com\/\" target=\"_blank\" class=\"btn\">\n        <span class=\"button__link__label\">Job Offers<\/span>\n      <\/a>\n      <\/div>\n<\/div>\n\t<\/div>\n\n\n\n<div class=\"col-12 col-md-4\">\n\t\t\t\t<\/div>\n\n<\/div>\n\n\n\n<div class=\"wp-block-group is-layout-constrained wp-block-group-is-layout-constrained\">\n<div id=\"expandableblock_fd2aea6e9425a8ad04bc2330ab7bebbb\" class=\" block__expandable -detect-in-viewport expandable-orientation--horizontal\" data-controller=\"expandable\" data-expandable-target=\"block\" data-action=\"resize@window-&gt;expandable#resize\" data-expandable-active-class=\"-active\">\n\n  <div class=\"expandable__wrapper\">\n\n    <div class=\"expandable__header\">\n              <h3 class=\"expandable__title\">Or send us an unsolicited application<\/h3>\n      \n              <p class=\"expandable__text\">You can contact AED Vantage with an unsolicited application even without a specific job advertisement. We look forward to receiving your application!<\/p>\n      \n      <a href=\"#\" class=\"expandable__icon-wrapper\" data-action=\"expandable#onToggleClick\">\n        <div href=\"#\" class=\"expandable__icon-icon\"><\/div>\n      <\/a>\n    <\/div>\n    <div class=\"expandable__content-wrapper\">\n      <div class=\"expandable__content expandable__content--horizontal inner-blocks\" data-expandable-target=\"content\">\n                  <div class=\"expandable__content-spacer\"><\/div>\n                \n<div class=\"frm_forms  with_frm_style frm_style_formidable-style\" id=\"frm_form_4_container\" data-token=\"a76da70ca244aae7f4794dd2ec1d595d\">\n<form enctype=\"multipart\/form-data\" method=\"post\" class=\"frm-show-form  frm_pro_form \" id=\"form_work-with-us\" data-token=\"a76da70ca244aae7f4794dd2ec1d595d\">\n<div class=\"frm_form_fields \">\n<fieldset>\n<legend class=\"frm_screen_reader\">Work with us<\/legend>\r\n\r\n<div class=\"frm_fields_container\">\n<input type=\"hidden\" name=\"frm_action\" value=\"create\" \/>\n<input type=\"hidden\" name=\"form_id\" value=\"4\" \/>\n<input type=\"hidden\" name=\"frm_hide_fields_4\" id=\"frm_hide_fields_4\" value=\"\" \/>\n<input type=\"hidden\" name=\"form_key\" value=\"work-with-us\" \/>\n<input type=\"hidden\" name=\"item_meta[0]\" value=\"\" \/>\n<input type=\"hidden\" id=\"frm_submit_entry_4\" name=\"frm_submit_entry_4\" value=\"aaffd4e479\" \/><input type=\"hidden\" name=\"_wp_http_referer\" value=\"\/es\/wp-json\/wp\/v2\/pages\/1637\" \/><div id=\"frm_field_42_container\" class=\"frm_form_field form-field  frm_required_field frm_top_container frm_first frm_half\">\r\n\t<label for=\"field_qh4icy2\" id=\"field_qh4icy2_label\" class=\"frm_primary_label\">Name\r\n\t\t<span class=\"frm_required\" aria-hidden=\"true\">*<\/span>\r\n\t<\/label>\r\n\t<input  type=\"text\" id=\"field_qh4icy2\" name=\"item_meta[42]\" value=\"\"  data-reqmsg=\"Dieses Feld darf nicht leer sein.\" aria-required=\"true\" data-invmsg=\"Name is invalid\" aria-invalid=\"false\"   aria-describedby=\"frm_desc_field_qh4icy2\" \/>\r\n\t<div class=\"frm_description\" id=\"frm_desc_field_qh4icy2\">First<\/div>\r\n\t\r\n<\/div>\n<div id=\"frm_field_43_container\" class=\"frm_form_field form-field  frm_required_field frm_hidden_container frm_half\">\r\n\t<label for=\"field_ocfup12\" id=\"field_ocfup12_label\" class=\"frm_primary_label\">Last\r\n\t\t<span class=\"frm_required\" aria-hidden=\"true\">*<\/span>\r\n\t<\/label>\r\n\t<input  type=\"text\" id=\"field_ocfup12\" name=\"item_meta[43]\" value=\"\"  data-reqmsg=\"Dieses Feld darf nicht leer sein.\" aria-required=\"true\" data-invmsg=\"Last is invalid\" aria-invalid=\"false\"   aria-describedby=\"frm_desc_field_ocfup12\" \/>\r\n\t<div class=\"frm_description\" id=\"frm_desc_field_ocfup12\">Last<\/div>\r\n\t\r\n<\/div>\n<div id=\"frm_field_44_container\" class=\"frm_form_field form-field  frm_required_field frm_top_container frm_full\">\r\n\t<label for=\"field_29yf4d2\" id=\"field_29yf4d2_label\" class=\"frm_primary_label\">Email\r\n\t\t<span class=\"frm_required\" aria-hidden=\"true\">*<\/span>\r\n\t<\/label>\r\n\t<input type=\"email\" id=\"field_29yf4d2\" name=\"item_meta[44]\" value=\"\"  data-reqmsg=\"Dieses Feld darf nicht leer sein.\" aria-required=\"true\" data-invmsg=\"Please enter a valid email address\" aria-invalid=\"false\"  \/>\r\n\t\r\n\t\r\n<\/div>\n<div id=\"frm_field_48_container\" class=\"frm_form_field form-field  frm_top_container\">\r\n\t<label for=\"field_xyi2x\" id=\"field_xyi2x_label\" class=\"frm_primary_label\">Phone (optional)\r\n\t\t<span class=\"frm_required\" aria-hidden=\"true\"><\/span>\r\n\t<\/label>\r\n\t<input type=\"tel\" id=\"field_xyi2x\" name=\"item_meta[48]\" value=\"\"  data-invmsg=\"Phone (optional) is invalid\" aria-invalid=\"false\" pattern=\"((\\+\\d{1,3}(-|.| )?\\(?\\d\\)?(-| |.)?\\d{1,5})|(\\(?\\d{2,6}\\)?))(-|.| )?(\\d{3,4})(-|.| )?(\\d{4})(( x| ext)\\d{1,5}){0,1}$\"  \/>\r\n\t\r\n\t\r\n<\/div>\n<div id=\"frm_field_45_container\" class=\"frm_form_field form-field  frm_required_field frm_top_container frm_full\">\r\n\t<label for=\"field_e6lis62\" id=\"field_e6lis62_label\" class=\"frm_primary_label\">Subject\r\n\t\t<span class=\"frm_required\" aria-hidden=\"true\">*<\/span>\r\n\t<\/label>\r\n\t<input  type=\"text\" id=\"field_e6lis62\" name=\"item_meta[45]\" value=\"\"  data-reqmsg=\"Dieses Feld darf nicht leer sein.\" aria-required=\"true\" data-invmsg=\"Subject is invalid\" aria-invalid=\"false\"   \/>\r\n\t\r\n\t\r\n<\/div>\n<div id=\"frm_field_46_container\" class=\"frm_form_field form-field  frm_required_field frm_top_container frm_full\">\r\n\t<label for=\"field_9jv0r12\" id=\"field_9jv0r12_label\" class=\"frm_primary_label\">Message\r\n\t\t<span class=\"frm_required\" aria-hidden=\"true\">*<\/span>\r\n\t<\/label>\r\n\t<textarea name=\"item_meta[46]\" id=\"field_9jv0r12\" rows=\"5\"  data-reqmsg=\"Dieses Feld darf nicht leer sein.\" aria-required=\"true\" data-invmsg=\"Message is invalid\" aria-invalid=\"false\"  ><\/textarea>\r\n\t\r\n\t\r\n<\/div>\n<div id=\"frm_field_49_container\" class=\"frm_form_field form-field  frm_top_container\">\r\n\t<label for=\"field_vhgni\" id=\"field_vhgni_label\" class=\"frm_primary_label\">File Upload (optional)\r\n\t\t<span class=\"frm_required\" aria-hidden=\"true\"><\/span>\r\n\t<\/label>\r\n\t<input type=\"hidden\"  data-invmsg=\"File Upload (optional) is invalid\" class=\"auto_width\" aria-invalid=\"false\"   name=\"item_meta[49]\"  value=\"\" data-frmfile=\"49\" \/>\n\n<div class=\"frm_dropzone frm_single_upload frm_clearfix\" id=\"file49_dropzone\" role=\"group\" >\n\t<div class=\"fallback\">\n\t\t<input type=\"file\" name=\"file49\" id=\"field_vhgni\"\n\t\t\t data-invmsg=\"File Upload (optional) is invalid\" class=\"auto_width\" aria-invalid=\"false\"  \t\t\t\/>\n\t\t\t\t<div class=\"frm_clearfix \"><\/div>\n\t<\/div>\n\t<div class=\"dz-message needsclick\">\n\t\t\t\t<svg  viewBox=\"0 0 18 18\" class=\"frmsvg frm-svg-icon\">\n\t<path viewBox=\"0 0 18 18\" fill-rule=\"evenodd\" clip-rule=\"evenodd\" d=\"M8.2 4v8a.8.8 0 001.5 0V4l2.1 2.2A.7.7 0 1013 5L9.5 1.7a.7.7 0 00-1.1 0L5.1 5.2a.8.8 0 001 1l2.1-2zm7.6 4.3c.4 0 .7.3.7.7v6.8c0 .4-.3.7-.8.7H2.3a.8.8 0 01-.8-.8V9A.8.8 0 013 9v6h12V9c0-.4.3-.8.8-.8z\"><\/path>\n<\/svg>\t\t<span class=\"frm_upload_text\"><button type=\"button\" aria-label=\"File Upload (optional). Drop a file here or click to upload. Tama\u00f1o m\u00e1ximo del archivo: 3MB\">Drop a file here or click to upload<\/button><\/span>\n\t\t<span class=\"frm_compact_text\"><button type=\"button\" aria-label=\"File Upload (optional). Choose File. Tama\u00f1o m\u00e1ximo del archivo: 3MB\">Choose File<\/button><\/span>\n\t\t<div class=\"frm_small_text\">\n\t\t\t<p>Tama\u00f1o m\u00e1ximo del archivo: 3MB<\/p>\n\t\t<\/div>\n\t<\/div>\n<\/div>\n\t\r\n\t\r\n\t\r\n<\/div>\n<div id=\"frm_field_47_container\" class=\"frm_form_field form-field \">\r\n\t<div class=\"frm_submit\">\r\n\r\n<button class=\"frm_button_submit frm_final_submit\" type=\"submit\"   formnovalidate=\"formnovalidate\">Senden<\/button>\r\n\r\n<\/div>\r\n<\/div>\n\t<input type=\"hidden\" name=\"item_key\" value=\"\" \/>\n\t\t\t<div id=\"frm_field_50_container\">\n\t\t\t<label for=\"field_6y0xj\" >\n\t\t\t\tSi eres humano, deja este campo en blanco.\t\t\t<\/label>\n\t\t\t<input  id=\"field_6y0xj\" type=\"text\" class=\"frm_form_field form-field frm_verify\" name=\"item_meta[50]\" value=\"\"  \/>\n\t\t<\/div>\n\t\t<input name=\"frm_state\" type=\"hidden\" value=\"KDZALcuSi2U4R9sa1SAmbAV+88F3OAe9gwiFu87W7SEtgEpvcTO9+VEVAYOnPoK5\" \/><\/div>\n<\/fieldset>\n<\/div>\n\n<\/form>\n<\/div>\n\n\n      <\/div>\n    <\/div>\n  <\/div>\n\n<\/div><\/div>\n<\/div>\n\n\n\n<div class=\"wp-block-group is-layout-flow wp-block-group-is-layout-flow\">\n<h2 class=\"wp-block-heading has-text-align-center has-cerulean-blue-color has-text-color\">Haz realidad tu futuro profesional<\/h2>\n\n\n\n<h4 class=\"wp-block-heading has-cerulean-blue-color has-text-color\">\u00bfListo para marcar la diferencia? Forme parte de nuestro equipo y d\u00e9 forma junto al equipo de AED al futuro de la movilidad.<\/h4>\n\n\n\n<p>AED Vantage es un especialista en electr\u00f3nica de \u00e9xito internacional. Como socio de la industria del autom\u00f3vil, desarrollamos soluciones personalizadas y las fabricamos en nuestras propias instalaciones.<\/p>\n\n\n\n<h4 class=\"wp-block-heading has-cerulean-blue-color has-text-color\">D\u00e9jese sorprender &#8211; somos de todo menos est\u00e1ndar<\/h4>\n\n\n\n<p>AED Vantage fomenta una cultura corporativa abierta y celebra un verdadero esp\u00edritu de equipo. Todo esto con un \u00fanico objetivo: s\u00f3lo juntos podemos estar a la cabeza en todas las \u00e1reas al mismo tiempo. Por eso nos centramos en la individualidad y la diversidad. A su vez, esta filosof\u00eda enriquece nuestro concepto de ingenier\u00eda a medida y convence a las empresas de automoci\u00f3n de muchos pa\u00edses.<\/p>\n\n\n\n<h4 class=\"wp-block-heading has-cerulean-blue-color has-text-color\">Oportunidades diversas. Trabajo innovador.<\/h4>\n\n\n\n<p>En AED Vantage, estamos acostumbrados a comunicarnos e interactuar ideas entre nosotros. Sencillamente, todo el mundo se lleva bien con todo el mundo, incluso con nuestro director general. Cuestionamos los h\u00e1bitos, tomamos la iniciativa y siempre abrimos nuevos caminos. Para lograrlo, tambi\u00e9n trabajamos juntos para aprovechar el potencial de cada individuo, mejorar el rendimiento y hacer del trabajo diario algo emocionante que inspire nuevas ideas.<\/p>\n\n\n\n<figure class=\"wp-block-image aligncenter size-full is-resized\"><img decoding=\"async\" width=\"1900\" height=\"1267\" src=\"https:\/\/www.aed-vantage.com\/wp-content\/uploads\/2023\/05\/5S8A7075.jpg\" alt=\"\" class=\"wp-image-4164\" style=\"width:698px;height:auto\" srcset=\"https:\/\/www.aed-vantage.com\/wp-content\/uploads\/2023\/05\/5S8A7075.jpg 1900w, https:\/\/www.aed-vantage.com\/wp-content\/uploads\/2023\/05\/5S8A7075-300x200.jpg 300w, https:\/\/www.aed-vantage.com\/wp-content\/uploads\/2023\/05\/5S8A7075-1024x683.jpg 1024w, https:\/\/www.aed-vantage.com\/wp-content\/uploads\/2023\/05\/5S8A7075-768x512.jpg 768w, https:\/\/www.aed-vantage.com\/wp-content\/uploads\/2023\/05\/5S8A7075-1536x1024.jpg 1536w, https:\/\/www.aed-vantage.com\/wp-content\/uploads\/2023\/05\/5S8A7075-462x308.jpg 462w, https:\/\/www.aed-vantage.com\/wp-content\/uploads\/2023\/05\/5S8A7075-840x560.jpg 840w, https:\/\/www.aed-vantage.com\/wp-content\/uploads\/2023\/05\/5S8A7075-1104x736.jpg 1104w, https:\/\/www.aed-vantage.com\/wp-content\/uploads\/2023\/05\/5S8A7075-552x368.jpg 552w\" sizes=\"(max-width: 1900px) 100vw, 1900px\" \/><\/figure>\n<\/div>\n\n\n\n<div class=\"wp-block-group alignwide is-layout-constrained wp-block-group-is-layout-constrained\">\n<h2 class=\"wp-block-heading has-text-align-center has-cerulean-blue-color has-text-color\">\u00bfPor qu\u00e9 deber\u00eda trabajar en AED? <br>\u00a1Porque vale la pena!<\/h2>\n\n\n<div class=\"wp-bootstrap-blocks-row row alignfull justify-content-center\">\n\t\n\n<div class=\"col-12 col-lg-6 col-xl-3\">\n\t\t\t\n\n<div id=\"cardblock_6818e34edefe9be2d4abf0a772f9b1f0\" class=\"block__card -detect-in-viewport\">\n  <div class=\"has-background-color--white has-shadow animate__animated animate__fadeIn animate__delay-1-5s\">\n\n    \n    <div class=\"card__content-wrapper \">\n      <div class=\"card__inner-blocks inner-blocks\">\n        \n\n<h3 class=\"wp-block-heading\">01<\/h3>\n\n\n\n<h4 class=\"wp-block-heading\">Equilibrio de la vida laboral<\/h4>\n\n\n\n<p>40h\/semana o 35h\/semana<\/p>\n\n      <\/div>\n    <\/div>\n  <\/div>\n<\/div>\n\t<\/div>\n\n\n\n<div class=\"col-12 col-lg-6 col-xl-3\">\n\t\t\t\n\n<div id=\"cardblock_6818e34edefe9be2d4abf0a772f9b1f0\" class=\"block__card -detect-in-viewport\">\n  <div class=\"has-background-color--white has-shadow animate__animated animate__fadeIn animate__delay-1-5s\">\n\n    \n    <div class=\"card__content-wrapper \">\n      <div class=\"card__inner-blocks inner-blocks\">\n        \n\n<h3 class=\"wp-block-heading\">02<\/h3>\n\n\n\n<h4 class=\"wp-block-heading\">Un modelo que se adapta a ti<\/h4>\n\n\n\n<p>Trabajo m\u00f3vil y horarios flexibles<\/p>\n\n      <\/div>\n    <\/div>\n  <\/div>\n<\/div>\n\t<\/div>\n\n\n\n<div class=\"col-12 col-lg-6 col-xl-3\">\n\t\t\t\n\n<div id=\"cardblock_c00337c9ce2d81ba52885b8838b0402f\" class=\"block__card -detect-in-viewport\">\n  <div class=\"has-background-color--white has-shadow animate__animated animate__fadeIn animate__delay-2s\">\n\n    \n    <div class=\"card__content-wrapper \">\n      <div class=\"card__inner-blocks inner-blocks\">\n        \n\n<h3 class=\"wp-block-heading\">03<\/h3>\n\n\n\n<h4 class=\"wp-block-heading\">Tiempo para aventuras<\/h4>\n\n\n\n<p>Vacaciones: hasta 30 d\u00edas al a\u00f1o<\/p>\n\n      <\/div>\n    <\/div>\n  <\/div>\n<\/div>\n\t<\/div>\n\n\n\n<div class=\"col-12 col-lg-6 col-xl-3\">\n\t\t\t\n\n<div id=\"cardblock_7974355834be96ec4d205097721d6fc0\" class=\"block__card -detect-in-viewport\">\n  <div class=\"has-background-color--white has-shadow animate__animated animate__fadeIn animate__delay-2-5s\">\n\n    \n    <div class=\"card__content-wrapper \">\n      <div class=\"card__inner-blocks inner-blocks\">\n        \n\n<h3 class=\"wp-block-heading\">04<\/h3>\n\n\n\n<h4 class=\"wp-block-heading\">Conocer nuevas culturas<\/h4>\n\n\n\n<p>Trabajamos a nivel internacional<\/p>\n\n      <\/div>\n    <\/div>\n  <\/div>\n<\/div>\n\t<\/div>\n\n\n\n<div class=\"col-12 col-lg-6 col-xl-3\">\n\t\t\t\n\n<div id=\"cardblock_ab37abfabf1339914d75b15bbd81a8ea\" class=\"block__card -detect-in-viewport\">\n  <div class=\"has-background-color--white has-shadow animate__animated animate__fadeIn animate__delay-1s\">\n\n    \n    <div class=\"card__content-wrapper \">\n      <div class=\"card__inner-blocks inner-blocks\">\n        \n\n<h3 class=\"wp-block-heading\">05<\/h3>\n\n\n\n<h4 class=\"wp-block-heading\">Promovemos el talento a todos los niveles<\/h4>\n\n\n\n<p>Presupuesto fijo para educaci\u00f3n \/a\u00f1o<\/p>\n\n      <\/div>\n    <\/div>\n  <\/div>\n<\/div>\n\t<\/div>\n\n\n\n<div class=\"col-12 col-lg-6 col-xl-3\">\n\t\t\t\n\n<div id=\"cardblock_fcb2d456adb3769b8096d7b8d9a12e31\" class=\"block__card -detect-in-viewport\">\n  <div class=\"has-background-color--white has-shadow animate__animated animate__fadeIn animate__delay-0-5s\">\n\n    \n    <div class=\"card__content-wrapper \">\n      <div class=\"card__inner-blocks inner-blocks\">\n        \n\n<h3 class=\"wp-block-heading\">06<\/h3>\n\n\n\n<h4 class=\"wp-block-heading\">\u00bfFamilia o carrera?<\/h4>\n\n\n\n<p>En AED la conciliaci\u00f3n familiar es una prioridad<\/p>\n\n      <\/div>\n    <\/div>\n  <\/div>\n<\/div>\n\t<\/div>\n\n\n\n<div class=\"col-12 col-lg-6 col-xl-3\">\n\t\t\t\n\n<div id=\"cardblock_097ce1534b3ae5e3d2c0d940f1680a2a\" class=\"block__card -detect-in-viewport\">\n  <div class=\"has-background-color--white has-shadow animate__animated animate__fadeIn animate__delay-default\">\n\n    \n    <div class=\"card__content-wrapper \">\n      <div class=\"card__inner-blocks inner-blocks\">\n        \n\n<h3 class=\"wp-block-heading\">07<\/h3>\n\n\n\n<h4 class=\"wp-block-heading\">Tu perro es parte del equipo<\/h4>\n\n\n\n<p>Traiga a su perro a la oficina<\/p>\n\n      <\/div>\n    <\/div>\n  <\/div>\n<\/div>\n\t<\/div>\n\n<\/div>\n<\/div>\n\n\n\n<div class=\"wp-block-group is-layout-constrained wp-block-group-is-layout-constrained\">\n<h2 class=\"wp-block-heading has-text-align-center has-cerulean-blue-color has-text-color\">\u00bfTiene curiosidad? No dude en ponerse en contacto con nosotros. El equipo est\u00e1 deseando conocerle.<\/h2>\n\n\n<div class=\"wp-bootstrap-blocks-row row\">\n\t\n\n<div class=\"col-12 col-md-4\">\n\t\t\t\n\n<div id=\"cardblock_30f0f0a3348de2e0e7962c1d0e7f58a1\" class=\"block__card -detect-in-viewport\">\n  <div class=\"has-background-color--white has-shadow has-image has-image--top has-image-settings-- animate__animated animate__fadeInUp animate__delay-default\">\n\n          <div class=\"card__image-wrapper \">\n\n                  <img decoding=\"async\" width=\"2336\" height=\"1442\" src=\"https:\/\/www.aed-vantage.com\/wp-content\/uploads\/2023\/05\/Cher_b4.png\" class=\"attachment-container2x_16_9 size-container2x_16_9\" alt=\"Chermary Klima\" srcset=\"https:\/\/www.aed-vantage.com\/wp-content\/uploads\/2023\/05\/Cher_b4.png 2336w, https:\/\/www.aed-vantage.com\/wp-content\/uploads\/2023\/05\/Cher_b4-300x185.png 300w, https:\/\/www.aed-vantage.com\/wp-content\/uploads\/2023\/05\/Cher_b4-1024x632.png 1024w, https:\/\/www.aed-vantage.com\/wp-content\/uploads\/2023\/05\/Cher_b4-768x474.png 768w, https:\/\/www.aed-vantage.com\/wp-content\/uploads\/2023\/05\/Cher_b4-1536x948.png 1536w, https:\/\/www.aed-vantage.com\/wp-content\/uploads\/2023\/05\/Cher_b4-2048x1264.png 2048w, https:\/\/www.aed-vantage.com\/wp-content\/uploads\/2023\/05\/Cher_b4-500x308.png 500w, https:\/\/www.aed-vantage.com\/wp-content\/uploads\/2023\/05\/Cher_b4-840x519.png 840w, https:\/\/www.aed-vantage.com\/wp-content\/uploads\/2023\/05\/Cher_b4-1192x736.png 1192w, https:\/\/www.aed-vantage.com\/wp-content\/uploads\/2023\/05\/Cher_b4-596x368.png 596w\" sizes=\"(max-width: 2336px) 100vw, 2336px\" \/>        \n        \n      <\/div>\n    \n    <div class=\"card__content-wrapper \">\n      <div class=\"card__inner-blocks inner-blocks\">\n        \n\n<h4 class=\"wp-block-heading has-text-align-center\">Chermary Klima<\/h4>\n\n\n\n<p class=\"has-text-align-center\">Talent Acquisition<\/p>\n\n      <\/div>\n    <\/div>\n  <\/div>\n<\/div>\n\t<\/div>\n\n\n\n<div class=\"col-12 col-md-4\">\n\t\t\t\n\n<div id=\"cardblock_e339b6f92add76e576f0df0d3c44054e\" class=\"block__card -detect-in-viewport\">\n  <div class=\"has-background-color--white has-shadow has-image has-image--top has-image-settings-- animate__animated animate__fadeInUp animate__delay-0-5s\">\n\n          <div class=\"card__image-wrapper \">\n\n                  <img decoding=\"async\" width=\"1267\" height=\"854\" src=\"https:\/\/www.aed-vantage.com\/wp-content\/uploads\/2023\/05\/5S8A7020_b.jpg\" class=\"attachment-container2x_16_9 size-container2x_16_9\" alt=\"Nayely Peters\" srcset=\"https:\/\/www.aed-vantage.com\/wp-content\/uploads\/2023\/05\/5S8A7020_b.jpg 1267w, https:\/\/www.aed-vantage.com\/wp-content\/uploads\/2023\/05\/5S8A7020_b-300x202.jpg 300w, https:\/\/www.aed-vantage.com\/wp-content\/uploads\/2023\/05\/5S8A7020_b-1024x690.jpg 1024w, https:\/\/www.aed-vantage.com\/wp-content\/uploads\/2023\/05\/5S8A7020_b-768x518.jpg 768w, https:\/\/www.aed-vantage.com\/wp-content\/uploads\/2023\/05\/5S8A7020_b-457x308.jpg 457w, https:\/\/www.aed-vantage.com\/wp-content\/uploads\/2023\/05\/5S8A7020_b-840x566.jpg 840w, https:\/\/www.aed-vantage.com\/wp-content\/uploads\/2023\/05\/5S8A7020_b-1092x736.jpg 1092w, https:\/\/www.aed-vantage.com\/wp-content\/uploads\/2023\/05\/5S8A7020_b-546x368.jpg 546w\" sizes=\"(max-width: 1267px) 100vw, 1267px\" \/>        \n        \n      <\/div>\n    \n    <div class=\"card__content-wrapper \">\n      <div class=\"card__inner-blocks inner-blocks\">\n        \n\n<h4 class=\"wp-block-heading has-text-align-center\">Nayely Peters<\/h4>\n\n\n\n<p class=\"has-text-align-center\">Team Leader People &amp; Culture<\/p>\n\n      <\/div>\n    <\/div>\n  <\/div>\n<\/div>\n\t<\/div>\n\n\n\n<div class=\"col-12 col-md-4\">\n\t\t\t\n\n<div id=\"cardblock_e814c3b758eedef50409386b6ac056f6\" class=\"block__card -detect-in-viewport\">\n  <div class=\"has-background-color--white has-shadow animate__animated animate__fadeInUp animate__delay-1s\">\n\n    \n    <div class=\"card__content-wrapper \">\n      <div class=\"card__inner-blocks inner-blocks\">\n        \n\n<h3 class=\"wp-block-heading\">Preguntas?<\/h3>\n\n\n\n<div id=\"buttonblock_abad59abac3a767c719c83c45a500e5a\" class=\"block__button -detect-in-viewport button__size--full\">\n  <div class=\"button__color--blue\">\n          <a href=\"mailto:career@aed-vantage.com\" target=\"\" class=\"btn\">\n        <span class=\"button__link__label\">career@aed-vantage.com<\/span>\n      <\/a>\n      <\/div>\n<\/div>\n\n\n<h4 class=\"wp-block-heading\">Germany:<\/h4>\n\n\n\n<p>Tel: +49 89 159848480<\/p>\n\n\n\n<h4 class=\"wp-block-heading\">Spain:<\/h4>\n\n\n\n<p>Tel: +34 868 454588<\/p>\n\n      <\/div>\n    <\/div>\n  <\/div>\n<\/div>\n\t<\/div>\n\n<\/div>\n<\/div>\n","protected":false},"excerpt":{"rendered":"<p>Haz realidad tu futuro profesional \u00bfListo para marcar la diferencia? Forme parte de nuestro equipo y d\u00e9 forma junto al equipo de AED al futuro de la movilidad. AED Vantage es un especialista en electr\u00f3nica de \u00e9xito internacional. Como socio de la industria del autom\u00f3vil, desarrollamos soluciones personalizadas y las fabricamos en nuestras propias instalaciones. [&hellip;]<\/p>\n","protected":false},"author":1,"featured_media":0,"parent":0,"menu_order":0,"comment_status":"closed","ping_status":"closed","template":"","meta":{"footnotes":""},"class_list":["post-1637","page","type-page","status-publish","hentry"],"aioseo_notices":[],"acf":[],"_links":{"self":[{"href":"https:\/\/www.aed-vantage.com\/es\/wp-json\/wp\/v2\/pages\/1637","targetHints":{"allow":["GET"]}}],"collection":[{"href":"https:\/\/www.aed-vantage.com\/es\/wp-json\/wp\/v2\/pages"}],"about":[{"href":"https:\/\/www.aed-vantage.com\/es\/wp-json\/wp\/v2\/types\/page"}],"author":[{"embeddable":true,"href":"https:\/\/www.aed-vantage.com\/es\/wp-json\/wp\/v2\/users\/1"}],"replies":[{"embeddable":true,"href":"https:\/\/www.aed-vantage.com\/es\/wp-json\/wp\/v2\/comments?post=1637"}],"version-history":[{"count":10,"href":"https:\/\/www.aed-vantage.com\/es\/wp-json\/wp\/v2\/pages\/1637\/revisions"}],"predecessor-version":[{"id":7852,"href":"https:\/\/www.aed-vantage.com\/es\/wp-json\/wp\/v2\/pages\/1637\/revisions\/7852"}],"wp:attachment":[{"href":"https:\/\/www.aed-vantage.com\/es\/wp-json\/wp\/v2\/media?parent=1637"}],"curies":[{"name":"wp","href":"https:\/\/api.w.org\/{rel}","templated":true}]}}