{"id":1645,"date":"2023-03-28T16:24:20","date_gmt":"2023-03-28T14:24:20","guid":{"rendered":"https:\/\/www.aed-vantage.com\/home\/"},"modified":"2025-04-09T14:44:36","modified_gmt":"2025-04-09T12:44:36","slug":"home","status":"publish","type":"page","link":"https:\/\/www.aed-vantage.com\/es\/","title":{"rendered":"Home"},"content":{"rendered":"\n<div id=\"keyvisualblock_9859efafa189a130934578e11611dbc9\" class=\"block__keyvisual -detect-in-viewport alignfull\" data-controller=\"keyvisual\">\n\n    <div class=\"keyvisual__background keyvisual__background--video\">\n                    \n                <video src=\"https:\/\/www.aed-vantage.com\/wp-content\/uploads\/2023\/03\/AED003_CUT_VERSION-1-1.mp4\" autoplay loop muted><\/video>\n                        <\/div>\n\n    \n    <div class=\"keyvisual__wrapper\">\n        <div class=\"keyvisual__content__wrapper container\">\n            <div class=\"keyvisual__content inner-blocks\">\n                                                            <button data-keyvisual-target=\"toggle\" data-action=\"keyvisual#onToggleClick\" class=\"keyvisual__play-button\" title=\"Play this video\">\n                            <svg xmlns=\"http:\/\/www.w3.org\/2000\/svg\" viewBox=\"0 0 384 512\">\n  <!--! Font Awesome Pro 6.3.0 by @fontawesome - https:\/\/fontawesome.com License - https:\/\/fontawesome.com\/license (Commercial License) Copyright 2023 Fonticons, Inc. -->\n  <path\n    d=\"M73 39c-14.8-9.1-33.4-9.4-48.5-.9S0 62.6 0 80V432c0 17.4 9.4 33.4 24.5 41.9s33.7 8.1 48.5-.9L361 297c14.3-8.7 23-24.2 23-41s-8.7-32.2-23-41L73 39z\" \/>\n<\/svg>                        <\/button>\n                                                <\/div>\n        <\/div>\n    <\/div>\n            <div data-keyvisual-target=\"modal\" class=\"modal\">\n            <div id=\"modal-video__url\">https:\/\/www.aed-vantage.com\/wp-content\/uploads\/2023\/03\/Short_version_V4.mp4<\/div>\n            <div class=\"modal__content\">\n                <div class=\"modal__header\">\n                    <button type=\"button\" class=\"close\" data-action=\"keyvisual#onToggleClick\" aria-label=\"Close\">\n                        <span aria-hidden=\"true\">&times;<\/span>\n                    <\/button>\n                <\/div>\n                <div class=\"modal__body\">\n                    <div class=\"keyvisual__video\">\n                        <video src=\"\" controls autoplay><\/video>\n                    <\/div>\n                <\/div>\n            <\/div>\n        <\/div>\n    \n<\/div>\n\n\n\n\n<div class=\"wp-block-group alignwide is-layout-constrained wp-block-group-is-layout-constrained\">\n<div class=\"wp-block-group is-layout-constrained wp-block-group-is-layout-constrained\"><div class=\"wp-bootstrap-blocks-row row\">\n\t\n\n<div class=\"col-12 col-md-5\">\n\t\t\t\n\n<h3 class=\"wp-block-heading has-cerulean-blue-color has-text-color\">Bienvenido a<\/h3>\n\n\n\n<h1 class=\"wp-block-heading has-grey-300-color has-text-color\">AED Vantage<\/h1>\n\n\t<\/div>\n\n\n\n<div class=\"col-12 col-md-7\">\n\t\t\t\n\n<h2 class=\"wp-block-heading\">Soluciones electr\u00f3nicas para la movilidad del ma\u00f1ana<\/h2>\n\n\n\n<p>Suministramos electr\u00f3nica y tecnolog\u00eda de medici\u00f3n a medida para la industria del autom\u00f3vil y los veh\u00edculos industriales. Con nuestros conocimientos en las \u00e1reas de software, dise\u00f1o electr\u00f3nico, arquitectura de sistemas, verificaci\u00f3n y validaci\u00f3n, estamos a su lado como socio integral.<\/p>\n\n\t<\/div>\n\n<\/div>\n<\/div>\n<\/div>\n\n\n\n<div class=\"wp-block-group has-platinum-grey-background-color has-background is-layout-constrained wp-block-group-is-layout-constrained\">\n<h2 class=\"wp-block-heading has-text-align-center has-cerulean-blue-color has-text-color\">Prestaciones<\/h2>\n\n\n\n<div id=\"sliderblock_c99002010f95d2c9271103a765129cd8\" class=\"block__slider -detect-in-viewport\">\n    <div >\n        <div class=\"swiper slider\" data-slides-per-view=\"3\" data-autoplay-enable=\"0\" data-autoplay-delay=\"3000\" data-space-between>\n\n            <div class=\"swiper-wrapper\">\n                \n\n<div class=\"swiper-slide inner-blocks\">\n    \n\n\n<div id=\"teaserblock_1796fe1e62fb18b3e4a8d8fdccfddadf\" class=\"block__teaser -detect-in-viewport\">\n    <div class=\"block__teaser__orientation--horizontal\">\n        <div class=\"block__teaser__wrapper\">\n                                        \n                <a class=\"block__teaser__img__wrapper\" href=\"https:\/\/www.aed-vantage.com\/es\/electronics-for-series-car-application\/\" title=\"Illustration of a hand that activates electronics development\">\n                    <img decoding=\"async\" width=\"738\" height=\"416\" src=\"https:\/\/www.aed-vantage.com\/wp-content\/uploads\/2023\/03\/Electronics-for-car-applications-738x416.jpg\" class=\"attachment-teaser_16_9 size-teaser_16_9\" alt=\"Illustration of a hand that activates electronics development\" srcset=\"https:\/\/www.aed-vantage.com\/wp-content\/uploads\/2023\/03\/Electronics-for-car-applications-738x416.jpg 738w, https:\/\/www.aed-vantage.com\/wp-content\/uploads\/2023\/03\/Electronics-for-car-applications-654x368.jpg 654w\" sizes=\"(max-width: 738px) 100vw, 738px\" \/>                <\/a>\n\n                        <div class=\"block__teaser__content inner-blocks\">\n\n                                    \n\n<h4 class=\"wp-block-heading has-text-align-right\">Electr\u00f3nica para Aplicaciones de Coches en Serie<\/h4>\n\n                \n                                    <div class=\"button__color--white\">\n                        <a href=\"https:\/\/www.aed-vantage.com\/es\/electronics-for-series-car-application\/\" target=\"\" class=\"btn\">\n                            M\u00e1s                        <\/a>\n                    <\/div>\n                            <\/div>\n        <\/div>\n    <\/div>\n<\/div>\n\n<\/div>\n\n\n<div class=\"swiper-slide inner-blocks\">\n    \n\n\n<div id=\"teaserblock_cbea341814d22660ef07931b38535e62\" class=\"block__teaser -detect-in-viewport\">\n    <div class=\"block__teaser__orientation--horizontal\">\n        <div class=\"block__teaser__wrapper\">\n                                        \n                <a class=\"block__teaser__img__wrapper\" href=\"https:\/\/www.aed-vantage.com\/es\/production-services\/\" title=\"WMW_6021-copy\">\n                    <img decoding=\"async\" width=\"738\" height=\"416\" src=\"https:\/\/www.aed-vantage.com\/wp-content\/uploads\/2023\/04\/WMW_6021-copy-738x416.webp\" class=\"attachment-teaser_16_9 size-teaser_16_9\" alt=\"\" srcset=\"https:\/\/www.aed-vantage.com\/wp-content\/uploads\/2023\/04\/WMW_6021-copy-738x416.webp 738w, https:\/\/www.aed-vantage.com\/wp-content\/uploads\/2023\/04\/WMW_6021-copy-654x368.webp 654w\" sizes=\"(max-width: 738px) 100vw, 738px\" \/>                <\/a>\n\n                        <div class=\"block__teaser__content inner-blocks\">\n\n                                    \n\n<h4 class=\"wp-block-heading has-text-align-right\">Servicios de Producci\u00f3n<\/h4>\n\n                \n                                    <div class=\"button__color--white\">\n                        <a href=\"https:\/\/www.aed-vantage.com\/es\/production-services\/\" target=\"\" class=\"btn\">\n                            M\u00e1s                        <\/a>\n                    <\/div>\n                            <\/div>\n        <\/div>\n    <\/div>\n<\/div>\n\n<\/div>\n\n\n<div class=\"swiper-slide inner-blocks\">\n    \n\n\n<div id=\"teaserblock_4d52fd6027e253ec24b46a4b5b689ac1\" class=\"block__teaser -detect-in-viewport\">\n    <div class=\"block__teaser__orientation--horizontal\">\n        <div class=\"block__teaser__wrapper\">\n                                        \n                <a class=\"block__teaser__img__wrapper\" href=\"https:\/\/www.aed-vantage.com\/es\/automotive-engineering-services\/\" title=\"illustration of a car with its software code\">\n                    <img decoding=\"async\" width=\"738\" height=\"416\" src=\"https:\/\/www.aed-vantage.com\/wp-content\/uploads\/2023\/03\/cabecera-automotive-738x416.jpg\" class=\"attachment-teaser_16_9 size-teaser_16_9\" alt=\"illustration of a car with its software code\" srcset=\"https:\/\/www.aed-vantage.com\/wp-content\/uploads\/2023\/03\/cabecera-automotive-738x416.jpg 738w, https:\/\/www.aed-vantage.com\/wp-content\/uploads\/2023\/03\/cabecera-automotive-654x368.jpg 654w\" sizes=\"(max-width: 738px) 100vw, 738px\" \/>                <\/a>\n\n                        <div class=\"block__teaser__content inner-blocks\">\n\n                                    \n\n<h4 class=\"wp-block-heading has-text-align-right\">Servicios de Ingenier\u00eda Automotriz<\/h4>\n\n                \n                                    <div class=\"button__color--white\">\n                        <a href=\"https:\/\/www.aed-vantage.com\/es\/automotive-engineering-services\/\" target=\"\" class=\"btn\">\n                            M\u00e1s                        <\/a>\n                    <\/div>\n                            <\/div>\n        <\/div>\n    <\/div>\n<\/div>\n\n<\/div>\n\n\n<div class=\"swiper-slide inner-blocks\">\n    \n\n\n<div id=\"teaserblock_28d667a2cca6dc317cd8fa241767d460\" class=\"block__teaser -detect-in-viewport\">\n    <div class=\"block__teaser__orientation--horizontal\">\n        <div class=\"block__teaser__wrapper\">\n                                        \n                <a class=\"block__teaser__img__wrapper\" href=\"https:\/\/www.aed-vantage.com\/es\/verification-validation\/\" title=\"Testing of a PCB\">\n                    <img decoding=\"async\" width=\"738\" height=\"416\" src=\"https:\/\/www.aed-vantage.com\/wp-content\/uploads\/2023\/03\/cabecera-integration-738x416.jpg\" class=\"attachment-teaser_16_9 size-teaser_16_9\" alt=\"Testing of a PCB\" srcset=\"https:\/\/www.aed-vantage.com\/wp-content\/uploads\/2023\/03\/cabecera-integration-738x416.jpg 738w, https:\/\/www.aed-vantage.com\/wp-content\/uploads\/2023\/03\/cabecera-integration-654x368.jpg 654w\" sizes=\"(max-width: 738px) 100vw, 738px\" \/>                <\/a>\n\n                        <div class=\"block__teaser__content inner-blocks\">\n\n                                    \n\n<h4 class=\"wp-block-heading has-text-align-right\">Verificaci\u00f3n y Validaci\u00f3n<\/h4>\n\n                \n                                    <div class=\"button__color--white\">\n                        <a href=\"https:\/\/www.aed-vantage.com\/es\/verification-validation\/\" target=\"\" class=\"btn\">\n                            M\u00e1s                        <\/a>\n                    <\/div>\n                            <\/div>\n        <\/div>\n    <\/div>\n<\/div>\n\n<\/div>\n\n\n<div class=\"swiper-slide inner-blocks\">\n    \n\n\n<div id=\"teaserblock_14e2bb5f90e99b99d8f325dba0c06e8d\" class=\"block__teaser -detect-in-viewport\">\n    <div class=\"block__teaser__orientation--horizontal\">\n        <div class=\"block__teaser__wrapper\">\n                                        \n                <a class=\"block__teaser__img__wrapper\" href=\"https:\/\/www.aed-vantage.com\/es\/system-qualifications-testing\/\" title=\"EMC hall\">\n                    <img decoding=\"async\" width=\"738\" height=\"416\" src=\"https:\/\/www.aed-vantage.com\/wp-content\/uploads\/2023\/03\/cabecera-system-qualification-738x416.jpg\" class=\"attachment-teaser_16_9 size-teaser_16_9\" alt=\"EMC hall\" srcset=\"https:\/\/www.aed-vantage.com\/wp-content\/uploads\/2023\/03\/cabecera-system-qualification-738x416.jpg 738w, https:\/\/www.aed-vantage.com\/wp-content\/uploads\/2023\/03\/cabecera-system-qualification-654x368.jpg 654w\" sizes=\"(max-width: 738px) 100vw, 738px\" \/>                <\/a>\n\n                        <div class=\"block__teaser__content inner-blocks\">\n\n                                    \n\n<h4 class=\"wp-block-heading has-text-align-right\">Test de Cualificaci\u00f3n del Sistema<\/h4>\n\n                \n                                    <div class=\"button__color--white\">\n                        <a href=\"https:\/\/www.aed-vantage.com\/es\/system-qualifications-testing\/\" target=\"\" class=\"btn\">\n                            M\u00e1s                        <\/a>\n                    <\/div>\n                            <\/div>\n        <\/div>\n    <\/div>\n<\/div>\n\n<\/div>\n            <\/div>\n\n            <div class=\"swiper-controls-wrapper\">\n                <!--div class=\"swiper-button-prev\"><\/div-->\n                <div class=\"swiper-pagination\"><\/div>\n                <!--div class=\"swiper-button-next\"><\/div-->\n            <\/div>\n\n        <\/div>\n    <\/div>\n<\/div>\n\n\n<p><\/p>\n\n\n\n<div class=\"wp-block-group alignwide is-layout-constrained wp-block-group-is-layout-constrained\">\n<div id=\"background-imageblock_78f5f0cd611c2104a25d984854dce060\" class=\"block__background-image alignwide -detect-in-viewport\">\n\n  <div class=\"background-image__image\">\n      <\/div>\n\n<\/div>\n\n\n<div id=\"cardblock_76e08236389a21a17af420886092fa87\" class=\"block__card -detect-in-viewport\">\n  <div class=\"has-background-color--transparent\">\n\n    \n    <div class=\"card__content-wrapper \">\n      <div class=\"card__inner-blocks inner-blocks\">\n        \n\n<h2 class=\"wp-block-heading\">Productos<\/h2>\n\n\n\n<p>Nuestra cartera de productos incluye equipos y conmutadores de registro Ethernet para automoci\u00f3n, adaptadores de registro SerDes y convertidores de medios.<\/p>\n\n\n<div class=\"wp-bootstrap-blocks-row row\">\n\t\n\n<div class=\"col-12 col-md-3\">\n\t\t\t\n\n<div id=\"buttonblock_2d312f5076cc79ab88f737316b3d4f85\" class=\"block__button -detect-in-viewport button__size--content\">\n  <div class=\"button__color--transparent\">\n          <a href=\"https:\/\/www.aed-vantage.com\/es\/products\/\" target=\"\" class=\"btn\">\n        <span class=\"button__link__label\">Descubra los productos<\/span>\n      <\/a>\n      <\/div>\n<\/div>\n\t<\/div>\n\n\n\n<div class=\"col-12 col-md-6\">\n\t\t\t\n\n<figure class=\"wp-block-image size-full\"><img decoding=\"async\" width=\"1000\" height=\"666\" src=\"https:\/\/www.aed-vantage.com\/wp-content\/uploads\/2023\/03\/SLA-Alle-Kabel-1.webp\" alt=\"\" class=\"wp-image-5640\" srcset=\"https:\/\/www.aed-vantage.com\/wp-content\/uploads\/2023\/03\/SLA-Alle-Kabel-1.webp 1000w, https:\/\/www.aed-vantage.com\/wp-content\/uploads\/2023\/03\/SLA-Alle-Kabel-1-300x200.webp 300w, https:\/\/www.aed-vantage.com\/wp-content\/uploads\/2023\/03\/SLA-Alle-Kabel-1-768x511.webp 768w, https:\/\/www.aed-vantage.com\/wp-content\/uploads\/2023\/03\/SLA-Alle-Kabel-1-462x308.webp 462w, https:\/\/www.aed-vantage.com\/wp-content\/uploads\/2023\/03\/SLA-Alle-Kabel-1-840x559.webp 840w, https:\/\/www.aed-vantage.com\/wp-content\/uploads\/2023\/03\/SLA-Alle-Kabel-1-553x368.webp 553w\" sizes=\"(max-width: 1000px) 100vw, 1000px\" \/><\/figure>\n\n\t<\/div>\n\n<\/div>\n\n      <\/div>\n    <\/div>\n  <\/div>\n<\/div><\/div>\n<\/div>\n\n\n\n<div class=\"wp-block-group is-layout-constrained wp-block-group-is-layout-constrained\">\n<h2 class=\"wp-block-heading has-text-align-center\"><em>Nuestros clientes.<\/em><\/h2>\n\n\n\n<p class=\"has-text-align-center has-large-font-size\"><em>Su socio desde hace m\u00e1s de 15 a\u00f1os.<\/em><\/p>\n\n\n\n<div id=\"referencesblock_70d588563abb8392861a2fdb36743238\" class=\"block__references -detect-in-viewport\">\n  <div class='animate__animated animate__fadeInUp animate__delay-default'>\n    <div class=\"references__logos\">\n              <div class=\"references__logos__single\">\n                                <a href=\"https:\/\/www.audi.de\/de\/brand\/de.html\" target=\"_blank\">\n                        <img decoding=\"async\" width=\"500\" height=\"308\" src=\"https:\/\/www.aed-vantage.com\/wp-content\/uploads\/2023\/03\/Audi-2-1-500x308.png\" class=\"attachment-logo_16_9 size-logo_16_9\" alt=\"\" srcset=\"https:\/\/www.aed-vantage.com\/wp-content\/uploads\/2023\/03\/Audi-2-1.png 500w, https:\/\/www.aed-vantage.com\/wp-content\/uploads\/2023\/03\/Audi-2-1-300x185.png 300w\" sizes=\"(max-width: 500px) 100vw, 500px\" \/>                        <\/a>\n                  <\/div>\n              <div class=\"references__logos__single\">\n                                <a href=\"https:\/\/www.bmwgroup.com\/de.html\" target=\"_blank\">\n                        <img decoding=\"async\" width=\"500\" height=\"308\" src=\"https:\/\/www.aed-vantage.com\/wp-content\/uploads\/2023\/03\/BMW-2-1-500x308.png\" class=\"attachment-logo_16_9 size-logo_16_9\" alt=\"\" srcset=\"https:\/\/www.aed-vantage.com\/wp-content\/uploads\/2023\/03\/BMW-2-1.png 500w, https:\/\/www.aed-vantage.com\/wp-content\/uploads\/2023\/03\/BMW-2-1-300x185.png 300w\" sizes=\"(max-width: 500px) 100vw, 500px\" \/>                        <\/a>\n                  <\/div>\n              <div class=\"references__logos__single\">\n                                <a href=\"https:\/\/www.antolin.com\/de\/lernen-sie-unsere-strategischen-partner-kennen-aed-engineering\" target=\"_blank\">\n                        <img decoding=\"async\" width=\"500\" height=\"101\" src=\"https:\/\/www.aed-vantage.com\/wp-content\/uploads\/2023\/05\/Antolin_Logo-500x101.webp\" class=\"attachment-logo_16_9 size-logo_16_9\" alt=\"\" srcset=\"https:\/\/www.aed-vantage.com\/wp-content\/uploads\/2023\/05\/Antolin_Logo-500x101.webp 500w, https:\/\/www.aed-vantage.com\/wp-content\/uploads\/2023\/05\/Antolin_Logo-300x61.webp 300w, https:\/\/www.aed-vantage.com\/wp-content\/uploads\/2023\/05\/Antolin_Logo-1024x207.webp 1024w, https:\/\/www.aed-vantage.com\/wp-content\/uploads\/2023\/05\/Antolin_Logo-768x156.webp 768w, https:\/\/www.aed-vantage.com\/wp-content\/uploads\/2023\/05\/Antolin_Logo-840x170.webp 840w, https:\/\/www.aed-vantage.com\/wp-content\/uploads\/2023\/05\/Antolin_Logo-654x132.webp 654w, https:\/\/www.aed-vantage.com\/wp-content\/uploads\/2023\/05\/Antolin_Logo.webp 1047w\" sizes=\"(max-width: 500px) 100vw, 500px\" \/>                        <\/a>\n                  <\/div>\n              <div class=\"references__logos__single\">\n                                <a href=\"https:\/\/www.klasgroup.com\/markets\/automotive\/\" target=\"_blank\">\n                        <img decoding=\"async\" width=\"500\" height=\"308\" src=\"https:\/\/www.aed-vantage.com\/wp-content\/uploads\/2023\/03\/Klas-1-1-500x308.png\" class=\"attachment-logo_16_9 size-logo_16_9\" alt=\"\" srcset=\"https:\/\/www.aed-vantage.com\/wp-content\/uploads\/2023\/03\/Klas-1-1.png 500w, https:\/\/www.aed-vantage.com\/wp-content\/uploads\/2023\/03\/Klas-1-1-300x185.png 300w\" sizes=\"(max-width: 500px) 100vw, 500px\" \/>                        <\/a>\n                  <\/div>\n              <div class=\"references__logos__single\">\n                                <a href=\"https:\/\/vigem.de\/index.html\" target=\"_blank\">\n                        <img decoding=\"async\" width=\"500\" height=\"308\" src=\"https:\/\/www.aed-vantage.com\/wp-content\/uploads\/2023\/03\/Vigem-2-1-500x308.png\" class=\"attachment-logo_16_9 size-logo_16_9\" alt=\"\" srcset=\"https:\/\/www.aed-vantage.com\/wp-content\/uploads\/2023\/03\/Vigem-2-1.png 500w, https:\/\/www.aed-vantage.com\/wp-content\/uploads\/2023\/03\/Vigem-2-1-300x185.png 300w\" sizes=\"(max-width: 500px) 100vw, 500px\" \/>                        <\/a>\n                  <\/div>\n              <div class=\"references__logos__single\">\n                                <a href=\"https:\/\/www.volvocars.com\/de\/\" target=\"_blank\">\n                        <img decoding=\"async\" width=\"500\" height=\"308\" src=\"https:\/\/www.aed-vantage.com\/wp-content\/uploads\/2023\/03\/Volvo-4-1-500x308.png\" class=\"attachment-logo_16_9 size-logo_16_9\" alt=\"\" srcset=\"https:\/\/www.aed-vantage.com\/wp-content\/uploads\/2023\/03\/Volvo-4-1.png 500w, https:\/\/www.aed-vantage.com\/wp-content\/uploads\/2023\/03\/Volvo-4-1-300x185.png 300w\" sizes=\"(max-width: 500px) 100vw, 500px\" \/>                        <\/a>\n                  <\/div>\n              <div class=\"references__logos__single\">\n                                <a href=\"https:\/\/www.ambarella.com\/\" target=\"_blank\">\n                        <img decoding=\"async\" width=\"411\" height=\"308\" src=\"https:\/\/www.aed-vantage.com\/wp-content\/uploads\/2023\/03\/Ambarella_b-1024x768-2-411x308.png\" class=\"attachment-logo_16_9 size-logo_16_9\" alt=\"\" srcset=\"https:\/\/www.aed-vantage.com\/wp-content\/uploads\/2023\/03\/Ambarella_b-1024x768-2-411x308.png 411w, https:\/\/www.aed-vantage.com\/wp-content\/uploads\/2023\/03\/Ambarella_b-1024x768-2-300x225.png 300w, https:\/\/www.aed-vantage.com\/wp-content\/uploads\/2023\/03\/Ambarella_b-1024x768-2-768x576.png 768w, https:\/\/www.aed-vantage.com\/wp-content\/uploads\/2023\/03\/Ambarella_b-1024x768-2-800x600.png 800w, https:\/\/www.aed-vantage.com\/wp-content\/uploads\/2023\/03\/Ambarella_b-1024x768-2.png 1024w\" sizes=\"(max-width: 411px) 100vw, 411px\" \/>                        <\/a>\n                  <\/div>\n              <div class=\"references__logos__single\">\n                                <a href=\"https:\/\/www.vsitech.co.kr\/\" target=\"_blank\">\n                        <img decoding=\"async\" width=\"411\" height=\"308\" src=\"https:\/\/www.aed-vantage.com\/wp-content\/uploads\/2023\/03\/VSI_b-1-1024x768-2-411x308.png\" class=\"attachment-logo_16_9 size-logo_16_9\" alt=\"\" srcset=\"https:\/\/www.aed-vantage.com\/wp-content\/uploads\/2023\/03\/VSI_b-1-1024x768-2-411x308.png 411w, https:\/\/www.aed-vantage.com\/wp-content\/uploads\/2023\/03\/VSI_b-1-1024x768-2-300x225.png 300w, https:\/\/www.aed-vantage.com\/wp-content\/uploads\/2023\/03\/VSI_b-1-1024x768-2-768x576.png 768w, https:\/\/www.aed-vantage.com\/wp-content\/uploads\/2023\/03\/VSI_b-1-1024x768-2-800x600.png 800w, https:\/\/www.aed-vantage.com\/wp-content\/uploads\/2023\/03\/VSI_b-1-1024x768-2.png 1024w\" sizes=\"(max-width: 411px) 100vw, 411px\" \/>                        <\/a>\n                  <\/div>\n              <div class=\"references__logos__single\">\n                                <a href=\"https:\/\/www.aptiv.com\/\" target=\"_blank\">\n                        <img decoding=\"async\" width=\"500\" height=\"64\" src=\"https:\/\/www.aed-vantage.com\/wp-content\/uploads\/2024\/01\/Aptiv-logo-grey-500x64.png\" class=\"attachment-logo_16_9 size-logo_16_9\" alt=\"\" srcset=\"https:\/\/www.aed-vantage.com\/wp-content\/uploads\/2024\/01\/Aptiv-logo-grey-500x64.png 500w, https:\/\/www.aed-vantage.com\/wp-content\/uploads\/2024\/01\/Aptiv-logo-grey-300x39.png 300w, https:\/\/www.aed-vantage.com\/wp-content\/uploads\/2024\/01\/Aptiv-logo-grey.png 600w\" sizes=\"(max-width: 500px) 100vw, 500px\" \/>                        <\/a>\n                  <\/div>\n              <div class=\"references__logos__single\">\n                                <a href=\"https:\/\/zenseact.com\/\" target=\"_blank\">\n                        <img decoding=\"async\" width=\"94\" height=\"94\" src=\"https:\/\/www.aed-vantage.com\/wp-content\/uploads\/2024\/01\/zenseact-final-1.png\" class=\"attachment-logo_16_9 size-logo_16_9\" alt=\"\" \/>                        <\/a>\n                  <\/div>\n              <div class=\"references__logos__single\">\n                                <a href=\"https:\/\/innoviz.tech\/\" target=\"_blank\">\n                        <img decoding=\"async\" width=\"500\" height=\"308\" src=\"https:\/\/www.aed-vantage.com\/wp-content\/uploads\/2024\/04\/innoviz-logo-grey.png\" class=\"attachment-logo_16_9 size-logo_16_9\" alt=\"\" srcset=\"https:\/\/www.aed-vantage.com\/wp-content\/uploads\/2024\/04\/innoviz-logo-grey.png 500w, https:\/\/www.aed-vantage.com\/wp-content\/uploads\/2024\/04\/innoviz-logo-grey-300x185.png 300w\" sizes=\"(max-width: 500px) 100vw, 500px\" \/>                        <\/a>\n                  <\/div>\n              <div class=\"references__logos__single\">\n                                <a href=\"https:\/\/www.qorvo.com\/innovation\/ultra-wideband\" target=\"_blank\">\n                        <img decoding=\"async\" width=\"500\" height=\"149\" src=\"https:\/\/www.aed-vantage.com\/wp-content\/uploads\/2024\/07\/qorvo-logo-grey-website-500x149.png\" class=\"attachment-logo_16_9 size-logo_16_9\" alt=\"\" srcset=\"https:\/\/www.aed-vantage.com\/wp-content\/uploads\/2024\/07\/qorvo-logo-grey-website-500x149.png 500w, https:\/\/www.aed-vantage.com\/wp-content\/uploads\/2024\/07\/qorvo-logo-grey-website-300x90.png 300w, https:\/\/www.aed-vantage.com\/wp-content\/uploads\/2024\/07\/qorvo-logo-grey-website-1024x306.png 1024w, https:\/\/www.aed-vantage.com\/wp-content\/uploads\/2024\/07\/qorvo-logo-grey-website-768x229.png 768w, https:\/\/www.aed-vantage.com\/wp-content\/uploads\/2024\/07\/qorvo-logo-grey-website-1536x459.png 1536w, https:\/\/www.aed-vantage.com\/wp-content\/uploads\/2024\/07\/qorvo-logo-grey-website-840x251.png 840w, https:\/\/www.aed-vantage.com\/wp-content\/uploads\/2024\/07\/qorvo-logo-grey-website-1308x390.png 1308w, https:\/\/www.aed-vantage.com\/wp-content\/uploads\/2024\/07\/qorvo-logo-grey-website-654x195.png 654w, https:\/\/www.aed-vantage.com\/wp-content\/uploads\/2024\/07\/qorvo-logo-grey-website.png 1926w\" sizes=\"(max-width: 500px) 100vw, 500px\" \/>                        <\/a>\n                  <\/div>\n          <\/div>\n  <\/div>\n<\/div><\/div>\n","protected":false},"excerpt":{"rendered":"<p>Prestaciones Nuestros clientes. Su socio desde hace m\u00e1s de 15 a\u00f1os.<\/p>\n","protected":false},"author":1,"featured_media":0,"parent":0,"menu_order":0,"comment_status":"closed","ping_status":"closed","template":"","meta":{"footnotes":""},"class_list":["post-1645","page","type-page","status-publish","hentry"],"aioseo_notices":[],"acf":[],"_links":{"self":[{"href":"https:\/\/www.aed-vantage.com\/es\/wp-json\/wp\/v2\/pages\/1645","targetHints":{"allow":["GET"]}}],"collection":[{"href":"https:\/\/www.aed-vantage.com\/es\/wp-json\/wp\/v2\/pages"}],"about":[{"href":"https:\/\/www.aed-vantage.com\/es\/wp-json\/wp\/v2\/types\/page"}],"author":[{"embeddable":true,"href":"https:\/\/www.aed-vantage.com\/es\/wp-json\/wp\/v2\/users\/1"}],"replies":[{"embeddable":true,"href":"https:\/\/www.aed-vantage.com\/es\/wp-json\/wp\/v2\/comments?post=1645"}],"version-history":[{"count":10,"href":"https:\/\/www.aed-vantage.com\/es\/wp-json\/wp\/v2\/pages\/1645\/revisions"}],"predecessor-version":[{"id":7955,"href":"https:\/\/www.aed-vantage.com\/es\/wp-json\/wp\/v2\/pages\/1645\/revisions\/7955"}],"wp:attachment":[{"href":"https:\/\/www.aed-vantage.com\/es\/wp-json\/wp\/v2\/media?parent=1645"}],"curies":[{"name":"wp","href":"https:\/\/api.w.org\/{rel}","templated":true}]}}