{"id":1651,"date":"2023-03-31T16:26:06","date_gmt":"2023-03-31T14:26:06","guid":{"rendered":"https:\/\/www.aed-vantage.com\/production-services\/"},"modified":"2025-04-08T15:37:33","modified_gmt":"2025-04-08T13:37:33","slug":"production-services","status":"publish","type":"page","link":"https:\/\/www.aed-vantage.com\/es\/production-services\/","title":{"rendered":"Servicios de Producci\u00f3n"},"content":{"rendered":"\n<div id=\"keyvisualblock_c544aeef1097ca3313b1ff1581a3435d\" class=\"block__keyvisual -detect-in-viewport alignfull\" data-controller=\"keyvisual\">\n\n    <div class=\"keyvisual__background keyvisual__background--video\">\n                    \n                <video src=\"https:\/\/www.aed-vantage.com\/wp-content\/uploads\/2023\/03\/AED_Final_low-1.mp4\" autoplay loop muted><\/video>\n                        <\/div>\n\n            <div class=\"keyvisual__overlay\"><\/div>\n    \n    <div class=\"keyvisual__wrapper\">\n        <div class=\"keyvisual__content__wrapper container\">\n            <div class=\"keyvisual__content inner-blocks\">\n                                                            \n\n<h1 class=\"wp-block-heading\">Servicios de Producci\u00f3n<\/h1>\n\n\n\n<h3 class=\"wp-block-heading\">Del prototipo a la producci\u00f3n en serie<\/h3>\n\n                                                <\/div>\n        <\/div>\n    <\/div>\n    \n<\/div>\n\n\n\n\n<div class=\"wp-block-group is-layout-constrained wp-block-group-is-layout-constrained\"><div class=\"wp-bootstrap-blocks-row row\">\n\t\n\n<div class=\"col-12 col-md-6\">\n\t\t\t\n\n<h2 class=\"wp-block-heading has-cerulean-blue-color has-text-color\">Fabricaci\u00f3n de electr\u00f3nica a medida<\/h2>\n\n\n\n<h3 class=\"wp-block-heading has-grey-300-color has-text-color has-link-color wp-elements-f662e1fec12273ff8eefe4a35d1c7435\">Montaje SMD &#8211; r\u00e1pido y fiable<\/h3>\n\n\t<\/div>\n\n\n\n<div class=\"col-12 col-md-6\">\n\t\t\t\n\n<p>En nuestras instalaciones de M\u00fanich no s\u00f3lo fabricamos nuestros propios productos, sino que tambi\u00e9n aceptamos encantados sus pedidos.<\/p>\n\n\n\n<p>Realizamos montajes flexibles de placas de circuito impreso, desde prototipos hasta peque\u00f1as series. Nuestra moderna infraestructura est\u00e1 optimizada para cambios r\u00e1pidos de producto, por lo que estamos deseando afrontar incluso sus retos m\u00e1s espont\u00e1neos.<\/p>\n\n\n\n<div id=\"buttonblock_6339c6085f4b9e8079ae491ac94474b1\" class=\"block__button -detect-in-viewport button__size--content\">\n  <div class=\"button__color--blue\">\n          <a href=\"#PRODUCTION\" target=\"\" class=\"btn\">\n        <span class=\"button__link__label\">M\u00e1s informaci\u00f3n<\/span>\n      <\/a>\n      <\/div>\n<\/div>\n\t<\/div>\n\n<\/div>\n\n\n\n<div id=\"contactblock_756c1ebc2f450784959f0310cba7aed3\" class=\"block__contact -detect-in-viewport\">\n\n    <div class=\"contact__content-wrapper container\">\n                <div class=\"contact__card block__card\">\n\n            <div class=\"has-background-color--white has-shadow\">\n                <div class=\"contact__card-content-wrapper\">\n                    <div class=\"frm_forms  with_frm_style frm_style_formidable-style\" id=\"frm_form_1_container\" data-token=\"ef07eeda0ce603fd8e661f0aa8a644bd\">\n<form enctype=\"multipart\/form-data\" method=\"post\" class=\"frm-show-form  frm_js_validate  frm_ajax_submit  frm_pro_form \" id=\"form_contact-form\" data-token=\"ef07eeda0ce603fd8e661f0aa8a644bd\">\n<div class=\"frm_form_fields \">\n<fieldset>\n<legend class=\"frm_screen_reader\">Cont\u00e1ctenos<\/legend>\r\n\r\n<div class=\"frm_fields_container\">\n<input type=\"hidden\" name=\"frm_action\" value=\"create\" \/>\n<input type=\"hidden\" name=\"form_id\" value=\"1\" \/>\n<input type=\"hidden\" name=\"frm_hide_fields_1\" id=\"frm_hide_fields_1\" value=\"\" \/>\n<input type=\"hidden\" name=\"form_key\" value=\"contact-form\" \/>\n<input type=\"hidden\" name=\"item_meta[0]\" value=\"\" \/>\n<input type=\"hidden\" id=\"frm_submit_entry_1\" name=\"frm_submit_entry_1\" value=\"e0c5a984ad\" \/><input type=\"hidden\" name=\"_wp_http_referer\" value=\"\/es\/wp-json\/wp\/v2\/pages\/1651\" \/><div id=\"frm_field_1_container\" class=\"frm_form_field form-field  frm_required_field frm_top_container frm_first frm_half\">\r\n    <label for=\"field_qh4icy\" id=\"field_qh4icy_label\" class=\"frm_primary_label\">Nombre\r\n        <span class=\"frm_required\" aria-hidden=\"true\">*<\/span>\r\n    <\/label>\r\n    <input  type=\"text\" id=\"field_qh4icy\" name=\"item_meta[1]\" value=\"\"  placeholder=\"Su nombre\" data-reqmsg=\"Este campo no debe estar vac\u00edo.\" aria-required=\"true\" data-invmsg=\"El campo Nombre no es v\u00e1lido.\" aria-invalid=\"false\"   \/>\r\n    \r\n    \r\n<\/div>\n<div id=\"frm_field_2_container\" class=\"frm_form_field form-field  frm_top_container frm_half\">\r\n    <label for=\"field_ocfup1\" id=\"field_ocfup1_label\" class=\"frm_primary_label\">Tel\u00e9fono\r\n        <span class=\"frm_required\" aria-hidden=\"true\"><\/span>\r\n    <\/label>\r\n    <input  type=\"text\" id=\"field_ocfup1\" name=\"item_meta[2]\" value=\"\"  placeholder=\"999-999-9999\" data-invmsg=\"La \u00faltima entrada no es v\u00e1lida.\" aria-invalid=\"false\"   \/>\r\n    \r\n    \r\n<\/div>\n<div id=\"frm_field_3_container\" class=\"frm_form_field form-field  frm_required_field frm_top_container frm_full\">\r\n    <label for=\"field_29yf4d\" id=\"field_29yf4d_label\" class=\"frm_primary_label\">Email\r\n        <span class=\"frm_required\" aria-hidden=\"true\">*<\/span>\r\n    <\/label>\r\n    <input type=\"email\" id=\"field_29yf4d\" name=\"item_meta[3]\" value=\"\"  placeholder=\"sunombre@email.com\" data-reqmsg=\"Este campo no debe estar vac\u00edo.\" aria-required=\"true\" data-invmsg=\"Introduzca una direcci\u00f3n de correo electr\u00f3nico v\u00e1lida.\" aria-invalid=\"false\"  \/>\r\n    \r\n    \r\n<\/div>\n<div id=\"frm_field_24_container\" class=\"frm_form_field form-field  frm_top_container frm_full\">\r\n    <label for=\"field_hgw4t\" id=\"field_hgw4t_label\" class=\"frm_primary_label\">\u00bfComo supo de nosotros?\r\n        <span class=\"frm_required\" aria-hidden=\"true\"><\/span>\r\n    <\/label>\r\n    \t\t<select name=\"item_meta[24]\" id=\"field_hgw4t\"  data-invmsg=\"\u00bfComo supo de nosotros? no es v\u00e1lido\" aria-invalid=\"false\"  >\n\t\t<option  value=\"\" selected='selected'> <\/option><option  value=\"Colleagues, friends, etc.\">Compa\u00f1eros, amigos, familiares, etc<\/option><option  value=\"Search engines, like Google etc.\">Search engines, like Google etc.<\/option><option  value=\"Trade shows, events with AED\">Trade shows, events with AED<\/option><option  value=\"Social Media, like LinkedIn etc.\">Social Media, like LinkedIn etc.<\/option><option  value=\"Other\">Otros<\/option>\t<\/select>\n\t\r\n    \r\n    \r\n<\/div>\n<div id=\"frm_field_25_container\" class=\"frm_form_field form-field  frm_top_container frm_full\">\r\n    <label for=\"field_a3oqp\" id=\"field_a3oqp_label\" class=\"frm_primary_label\">\r\n        <span class=\"frm_required\" aria-hidden=\"true\"><\/span>\r\n    <\/label>\r\n    <input  type=\"text\" id=\"field_a3oqp\" name=\"item_meta[25]\" value=\"\"  placeholder=\"M\u00e1s informaci\u00f3n\" data-invmsg=\"Text is invalid\" aria-invalid=\"false\"   \/>\r\n    \r\n    \r\n<\/div>\n<div id=\"frm_field_5_container\" class=\"frm_form_field form-field  frm_required_field frm_top_container frm_full\">\r\n    <label for=\"field_9jv0r1\" id=\"field_9jv0r1_label\" class=\"frm_primary_label\">Mensaje\r\n        <span class=\"frm_required\" aria-hidden=\"true\">*<\/span>\r\n    <\/label>\r\n    <textarea name=\"item_meta[5]\" id=\"field_9jv0r1\" rows=\"5\"  placeholder=\"Su mensaje\" data-reqmsg=\"Este campo no debe estar vac\u00edo.\" aria-required=\"true\" data-invmsg=\"Message is invalid\" aria-invalid=\"false\"  ><\/textarea>\r\n    \r\n    \r\n<\/div>\n<div id=\"frm_field_6_container\" class=\"frm_form_field form-field  frm_required_field frm_top_container vertical_radio\">\r\n    <div  id=\"field_vyz87_label\" class=\"frm_primary_label\">\r\n        <span class=\"frm_required\" aria-hidden=\"true\"><\/span>\r\n    <\/div>\r\n    <div class=\"frm_opt_container\" aria-labelledby=\"field_vyz87_label\" role=\"group\">\t\t<div class=\"frm_checkbox\" id=\"frm_checkbox_6-0\">\t\t\t<label  for=\"field_vyz87-0\">\n\t\t\t<input type=\"checkbox\" name=\"item_meta[6][]\" id=\"field_vyz87-0\" value=\"I have read and accept the data protection\"  data-reqmsg=\"This field cannot be blank.\" data-invmsg=\"Este campo no es v\u00e1lido\"   aria-required=\"true\"  \/> He le\u00eddo y acepto la protecci\u00f3n de datos.<\/label><\/div>\n<\/div>\r\n    \r\n    \r\n<\/div>\n<div id=\"frm_field_37_container\" class=\"frm_form_field form-field \">\n\t<div class=\"frm_submit\">\r\n\r\n<button class=\"frm_button_submit frm_final_submit\" type=\"submit\"   formnovalidate=\"formnovalidate\">Send<\/button>\r\n\r\n\r\n<\/div>\n<\/div>\n\t<input type=\"hidden\" name=\"item_key\" value=\"\" \/>\n\t\t\t<div id=\"frm_field_50_container\">\n\t\t\t<label for=\"field_9lfkr\" >\n\t\t\t\tSi eres humano, deja este campo en blanco.\t\t\t<\/label>\n\t\t\t<input  id=\"field_9lfkr\" type=\"text\" class=\"frm_form_field form-field frm_verify\" name=\"item_meta[50]\" value=\"\"  \/>\n\t\t<\/div>\n\t\t<input name=\"frm_state\" type=\"hidden\" value=\"KDZALcuSi2U4R9sa1SAmbP7kP1sAmdrorBiTaisd5pgtgEpvcTO9+VEVAYOnPoK5\" \/><\/div>\n<\/fieldset>\n<\/div>\n\n<\/form>\n<\/div>\n                <\/div>\n            <\/div>\n        <\/div>\n                <div class=\"contact__text\">\n            <h3>Contact\u00e9nos<\/h3>\n<h2>\u00bfC\u00f3mo podemos ayudarle?<\/h2>\n<p class=\"has-large-font-size\">Para obtener m\u00e1s informaci\u00f3n sobre nuestras ofertas de empleo, p\u00f3ngase en contacto con nosotros con su consulta espec\u00edfica y nos pondremos en contacto con usted lo antes posible.<\/p>\n        <\/div>\n    <\/div>\n<\/div><\/div>\n\n\n<p id=\"PRODUCTION\">\n\n\n<div class=\"wp-block-group has-platinum-grey-background-color has-background is-layout-constrained wp-block-group-is-layout-constrained\"><div class=\"wp-bootstrap-blocks-container container mb-2\">\n\t\n\n<h2 class=\"wp-block-heading has-text-align-center has-cerulean-blue-color has-text-color\">Montaje de PCB: r\u00e1pido e impecable desde la primera pieza<\/h2>\n\n\n<div class=\"wp-bootstrap-blocks-row row\">\n\t\n\n<div class=\"col-12 col-md-6 order-sm-2\">\n\t\t\t\n\n<div id=\"animationblock_bf0efa1f36b889ee9e4c4a273c8f57e4\" class=\"block__animation -detect-in-viewport\">\n  <div class=\"animation__inner-blocks inner-blocks animate__animated animate__fadeInLeft animate__delay-default\">\n    \n\n<p>Stencil less jetprinting Impresora por inyecci\u00f3n sin plantilla de la soldadura en pasta, monitoreada digitalmente, la configuraci\u00f3n de la m\u00e1quina sin errores, as\u00ed como el horno de fase de vapor seguro para el proceso que garantiza la temperatura de soldadura ideal, convierten cada muestra inicial en una muestra impecable. \u00a1Somos r\u00e1pidos, confiables y rentables! Nuestra l\u00ednea y servicios de un vistazo:<\/p>\n\n\n\n<ul class=\"wp-block-list\">\n<li>Impresora por inyecci\u00f3n en lugar de la impresi\u00f3n de pasta de soldadura basada en plantillas.\n<ul class=\"wp-block-list\">\n<li>Sin costes ni plazos de entrega de stencil.<\/li>\n\n\n\n<li>Optimizaci\u00f3n de la soldadura en pasta v\u00eda software antes y durante la producci\u00f3n sin la necesidad de redise\u00f1ar el stencil.<\/li>\n<\/ul>\n<\/li>\n\n\n\n<li>Soldadura en base de vapor.\n<ul class=\"wp-block-list\">\n<li>Fiabilidad del proceso desde la primera PCBA.<\/li>\n\n\n\n<li>Resultados fiables incluso con masas de componentes muy diferentes.<\/li>\n\n\n\n<li>Bajo consumo de recursos.<\/li>\n<\/ul>\n<\/li>\n\n\n\n<li>Inspecci\u00f3n \u00f3ptica semiautom\u00e1tica de cada PCB.\n<ul class=\"wp-block-list\">\n<li>Sin costes ni plazos de entrega para la creaci\u00f3n del programa AOI. Detecci\u00f3n fiable de fallos.<\/li>\n\n\n\n<li>Detecci\u00f3n confiable de fallos.<\/li>\n<\/ul>\n<\/li>\n\n\n\n<li>Producci\u00f3n de alta calidad seg\u00fan IPC-A-610 clase 3<\/li>\n\n\n\n<li>Entorno protegido contra ESD.<\/li>\n\n\n\n<li>Amplia gama de posibles componentes\n<ul class=\"wp-block-list\">\n<li><strong>Huella m\u00e1s peque\u00f1a<\/strong>:<br>Componentes del chip 0201<br>Paso de 0,4 mm<\/li>\n\n\n\n<li><strong>Huella m\u00e1s grande<\/strong><br>140 mm de largo x 73 mm de ancho x 15 mm de alto para cantidades de hasta 5 componentes por placa de circuito impreso<br>28 mm de superficie base diagonal x 5,6 mm de altura para el resto de componentes<\/li>\n<\/ul>\n<\/li>\n\n\n\n<li>Procesamiento r\u00e1pido de pedidos: 10 WD est\u00e1ndar, 5 WD Express.<\/li>\n\n\n\n<li>Modelo de precios simple y atractivo:&nbsp;<a href=\"https:\/\/www.aed-vantage.com\/wp-content\/uploads\/2023\/08\/Pricelist-Production-August-2023-English.pdf\" target=\"_blank\" rel=\"noopener\" title=\"\">M\u00e1s informaci\u00f3n.<\/a><\/li>\n<\/ul>\n\n  <\/div>\n\n<\/div>\n\t<\/div>\n\n\n\n<div class=\"col-12 col-md-6 order-sm-1\">\n\t\t\t\n\n<div id=\"animationblock_7f5c5f0b6dda3eb6ce37598469dec019\" class=\"block__animation -detect-in-viewport\">\n  <div class=\"animation__inner-blocks inner-blocks animate__animated animate__fadeInRight animate__delay-default\">\n    \n\n<figure class=\"wp-block-image size-large\"><img decoding=\"async\" width=\"1024\" height=\"672\" src=\"https:\/\/www.aed-vantage.com\/wp-content\/uploads\/2023\/04\/WMW_6021-copy-1024x672.webp\" alt=\"\" class=\"wp-image-2667\" srcset=\"https:\/\/www.aed-vantage.com\/wp-content\/uploads\/2023\/04\/WMW_6021-copy-1024x672.webp 1024w, https:\/\/www.aed-vantage.com\/wp-content\/uploads\/2023\/04\/WMW_6021-copy-300x197.webp 300w, https:\/\/www.aed-vantage.com\/wp-content\/uploads\/2023\/04\/WMW_6021-copy-768x504.webp 768w, https:\/\/www.aed-vantage.com\/wp-content\/uploads\/2023\/04\/WMW_6021-copy-469x308.webp 469w, https:\/\/www.aed-vantage.com\/wp-content\/uploads\/2023\/04\/WMW_6021-copy-840x552.webp 840w, https:\/\/www.aed-vantage.com\/wp-content\/uploads\/2023\/04\/WMW_6021-copy-1121x736.webp 1121w, https:\/\/www.aed-vantage.com\/wp-content\/uploads\/2023\/04\/WMW_6021-copy-560x368.webp 560w, https:\/\/www.aed-vantage.com\/wp-content\/uploads\/2023\/04\/WMW_6021-copy.webp 1500w\" sizes=\"(max-width: 1024px) 100vw, 1024px\" \/><\/figure>\n\n\n\n<figure class=\"wp-block-image size-large is-resized\"><img decoding=\"async\" width=\"1024\" height=\"682\" src=\"https:\/\/www.aed-vantage.com\/wp-content\/uploads\/2023\/03\/WMW_6141-copy-1024x682.jpg\" alt=\"\" class=\"wp-image-387\" style=\"width:615px;height:409px\" srcset=\"https:\/\/www.aed-vantage.com\/wp-content\/uploads\/2023\/03\/WMW_6141-copy-1024x682.jpg 1024w, https:\/\/www.aed-vantage.com\/wp-content\/uploads\/2023\/03\/WMW_6141-copy-300x200.jpg 300w, https:\/\/www.aed-vantage.com\/wp-content\/uploads\/2023\/03\/WMW_6141-copy-768x511.jpg 768w, https:\/\/www.aed-vantage.com\/wp-content\/uploads\/2023\/03\/WMW_6141-copy-462x308.jpg 462w, https:\/\/www.aed-vantage.com\/wp-content\/uploads\/2023\/03\/WMW_6141-copy-840x559.jpg 840w, https:\/\/www.aed-vantage.com\/wp-content\/uploads\/2023\/03\/WMW_6141-copy-1105x736.jpg 1105w, https:\/\/www.aed-vantage.com\/wp-content\/uploads\/2023\/03\/WMW_6141-copy-553x368.jpg 553w, https:\/\/www.aed-vantage.com\/wp-content\/uploads\/2023\/03\/WMW_6141-copy.jpg 1500w\" sizes=\"(max-width: 1024px) 100vw, 1024px\" \/><\/figure>\n\n  <\/div>\n\n<\/div>\n\t<\/div>\n\n<\/div>\n\n<\/div>\n<\/div>\n\n\n\n<div class=\"wp-block-group is-layout-constrained wp-block-group-is-layout-constrained\">\n<h2 class=\"wp-block-heading has-text-align-center has-cerulean-blue-color has-text-color\">Ensamblaje del dispositivo, primera operaci\u00f3n y prueba<\/h2>\n\n\n\n<div id=\"cardblock_d7f78404ea44f2aaf5c2060dd86ab39a\" class=\"block__card alignfull -detect-in-viewport\">\n  <div class=\"has-background-color--transparent has-image has-image--left has-image-settings--original\">\n\n          <div class=\"card__image-wrapper animate__animated animate__delay-default animate__fadeInLeft\">\n\n                  <img decoding=\"async\" width=\"565\" height=\"368\" src=\"https:\/\/www.aed-vantage.com\/wp-content\/uploads\/2023\/04\/Picture-2-565x368.webp\" class=\"attachment-container_half size-container_half\" alt=\"Installation test system for the serdes logging adapter\" srcset=\"https:\/\/www.aed-vantage.com\/wp-content\/uploads\/2023\/04\/Picture-2-565x368.webp 565w, https:\/\/www.aed-vantage.com\/wp-content\/uploads\/2023\/04\/Picture-2-300x195.webp 300w, https:\/\/www.aed-vantage.com\/wp-content\/uploads\/2023\/04\/Picture-2-1024x667.webp 1024w, https:\/\/www.aed-vantage.com\/wp-content\/uploads\/2023\/04\/Picture-2-768x500.webp 768w, https:\/\/www.aed-vantage.com\/wp-content\/uploads\/2023\/04\/Picture-2-1536x1000.webp 1536w, https:\/\/www.aed-vantage.com\/wp-content\/uploads\/2023\/04\/Picture-2-473x308.webp 473w, https:\/\/www.aed-vantage.com\/wp-content\/uploads\/2023\/04\/Picture-2-840x547.webp 840w, https:\/\/www.aed-vantage.com\/wp-content\/uploads\/2023\/04\/Picture-2-1130x736.webp 1130w, https:\/\/www.aed-vantage.com\/wp-content\/uploads\/2023\/04\/Picture-2.webp 1958w\" sizes=\"(max-width: 565px) 100vw, 565px\" \/>        \n        \n      <\/div>\n    \n    <div class=\"card__content-wrapper animate__animated animate__delay-default animate__fadeInRight\">\n      <div class=\"card__inner-blocks inner-blocks\">\n        \n\n<p>Despu\u00e9s de ensamblar las placas de circuito impreso, estaremos encantados de encargarnos de la terminaci\u00f3n final de su producto.<\/p>\n\n\n\n<p>La gesti\u00f3n de calidad constante, los procesos establecidos del sector automotriz y nuestra atenci\u00f3n al detalle crean dispositivos exactamente de acuerdo con las especificaciones del cliente.<\/p>\n\n\n\n<p><strong>Nuestros servicios de un vistazo:<\/strong><\/p>\n\n\n\n<ul class=\"wp-block-list\">\n<li>Montaje mec\u00e1nico.<\/li>\n\n\n\n<li>Cableado \/ producci\u00f3n de arneses de cables espec\u00edficos del producto.<\/li>\n\n\n\n<li>Instalaci\u00f3n de software.<\/li>\n\n\n\n<li>Ejecuci\u00f3n de pruebas manuales y autom\u00e1ticas.<\/li>\n\n\n\n<li>Calibraci\u00f3n manual y autom\u00e1tica.<\/li>\n\n\n\n<li>Fabricaci\u00f3n de adaptadores de lecho de agujas espec\u00edficos del producto.<\/li>\n\n\n\n<li>Documentaci\u00f3n del proceso de fabricaci\u00f3n.<\/li>\n<\/ul>\n\n      <\/div>\n    <\/div>\n  <\/div>\n<\/div><\/div>\n\n\n\n<div class=\"wp-block-group has-platinum-grey-background-color has-background is-layout-constrained wp-block-group-is-layout-constrained\">\n<h2 class=\"wp-block-heading has-text-align-center has-cerulean-blue-color has-text-color\">Fresado CNC<\/h2>\n\n\n\n<div id=\"cardblock_a7bf2cc7211d19d71869f2aee8dccab2\" class=\"block__card alignfull -detect-in-viewport\">\n  <div class=\"has-background-color--transparent has-image has-image--right has-image-settings--\">\n\n          <div class=\"card__image-wrapper animate__animated animate__delay-default animate__fadeInRight\">\n\n                  <img decoding=\"async\" width=\"552\" height=\"368\" src=\"https:\/\/www.aed-vantage.com\/wp-content\/uploads\/2023\/04\/Picture-3-552x368.webp\" class=\"attachment-container_half size-container_half\" alt=\"CNC milling\" srcset=\"https:\/\/www.aed-vantage.com\/wp-content\/uploads\/2023\/04\/Picture-3-552x368.webp 552w, https:\/\/www.aed-vantage.com\/wp-content\/uploads\/2023\/04\/Picture-3-300x200.webp 300w, https:\/\/www.aed-vantage.com\/wp-content\/uploads\/2023\/04\/Picture-3-1024x683.webp 1024w, https:\/\/www.aed-vantage.com\/wp-content\/uploads\/2023\/04\/Picture-3-768x512.webp 768w, https:\/\/www.aed-vantage.com\/wp-content\/uploads\/2023\/04\/Picture-3-462x308.webp 462w, https:\/\/www.aed-vantage.com\/wp-content\/uploads\/2023\/04\/Picture-3-840x560.webp 840w, https:\/\/www.aed-vantage.com\/wp-content\/uploads\/2023\/04\/Picture-3-1104x736.webp 1104w, https:\/\/www.aed-vantage.com\/wp-content\/uploads\/2023\/04\/Picture-3.webp 1500w\" sizes=\"(max-width: 552px) 100vw, 552px\" \/>        \n        \n      <\/div>\n    \n    <div class=\"card__content-wrapper animate__animated animate__delay-default animate__fadeInLeft\">\n      <div class=\"card__inner-blocks inner-blocks\">\n        \n\n<p>Ya sea una carcasa, un disipador de calor, un panel frontal o una plantilla para ensamblar geometr\u00edas de PCB desafiantes, los componentes est\u00e1ndar a menudo no encajan.<\/p>\n\n\n\n<p>Nuestra m\u00e1quina de fresado CNC est\u00e1 preparada para completar su t\u00e9cnica con el traje mec\u00e1nico adecuado a medida.<\/p>\n\n\n\n<p><strong>De una sola fuente, le ofrecemos:<\/strong><\/p>\n\n\n\n<ul class=\"wp-block-list\">\n<li>Servicio de dise\u00f1o.<\/li>\n\n\n\n<li>Creaci\u00f3n de procesos CAM.<\/li>\n\n\n\n<li>Fresado CNC 3-axis.<\/li>\n\n\n\n<li>Fabricaci\u00f3n de plantillas.<\/li>\n\n\n\n<li>Chorro de arena de piezas fresadas.<\/li>\n<\/ul>\n\n      <\/div>\n    <\/div>\n  <\/div>\n<\/div><\/div>\n\n\n\n<div class=\"wp-block-group is-layout-constrained wp-block-group-is-layout-constrained\">\n<h2 class=\"wp-block-heading has-text-align-center has-cerulean-blue-color has-text-color\">Grabado l\u00e1ser<\/h2>\n\n\n\n<div id=\"cardblock_c3a2f1dbe8bfb5127b92f0536ee15033\" class=\"block__card alignfull -detect-in-viewport\">\n  <div class=\"has-background-color--transparent has-image has-image--left has-image-settings--\">\n\n          <div class=\"card__image-wrapper animate__animated animate__delay-default animate__fadeInLeft\">\n\n                  <img decoding=\"async\" width=\"552\" height=\"368\" src=\"https:\/\/www.aed-vantage.com\/wp-content\/uploads\/2023\/04\/WMW_6379-copy-552x368.webp\" class=\"attachment-container_half size-container_half\" alt=\"Laser engraving serdes logging adapter\" srcset=\"https:\/\/www.aed-vantage.com\/wp-content\/uploads\/2023\/04\/WMW_6379-copy-552x368.webp 552w, https:\/\/www.aed-vantage.com\/wp-content\/uploads\/2023\/04\/WMW_6379-copy-300x200.webp 300w, https:\/\/www.aed-vantage.com\/wp-content\/uploads\/2023\/04\/WMW_6379-copy-1024x683.webp 1024w, https:\/\/www.aed-vantage.com\/wp-content\/uploads\/2023\/04\/WMW_6379-copy-768x512.webp 768w, https:\/\/www.aed-vantage.com\/wp-content\/uploads\/2023\/04\/WMW_6379-copy-462x308.webp 462w, https:\/\/www.aed-vantage.com\/wp-content\/uploads\/2023\/04\/WMW_6379-copy-840x560.webp 840w, https:\/\/www.aed-vantage.com\/wp-content\/uploads\/2023\/04\/WMW_6379-copy-1104x736.webp 1104w, https:\/\/www.aed-vantage.com\/wp-content\/uploads\/2023\/04\/WMW_6379-copy.webp 1500w\" sizes=\"(max-width: 552px) 100vw, 552px\" \/>        \n        \n      <\/div>\n    \n    <div class=\"card__content-wrapper animate__animated animate__delay-default animate__fadeInRight\">\n      <div class=\"card__inner-blocks inner-blocks\">\n        \n\n<p>Nuestros grabados l\u00e1ser son nobles y duraderos.<\/p>\n\n\n\n<p>Convenza a sus clientes desde el primer contacto con una apariencia de alta calidad de su producto.<\/p>\n\n\n\n<p><strong>Nuestro l\u00e1ser de fibra graba:<\/strong><\/p>\n\n\n\n<ul class=\"wp-block-list\">\n<li>Texto est\u00e1tico.<\/li>\n\n\n\n<li>Gr\u00e1ficos y logotipos.<\/li>\n\n\n\n<li>N\u00fameros de serie secuenciales seg\u00fan el esquema del cliente.<\/li>\n\n\n\n<li>C\u00f3digos QR.<\/li>\n<\/ul>\n\n      <\/div>\n    <\/div>\n  <\/div>\n<\/div><\/div>\n\n\n\n<div class=\"wp-block-group has-platinum-grey-background-color has-background is-layout-constrained wp-block-group-is-layout-constrained\">\n<h2 class=\"wp-block-heading has-text-align-center has-cerulean-blue-color has-text-color\">Compras y almacenamiento<\/h2>\n\n\n\n<div id=\"cardblock_7381abf4a3758dc827a9ac106da2f2fc\" class=\"block__card alignfull -detect-in-viewport\">\n  <div class=\"has-background-color--transparent has-image has-image--right has-image-settings--\">\n\n          <div class=\"card__image-wrapper animate__animated animate__delay-default animate__fadeInRight\">\n\n                  <img decoding=\"async\" width=\"552\" height=\"368\" src=\"https:\/\/www.aed-vantage.com\/wp-content\/uploads\/2023\/04\/WMW_6333-copy-552x368.webp\" class=\"attachment-container_half size-container_half\" alt=\"An employee working in the production picking up some PCB components\" srcset=\"https:\/\/www.aed-vantage.com\/wp-content\/uploads\/2023\/04\/WMW_6333-copy-552x368.webp 552w, https:\/\/www.aed-vantage.com\/wp-content\/uploads\/2023\/04\/WMW_6333-copy-300x200.webp 300w, https:\/\/www.aed-vantage.com\/wp-content\/uploads\/2023\/04\/WMW_6333-copy-1024x683.webp 1024w, https:\/\/www.aed-vantage.com\/wp-content\/uploads\/2023\/04\/WMW_6333-copy-768x512.webp 768w, https:\/\/www.aed-vantage.com\/wp-content\/uploads\/2023\/04\/WMW_6333-copy-462x308.webp 462w, https:\/\/www.aed-vantage.com\/wp-content\/uploads\/2023\/04\/WMW_6333-copy-840x560.webp 840w, https:\/\/www.aed-vantage.com\/wp-content\/uploads\/2023\/04\/WMW_6333-copy-1104x736.webp 1104w, https:\/\/www.aed-vantage.com\/wp-content\/uploads\/2023\/04\/WMW_6333-copy.webp 1500w\" sizes=\"(max-width: 552px) 100vw, 552px\" \/>        \n        \n      <\/div>\n    \n    <div class=\"card__content-wrapper animate__animated animate__delay-default animate__fadeInLeft\">\n      <div class=\"card__inner-blocks inner-blocks\">\n        \n\n<p>Nos hacemos cargo de la compra completa de todos los componentes o componentes ensamblados proporcionados por el cliente, incluso las unidades de embalaje dif\u00edciles. Para los componentes est\u00e1ndar, nuestro gran almac\u00e9n mantiene tiempos de entrega bajos y una buena relaci\u00f3n con varios proveedores de apoyo con componentes de largo tiempo de entrega.<\/p>\n\n\n\n<p>Sin embargo, si se requiere un componente alternativo, estaremos encantados de ayudarle con sugerencias adecuadas.<\/p>\n\n\n\n<p>Compramos placas de circuito impreso de nuestros proveedores establecidos y optimizamos el dise\u00f1o del panel para los requisitos de nuestra l\u00ednea por adelantado. De esta manera, \u00a1ambos nos beneficiamos de un proceso fluido, r\u00e1pido y que ahorra recursos!<\/p>\n\n      <\/div>\n    <\/div>\n  <\/div>\n<\/div><\/div>\n","protected":false},"excerpt":{"rendered":"<p>Ensamblaje del dispositivo, primera operaci\u00f3n y prueba Fresado CNC Grabado l\u00e1ser Compras y almacenamiento<\/p>\n","protected":false},"author":1,"featured_media":0,"parent":0,"menu_order":0,"comment_status":"closed","ping_status":"closed","template":"","meta":{"footnotes":""},"class_list":["post-1651","page","type-page","status-publish","hentry"],"aioseo_notices":[],"acf":[],"_links":{"self":[{"href":"https:\/\/www.aed-vantage.com\/es\/wp-json\/wp\/v2\/pages\/1651","targetHints":{"allow":["GET"]}}],"collection":[{"href":"https:\/\/www.aed-vantage.com\/es\/wp-json\/wp\/v2\/pages"}],"about":[{"href":"https:\/\/www.aed-vantage.com\/es\/wp-json\/wp\/v2\/types\/page"}],"author":[{"embeddable":true,"href":"https:\/\/www.aed-vantage.com\/es\/wp-json\/wp\/v2\/users\/1"}],"replies":[{"embeddable":true,"href":"https:\/\/www.aed-vantage.com\/es\/wp-json\/wp\/v2\/comments?post=1651"}],"version-history":[{"count":10,"href":"https:\/\/www.aed-vantage.com\/es\/wp-json\/wp\/v2\/pages\/1651\/revisions"}],"predecessor-version":[{"id":7912,"href":"https:\/\/www.aed-vantage.com\/es\/wp-json\/wp\/v2\/pages\/1651\/revisions\/7912"}],"wp:attachment":[{"href":"https:\/\/www.aed-vantage.com\/es\/wp-json\/wp\/v2\/media?parent=1651"}],"curies":[{"name":"wp","href":"https:\/\/api.w.org\/{rel}","templated":true}]}}