{"id":1657,"date":"2023-03-31T16:26:22","date_gmt":"2023-03-31T14:26:22","guid":{"rendered":"https:\/\/www.aed-vantage.com\/verification-validation\/"},"modified":"2025-04-09T15:03:06","modified_gmt":"2025-04-09T13:03:06","slug":"verification-validation","status":"publish","type":"page","link":"https:\/\/www.aed-vantage.com\/es\/verification-validation\/","title":{"rendered":"Verificaci\u00f3n y validaci\u00f3n"},"content":{"rendered":"\n<div id=\"keyvisualblock_5c1a85067aff9ac3d942c4ba6eed7857\" class=\"block__keyvisual -detect-in-viewport alignfull\" data-controller=\"keyvisual\">\n\n    <div class=\"keyvisual__background \">\n                                    <img decoding=\"async\" width=\"875\" height=\"547\" src=\"https:\/\/www.aed-vantage.com\/wp-content\/uploads\/2023\/03\/cabecera-integration.jpg\" class=\"attachment-fullscreen_16_9 size-fullscreen_16_9\" alt=\"Testing of a PCB\" srcset=\"https:\/\/www.aed-vantage.com\/wp-content\/uploads\/2023\/03\/cabecera-integration.jpg 875w, https:\/\/www.aed-vantage.com\/wp-content\/uploads\/2023\/03\/cabecera-integration-300x188.jpg 300w, https:\/\/www.aed-vantage.com\/wp-content\/uploads\/2023\/03\/cabecera-integration-768x480.jpg 768w, https:\/\/www.aed-vantage.com\/wp-content\/uploads\/2023\/03\/cabecera-integration-493x308.jpg 493w, https:\/\/www.aed-vantage.com\/wp-content\/uploads\/2023\/03\/cabecera-integration-840x525.jpg 840w, https:\/\/www.aed-vantage.com\/wp-content\/uploads\/2023\/03\/cabecera-integration-589x368.jpg 589w\" sizes=\"(max-width: 875px) 100vw, 875px\" \/>                        <\/div>\n\n            <div class=\"keyvisual__overlay\"><\/div>\n    \n    <div class=\"keyvisual__wrapper\">\n        <div class=\"keyvisual__content__wrapper container\">\n            <div class=\"keyvisual__content inner-blocks\">\n                                    \n\n<h1 class=\"wp-block-heading\">Verificaci\u00f3n y validaci\u00f3n<\/h1>\n\n                            <\/div>\n        <\/div>\n    <\/div>\n    \n<\/div>\n\n\n\n\n<h2 class=\"wp-block-heading has-text-align-center has-cerulean-blue-color has-text-color\">Sistemas de prueba personalizados &#8212; De lo simple a lo complejo<\/h2>\n\n\n<div class=\"wp-bootstrap-blocks-row row align-items-center\">\n\t\n\n<div class=\"col-12 col-md-6\">\n\t\t\t\n\n<p>AED Vantage planifica y desarrolla sistemas de pruebas automotrices para sus necesidades individuales, incluidos los componentes de hardware y software. Con nuestras soluciones, puede realizar pruebas funcionales semiautom\u00e1ticas o realizar pruebas de cualificaci\u00f3n complejas y totalmente automatizadas. Seg\u00fan sus necesidades, podemos ampliar su banco de pruebas existente. Al hacerlo, integramos a la perfecci\u00f3n nuestras interfaces de software en las soluciones de automatizaci\u00f3n existentes o trabajamos con herramientas de automatizaci\u00f3n de pruebas establecidas, como Banco de Pruebas NI, Tracetronic ECU Test o Robot Framework. Como partner de National Instruments, tenemos una amplia experiencia con NI LabVIEW y las plataformas de hardware PXI y cRIO.<\/p>\n\n\n\n<p>Independientemente de la soluci\u00f3n que elija en \u00faltima instancia, el sistema de prueba AED Vantage le permite replicar una cantidad ilimitada de componentes de bus de campo. Incluso las pruebas totalmente automatizadas se pueden implementar sin esfuerzo.<\/p>\n\n\n\n<p>Si est\u00e1 interesado en desarrollar su propio concepto de prueba de ECU, pero no tiene el tiempo ni los recursos para hacerlo, estaremos encantados de brindarle apoyo profesional.<\/p>\n\n\t<\/div>\n\n\n\n<div class=\"col-12 col-md-6\">\n\t\t\t\n\n<p class=\"has-cerulean-blue-color has-text-color\"><strong>Como por ejemplo:<\/strong><\/p>\n\n\n\n<ul class=\"wp-block-list\">\n<li>Desarrollo de conceptos.<\/li>\n\n\n\n<li>Automatizaci\u00f3n de pruebas (ej. Pruebas ECU, Robot Framework, NI Test Stand).<\/li>\n\n\n\n<li>Desarrollo de software (ej. Automatizaci\u00f3n de pruebas o simulaciones de barras residuales basadas en Vector CANoe).<\/li>\n\n\n\n<li>Desarrollo de soluciones Pickering para inserci\u00f3n de fallas.<\/li>\n\n\n\n<li>Simulaci\u00f3n de Resistencia.<\/li>\n<\/ul>\n\n\t<\/div>\n\n<\/div>\n\n\n\n<div class=\"wp-block-group has-platinum-grey-background-color has-background is-layout-constrained wp-block-group-is-layout-constrained\"><div class=\"wp-bootstrap-blocks-container container mb-2\">\n\t\n\n<h2 class=\"wp-block-heading has-text-align-center has-cerulean-blue-color has-text-color\">Pruebas de sistemas a nivel funcional<\/h2>\n\n\n\n<div id=\"cardblock_2c2aa879feec3568c741c931106536d5\" class=\"block__card alignwide -detect-in-viewport\">\n  <div class=\"has-background-color--transparent has-image has-image--right has-image-settings--logo\">\n\n          <div class=\"card__image-wrapper animate__animated animate__delay-default animate__fadeInRight\">\n\n                  <img decoding=\"async\" width=\"253\" height=\"368\" src=\"https:\/\/www.aed-vantage.com\/wp-content\/uploads\/2023\/05\/HMI_Ausstellershop-transparent-253x368.webp\" class=\"attachment-container_half size-container_half\" alt=\"AED testsystem HMI\" srcset=\"https:\/\/www.aed-vantage.com\/wp-content\/uploads\/2023\/05\/HMI_Ausstellershop-transparent-253x368.webp 253w, https:\/\/www.aed-vantage.com\/wp-content\/uploads\/2023\/05\/HMI_Ausstellershop-transparent-206x300.webp 206w, https:\/\/www.aed-vantage.com\/wp-content\/uploads\/2023\/05\/HMI_Ausstellershop-transparent-704x1024.webp 704w, https:\/\/www.aed-vantage.com\/wp-content\/uploads\/2023\/05\/HMI_Ausstellershop-transparent-768x1117.webp 768w, https:\/\/www.aed-vantage.com\/wp-content\/uploads\/2023\/05\/HMI_Ausstellershop-transparent-212x308.webp 212w, https:\/\/www.aed-vantage.com\/wp-content\/uploads\/2023\/05\/HMI_Ausstellershop-transparent-413x600.webp 413w, https:\/\/www.aed-vantage.com\/wp-content\/uploads\/2023\/05\/HMI_Ausstellershop-transparent-506x736.webp 506w, https:\/\/www.aed-vantage.com\/wp-content\/uploads\/2023\/05\/HMI_Ausstellershop-transparent.webp 868w\" sizes=\"(max-width: 253px) 100vw, 253px\" \/>        \n        \n      <\/div>\n    \n    <div class=\"card__content-wrapper animate__animated animate__delay-default animate__fadeInLeft\">\n      <div class=\"card__inner-blocks inner-blocks\">\n        \n\n<h3 class=\"wp-block-heading\"><strong>\u00bfPrefiere un banco de pruebas compacto para pruebas espec\u00edficas en unidades de control de autom\u00f3viles (ECU) seleccionadas?<\/strong><\/h3>\n\n\n\n<p>Podemos ayudarlo a construir una estaci\u00f3n de prueba de escritorio que cumpla con sus tareas espec\u00edficas. Previa solicitud, tambi\u00e9n podemos integrar soluciones individuales con tecnolog\u00edas de medici\u00f3n anal\u00f3gicas, placas de circuitos impresos especiales, variantes sin recableado y mucho m\u00e1s. La mayor parte se produce en nuestra l\u00ednea de producci\u00f3n, por lo tanto, implementamos sistemas de prueba funcionales en el menor tiempo posible. Esto se puede hacer, por ejemplo, para probar la iluminaci\u00f3n exterior e interior del autom\u00f3vil, los sistemas de aire acondicionado, las funciones de carrocer\u00eda y comodidad o el control central de unidades.<\/p>\n\n      <\/div>\n    <\/div>\n  <\/div>\n<\/div>\n<\/div>\n<\/div>\n\n\n\n<h2 class=\"wp-block-heading has-text-align-center has-cerulean-blue-color has-text-color\">Pruebas de calidad &#8211; C\u00e1maras clim\u00e1ticas y salas EMC<\/h2>\n\n\n\n<div id=\"cardblock_978be7b13003f284a1bcdf5e79f4c51f\" class=\"block__card -detect-in-viewport\">\n  <div class=\"has-background-color--transparent has-image has-image--right has-image-settings--\">\n\n          <div class=\"card__image-wrapper animate__animated animate__delay-default animate__fadeInRight\">\n\n                  <img decoding=\"async\" width=\"552\" height=\"368\" src=\"https:\/\/www.aed-vantage.com\/wp-content\/uploads\/2023\/03\/quality-testing-552x368.jpg\" class=\"attachment-container_half size-container_half\" alt=\"EMC testing hall\" srcset=\"https:\/\/www.aed-vantage.com\/wp-content\/uploads\/2023\/03\/quality-testing-552x368.jpg 552w, https:\/\/www.aed-vantage.com\/wp-content\/uploads\/2023\/03\/quality-testing-300x200.jpg 300w, https:\/\/www.aed-vantage.com\/wp-content\/uploads\/2023\/03\/quality-testing-1024x683.jpg 1024w, https:\/\/www.aed-vantage.com\/wp-content\/uploads\/2023\/03\/quality-testing-768x512.jpg 768w, https:\/\/www.aed-vantage.com\/wp-content\/uploads\/2023\/03\/quality-testing-462x308.jpg 462w, https:\/\/www.aed-vantage.com\/wp-content\/uploads\/2023\/03\/quality-testing-840x560.jpg 840w, https:\/\/www.aed-vantage.com\/wp-content\/uploads\/2023\/03\/quality-testing-1104x736.jpg 1104w, https:\/\/www.aed-vantage.com\/wp-content\/uploads\/2023\/03\/quality-testing.jpg 1500w\" sizes=\"(max-width: 552px) 100vw, 552px\" \/>        \n        \n      <\/div>\n    \n    <div class=\"card__content-wrapper animate__animated animate__delay-default animate__fadeInLeft\">\n      <div class=\"card__inner-blocks inner-blocks\">\n        \n\n<p>AED Vantage ha estado desarrollando sistemas de prueba personalizados durante m\u00e1s de 15 a\u00f1os. Nuestro enfoque incluye sofisticadas pruebas de calidad de ECU para la replicaci\u00f3n de todos los componentes del bus de campo. Estos sistemas se pueden utilizar para realizar pruebas de EMC totalmente automatizadas para ECU automotrices o para realizar pruebas ambientales de meses de duraci\u00f3n en c\u00e1maras clim\u00e1ticas seg\u00fan LV 124 (laboratorio externo).<\/p>\n\n\n\n<p>Debido a esto, nos esforzamos por encontrar requisitos de clientes \u00fanicos que son dif\u00edciles de implementar, particularmente con tecnolog\u00eda de medici\u00f3n com\u00fan y equipo est\u00e1ndar. Siempre somos capaces de encontrar soluciones creativas, por ejemplo, para requisitos en tiempo real, como resultado de nuestra experiencia en el desarrollo de hardware y la programaci\u00f3n de FPGA.<\/p>\n\n      <\/div>\n    <\/div>\n  <\/div>\n<\/div>\n\n\n<div class=\"wp-block-group has-platinum-grey-background-color has-background is-layout-constrained wp-block-group-is-layout-constrained\">\n<h2 class=\"wp-block-heading has-text-align-center has-cerulean-blue-color has-text-color\">Nuestros productos para validaci\u00f3n<\/h2>\n\n\n\n<p class=\"has-text-align-center has-large-font-size\">D\u00e9jese inspirar por nuestros productos de automoci\u00f3n personalizados.<\/p>\n\n\n\n<div id=\"sliderblock_b4f73264ffb844265dcc4c94a3cd06a7\" class=\"block__slider -detect-in-viewport\">\n    <div >\n        <div class=\"swiper slider\" data-slides-per-view=\"3\" data-autoplay-enable=\"1\" data-autoplay-delay=\"3000\" data-space-between>\n\n            <div class=\"swiper-wrapper\">\n                \n\n<div class=\"swiper-slide inner-blocks\">\n    \n\n\n<div id=\"teaserblock_942f8f6d4c6a607809371f31dd16e5d4\" class=\"block__teaser -detect-in-viewport\">\n    <div class=\"block__teaser__orientation--vertical animate__animated animate__fadeIn animate__delay-default\">\n        <div class=\"block__teaser__wrapper\">\n                                        \n                <a class=\"block__teaser__img__wrapper\" href=\"https:\/\/www.aed-vantage.com\/es\/product\/serdes-logging-adapter\/\" title=\"SLA-1C10-FPD4\">\n                    <img decoding=\"async\" width=\"738\" height=\"416\" src=\"https:\/\/www.aed-vantage.com\/wp-content\/uploads\/2023\/03\/SLA-1C10-FPD4-738x416.webp\" class=\"attachment-teaser_16_9 size-teaser_16_9\" alt=\"\" srcset=\"https:\/\/www.aed-vantage.com\/wp-content\/uploads\/2023\/03\/SLA-1C10-FPD4-738x416.webp 738w, https:\/\/www.aed-vantage.com\/wp-content\/uploads\/2023\/03\/SLA-1C10-FPD4-654x368.webp 654w\" sizes=\"(max-width: 738px) 100vw, 738px\" \/>                <\/a>\n\n                        <div class=\"block__teaser__content inner-blocks\">\n\n                                    \n\n<h4 class=\"wp-block-heading has-text-align-center\">SLA<\/h4>\n\n\n\n<p class=\"has-text-align-center\">SerDes Logging Adapter<\/p>\n\n                \n                                    <div class=\"button__color--white\">\n                        <a href=\"https:\/\/www.aed-vantage.com\/es\/product\/serdes-logging-adapter\/\" target=\"\" class=\"btn\">\n                            Ver productos                        <\/a>\n                    <\/div>\n                            <\/div>\n        <\/div>\n    <\/div>\n<\/div>\n\n<\/div>\n\n\n<div class=\"swiper-slide inner-blocks\">\n    \n\n\n<div id=\"teaserblock_f915ce609f6dcf0b241b680b8067fa2a\" class=\"block__teaser -detect-in-viewport\">\n    <div class=\"block__teaser__orientation--vertical animate__animated animate__fadeIn animate__delay-0-5s\">\n        <div class=\"block__teaser__wrapper\">\n                                        \n                <a class=\"block__teaser__img__wrapper\" href=\"https:\/\/www.aed-vantage.com\/es\/product\/zoanr\/\" title=\"ZoanR_black_front\">\n                    <img decoding=\"async\" width=\"738\" height=\"416\" src=\"https:\/\/www.aed-vantage.com\/wp-content\/uploads\/2024\/04\/ZoanR_black_front-738x416.png\" class=\"attachment-teaser_16_9 size-teaser_16_9\" alt=\"\" srcset=\"https:\/\/www.aed-vantage.com\/wp-content\/uploads\/2024\/04\/ZoanR_black_front-738x416.png 738w, https:\/\/www.aed-vantage.com\/wp-content\/uploads\/2024\/04\/ZoanR_black_front-654x368.png 654w\" sizes=\"(max-width: 738px) 100vw, 738px\" \/>                <\/a>\n\n                        <div class=\"block__teaser__content inner-blocks\">\n\n                                    \n\n<h4 class=\"wp-block-heading has-text-align-center\">ZoanR<\/h4>\n\n\n\n<p class=\"has-text-align-center\">Automotive Ethernet Logging Adapter<\/p>\n\n                \n                                    <div class=\"button__color--white\">\n                        <a href=\"https:\/\/www.aed-vantage.com\/es\/product\/zoanr\/\" target=\"\" class=\"btn\">\n                            Ver productos                        <\/a>\n                    <\/div>\n                            <\/div>\n        <\/div>\n    <\/div>\n<\/div>\n\n<\/div>\n\n\n<div class=\"swiper-slide inner-blocks\">\n    \n\n\n<div id=\"teaserblock_444e2a1158e81442283369dba7ea8487\" class=\"block__teaser -detect-in-viewport\">\n    <div class=\"block__teaser__orientation--vertical animate__animated animate__fadeIn animate__delay-1s\">\n        <div class=\"block__teaser__wrapper\">\n                                        \n                <a class=\"block__teaser__img__wrapper\" href=\"https:\/\/www.aed-vantage.com\/es\/product\/cruether\/\" title=\"CruEther_Portfolio_3\">\n                    <img decoding=\"async\" width=\"738\" height=\"416\" src=\"https:\/\/www.aed-vantage.com\/wp-content\/uploads\/2024\/03\/CruEther_Portfolio_3-1-738x416.png\" class=\"attachment-teaser_16_9 size-teaser_16_9\" alt=\"\" srcset=\"https:\/\/www.aed-vantage.com\/wp-content\/uploads\/2024\/03\/CruEther_Portfolio_3-1-738x416.png 738w, https:\/\/www.aed-vantage.com\/wp-content\/uploads\/2024\/03\/CruEther_Portfolio_3-1-654x368.png 654w\" sizes=\"(max-width: 738px) 100vw, 738px\" \/>                <\/a>\n\n                        <div class=\"block__teaser__content inner-blocks\">\n\n                                    \n\n<h4 class=\"wp-block-heading has-text-align-center\">CruEther<\/h4>\n\n\n\n<p class=\"has-text-align-center\">Automotive Ethernet Media Converter &amp; Network Adapter<\/p>\n\n                \n                                    <div class=\"button__color--white\">\n                        <a href=\"https:\/\/www.aed-vantage.com\/es\/product\/cruether\/\" target=\"\" class=\"btn\">\n                            Ver productos                        <\/a>\n                    <\/div>\n                            <\/div>\n        <\/div>\n    <\/div>\n<\/div>\n\n<\/div>\n\n\n<div class=\"swiper-slide inner-blocks\">\n    \n\n\n<div id=\"teaserblock_af1f56dad0deb36c728084c5439ece3c\" class=\"block__teaser -detect-in-viewport\">\n    <div class=\"block__teaser__orientation--vertical animate__animated animate__fadeIn animate__delay-0-5s\">\n        <div class=\"block__teaser__wrapper\">\n                                        \n                <a class=\"block__teaser__img__wrapper\" href=\"https:\/\/www.aed-vantage.com\/es\/product\/zoanr-switch\/\" title=\"ZoanR_black_backside_12x1000BASET1\">\n                    <img decoding=\"async\" width=\"738\" height=\"416\" src=\"https:\/\/www.aed-vantage.com\/wp-content\/uploads\/2024\/04\/ZoanR_black_backside_12x1000BASET1-738x416.png\" class=\"attachment-teaser_16_9 size-teaser_16_9\" alt=\"\" srcset=\"https:\/\/www.aed-vantage.com\/wp-content\/uploads\/2024\/04\/ZoanR_black_backside_12x1000BASET1-738x416.png 738w, https:\/\/www.aed-vantage.com\/wp-content\/uploads\/2024\/04\/ZoanR_black_backside_12x1000BASET1-654x368.png 654w\" sizes=\"(max-width: 738px) 100vw, 738px\" \/>                <\/a>\n\n                        <div class=\"block__teaser__content inner-blocks\">\n\n                                    \n\n<h4 class=\"wp-block-heading has-text-align-center\">ZoanR Switch<\/h4>\n\n\n\n<p class=\"has-text-align-center\">Automotive Ethernet Switch<\/p>\n\n                \n                                    <div class=\"button__color--white\">\n                        <a href=\"https:\/\/www.aed-vantage.com\/es\/product\/zoanr-switch\/\" target=\"\" class=\"btn\">\n                            Ver productos                        <\/a>\n                    <\/div>\n                            <\/div>\n        <\/div>\n    <\/div>\n<\/div>\n\n<\/div>\n            <\/div>\n\n            <div class=\"swiper-controls-wrapper\">\n                <!--div class=\"swiper-button-prev\"><\/div-->\n                <div class=\"swiper-pagination\"><\/div>\n                <!--div class=\"swiper-button-next\"><\/div-->\n            <\/div>\n\n        <\/div>\n    <\/div>\n<\/div><\/div>\n","protected":false},"excerpt":{"rendered":"<p>Sistemas de prueba personalizados &#8212; De lo simple a lo complejo Pruebas de calidad &#8211; C\u00e1maras clim\u00e1ticas y salas EMC Nuestros productos para validaci\u00f3n D\u00e9jese inspirar por nuestros productos de automoci\u00f3n personalizados.<\/p>\n","protected":false},"author":1,"featured_media":0,"parent":0,"menu_order":0,"comment_status":"closed","ping_status":"closed","template":"","meta":{"footnotes":""},"class_list":["post-1657","page","type-page","status-publish","hentry"],"aioseo_notices":[],"acf":[],"_links":{"self":[{"href":"https:\/\/www.aed-vantage.com\/es\/wp-json\/wp\/v2\/pages\/1657","targetHints":{"allow":["GET"]}}],"collection":[{"href":"https:\/\/www.aed-vantage.com\/es\/wp-json\/wp\/v2\/pages"}],"about":[{"href":"https:\/\/www.aed-vantage.com\/es\/wp-json\/wp\/v2\/types\/page"}],"author":[{"embeddable":true,"href":"https:\/\/www.aed-vantage.com\/es\/wp-json\/wp\/v2\/users\/1"}],"replies":[{"embeddable":true,"href":"https:\/\/www.aed-vantage.com\/es\/wp-json\/wp\/v2\/comments?post=1657"}],"version-history":[{"count":10,"href":"https:\/\/www.aed-vantage.com\/es\/wp-json\/wp\/v2\/pages\/1657\/revisions"}],"predecessor-version":[{"id":7966,"href":"https:\/\/www.aed-vantage.com\/es\/wp-json\/wp\/v2\/pages\/1657\/revisions\/7966"}],"wp:attachment":[{"href":"https:\/\/www.aed-vantage.com\/es\/wp-json\/wp\/v2\/media?parent=1657"}],"curies":[{"name":"wp","href":"https:\/\/api.w.org\/{rel}","templated":true}]}}