{"id":2903,"date":"2023-04-28T11:16:38","date_gmt":"2023-04-28T09:16:38","guid":{"rendered":"https:\/\/www.aed-vantage.com\/datenschutz\/"},"modified":"2023-04-28T11:50:48","modified_gmt":"2023-04-28T09:50:48","slug":"data-protection","status":"publish","type":"page","link":"https:\/\/www.aed-vantage.com\/es\/data-protection\/","title":{"rendered":"Protecci\u00f3n de Datos"},"content":{"rendered":"\n<div id=\"keyvisualblock_343c0a2f0ea40bfc01d8073770937908\" class=\"block__keyvisual -detect-in-viewport alignfull\" data-controller=\"keyvisual\">\n\n    <div class=\"keyvisual__background \">\n                                <\/div>\n\n    \n    <div class=\"keyvisual__wrapper\">\n        <div class=\"keyvisual__content__wrapper container\">\n            <div class=\"keyvisual__content inner-blocks\">\n                                    \n\n<h1 class=\"wp-block-heading\">Protecci\u00f3n de Datos<\/h1>\n\n                            <\/div>\n        <\/div>\n    <\/div>\n    \n<\/div>\n\n    <div class=\"breadcrumbs container alignwide\">\n        <div class=\"aioseo-breadcrumbs\"><span class=\"aioseo-breadcrumb\">\n\t\t\tHome\n\t\t<\/span><\/div><\/div>\n\n\n\n<h2 class=\"wp-block-heading\">Declaraci\u00f3n de protecci\u00f3n de datos en el sitio web y, al mismo tiempo, informaci\u00f3n para los interesados de conformidad con el art\u00edculo 13 y el art\u00edculo 14 del Reglamento general de protecci\u00f3n de datos de la UE<\/h2>\n\n\n\n<p><strong>Informaci\u00f3n general<\/strong><br>Informaci\u00f3n sobre el responsable del tratamiento<br><br><br>AED Vantage GmbH (former AED Engineering GmbH)<br>Director General Carlos Urquizar<br>Taunusstr. 51<br>80807 M\u00fanich,<br>Alemania<br>Tel\u00e9fono 0049-89 159848480<br>Correo electr\u00f3nico: info@aed-vantage.com<br>P\u00e1gina web:\u00a0<a href=\"https:\/\/www.aed-vantage.com\/\">www.aed-vantage.com<\/a><br><br><br><strong>Datos de contacto del responsable de la protecci\u00f3n de datos:<\/strong><br>IITR Datenschutz GmbH, Dr. Sebastian Kraska, Marienplatz 2, 80331 M\u00fcnchen, email@iitr.de<br><br><br><strong>Informaci\u00f3n general sobre el tratamiento de datos<br>Datos afectados:<br><\/strong><br>Los datos personales s\u00f3lo se recogen si usted mismo nos los comunica. Por lo dem\u00e1s, no se recoge ning\u00fan dato personal. Cualquier tratamiento de sus datos personales que vaya m\u00e1s all\u00e1 de la autorizaci\u00f3n legal s\u00f3lo es posible sobre la base de su consentimiento expreso.<br>Finalidad del tratamiento: Ejecuci\u00f3n del contrato.<\/p>\n\n\n\n<p><strong>Categor\u00edas de destinatarios:<\/strong><\/p>\n\n\n\n<p>Autoridades p\u00fablicas en caso de legislaci\u00f3n prioritaria.<br>Proveedores de servicios externos u otros contratistas.<br>Otros organismos externos en la medida en que el interesado haya dado su consentimiento o se permita una transmisi\u00f3n debido a un inter\u00e9s preponderante.<\/p>\n\n\n\n<p><strong>Transferencias a terceros pa\u00edses:<\/strong><\/p>\n\n\n\n<p>En el marco de la ejecuci\u00f3n contractual, tambi\u00e9n se podr\u00eda recurrir a encargados del tratamiento fuera de la Uni\u00f3n Europea.<\/p>\n\n\n\n<p><strong>Duraci\u00f3n del almacenamiento de los datos:<\/strong><\/p>\n\n\n\n<p>La duraci\u00f3n del almacenamiento de los datos depende de los requisitos legales de almacenamiento y suele ser de 10 a\u00f1os.<\/p>\n\n\n\n<h3 class=\"wp-block-heading\">Informaci\u00f3n espec\u00edfica sobre el sitio web<\/h3>\n\n\n\n<p><strong>Archivos de registro del sitio web<\/strong><br>Cuando usted visita nuestros sitios web, su navegador transmite ciertos datos a nuestro servidor web por razones t\u00e9cnicas. Los siguientes datos se registran durante una conexi\u00f3n continua para la comunicaci\u00f3n entre su navegador de Internet y nuestro servidor web:<\/p>\n\n\n\n<ul class=\"wp-block-list\">\n<li>Fecha y hora de su solicitud<\/li>\n\n\n\n<li>Nombre del archivo solicitado<\/li>\n\n\n\n<li>P\u00e1gina desde la que se solicit\u00f3 el archivo<\/li>\n\n\n\n<li>Estado del acceso (archivo transferido, archivo no encontrado, etc.)<\/li>\n\n\n\n<li>Tipo y versi\u00f3n del navegador y del sistema operativo que utiliza<\/li>\n\n\n\n<li>Direcci\u00f3n IP completa del ordenador solicitante<\/li>\n\n\n\n<li>Cantidad de datos transferidos<\/li>\n<\/ul>\n\n\n\n<p>Por razones de seguridad t\u00e9cnica, en particular, para evitar ataques a nuestro servidor web, almacenamos estos datos durante un breve per\u00edodo de tiempo. Es imposible discernir la identidad de las personas individuales sobre la base de estos datos. Posteriormente, los datos se anonimizan acortando la direcci\u00f3n IP a nivel de dominio, de modo que ya no es posible establecer ninguna referencia al usuario individual. Los datos anonimizados tambi\u00e9n se procesan con fines estad\u00edsticos. No comparamos ning\u00fan dato con los de otras bases de datos ni los transmitimos a terceros, ni siquiera en extractos.<\/p>\n\n\n\n<p><strong>Nuestro sitio web utiliza dos tipos diferentes de cookies<\/strong><\/p>\n\n\n\n<p>1. Cookies necesarias para el uso del sitio web Estas cookies an\u00f3nimas son necesarias para el uso del sitio web. Si desactiva estas cookies, puede experimentar limitaciones funcionales al utilizar el sitio web.<\/p>\n\n\n\n<p>2. Cookies de an\u00e1lisis (Google Maps) En nuestro sitio web utilizamos la oferta de Google Maps. Solo le permitimos utilizar la funci\u00f3n de maps convenientemente si nos ha dado su consentimiento por adelantado de acuerdo con el Art. 6 Para. 1 lit. a GDPR. En consecuencia, Google recibe la informaci\u00f3n de que usted ha accedido a la subp\u00e1gina correspondiente de nuestro sitio web. Google Maps es operado por Google LLC, 1600 Amphitheatre Parkway, Mountain View, CA 94043, USA. Al utilizar Google Maps, la informaci\u00f3n sobre su uso de este sitio web (incluida su direcci\u00f3n IP) puede ser transmitida a un servidor de Google en los Estados Unidos y almacenada all\u00ed. Google puede transferir la informaci\u00f3n obtenida a trav\u00e9s de Maps a terceros si esto es legalmente necesario o si terceros procesan estos datos en nombre de Google. Esto ser\u00eda t\u00e9cnicamente posible para Google.<\/p>\n\n\n\n<h3 class=\"wp-block-heading\">Informaci\u00f3n sobre otros procedimientos de tratamiento de datos<\/h3>\n\n\n\n<div id=\"spacerblock_740ba2718ba50de0376751d7699bf821\" class=\"block__spacer -detect-in-viewport block__spacer--small\"><\/div>\n\n\n<h4 class=\"wp-block-heading\"><strong><strong>Informaci\u00f3n espec\u00edfica sobre el proceso de solicitud<\/strong><\/strong><\/h4>\n\n\n\n<p><strong>Datos afectados:<\/strong><\/p>\n\n\n\n<p>Informaci\u00f3n de la solicitud<\/p>\n\n\n\n<p><strong>Finalidad del tratamiento:<\/strong><\/p>\n\n\n\n<p>Ejecuci\u00f3n del proceso de solicitud<\/p>\n\n\n\n<p><strong>Categories of recipients:<\/strong><\/p>\n\n\n\n<p>Autoridades p\u00fablicas en caso de legislaci\u00f3n prioritaria.<br>Proveedores de servicios externos u otros contratistas.<br>Otros organismos externos en la medida en que el interesado haya dado su consentimiento o se permita una transmisi\u00f3n debido a un inter\u00e9s preponderante.<\/p>\n\n\n\n<p><strong>Transferencias a terceros pa\u00edses:<\/strong><\/p>\n\n\n\n<p>En el marco de la ejecuci\u00f3n contractual, tambi\u00e9n se podr\u00eda recurrir a encargados del tratamiento fuera de la Uni\u00f3n Europea.<\/p>\n\n\n\n<p>Duraci\u00f3n del almacenamiento de los datos:<\/p>\n\n\n\n<p>Los datos de la solicitud se eliminar\u00e1n, por lo general, en un plazo de cuatro meses tras la comunicaci\u00f3n de la decisi\u00f3n, a menos que se haya dado el consentimiento para un periodo de almacenamiento de datos m\u00e1s largo.&nbsp;<\/p>\n\n\n\n<h4 class=\"wp-block-heading\"><strong><strong>Informaci\u00f3n espec\u00edfica para el tratamiento de los datos de los clientes\/prospectivos<\/strong><\/strong><\/h4>\n\n\n\n<p><strong>Datos afectados:<\/strong><\/p>\n\n\n\n<p>Datos comunicados para la ejecuci\u00f3n del contrato; si es necesario, datos adicionales para el tratamiento sobre la base de su consentimiento expreso.<\/p>\n\n\n\n<p><strong>Finalidad del tratamiento:<\/strong><\/p>\n\n\n\n<p>Ejecuci\u00f3n del contrato.<\/p>\n\n\n\n<p><strong>Categor\u00edas de destinatarios:<\/strong><\/p>\n\n\n\n<p>Autoridades p\u00fablicas en caso de legislaci\u00f3n prioritaria.<br>Proveedores de servicios externos u otros contratistas.<br>Otros organismos externos en la medida en que el interesado haya dado su consentimiento o se permita una transmisi\u00f3n por un inter\u00e9s preponderante.<\/p>\n\n\n\n<p><strong>Transferencias a terceros pa\u00edses:<\/strong><\/p>\n\n\n\n<p>En el marco de la ejecuci\u00f3n contractual, tambi\u00e9n se podr\u00eda recurrir a encargados del tratamiento fuera de la Uni\u00f3n Europea.<\/p>\n\n\n\n<p><strong>Duraci\u00f3n del almacenamiento de los datos:<\/strong><\/p>\n\n\n\n<p>La duraci\u00f3n del almacenamiento de los datos depende de los requisitos legales de almacenamiento y suele ser de 10 a\u00f1os.<\/p>\n\n\n\n<h4 class=\"wp-block-heading\"><strong><strong>Informaci\u00f3n espec\u00edfica para el tratamiento de datos de proveedores<\/strong><\/strong><\/h4>\n\n\n\n<p><strong>Datos afectados:<\/strong><\/p>\n\n\n\n<p>Datos comunicados para la ejecuci\u00f3n del contrato; si es necesario, datos adicionales para el tratamiento sobre la base de su consentimiento expreso.<\/p>\n\n\n\n<p><strong>Finalidad del tratamiento:<\/strong><\/p>\n\n\n\n<p>Ejecuci\u00f3n del contrato.<\/p>\n\n\n\n<p><strong>Categor\u00edas de destinatarios:<\/strong><\/p>\n\n\n\n<p>Autoridades p\u00fablicas en caso de legislaci\u00f3n prioritaria.<br>Proveedores de servicios externos u otros contratistas.<br>Otros organismos externos en la medida en que el interesado haya dado su consentimiento o se permita una transmisi\u00f3n por un inter\u00e9s preponderante.<\/p>\n\n\n\n<p><strong>Transferencias a terceros pa\u00edses:<\/strong><\/p>\n\n\n\n<p>En el marco de la ejecuci\u00f3n contractual, tambi\u00e9n se podr\u00eda recurrir a encargados del tratamiento fuera de la Uni\u00f3n Europea.<\/p>\n\n\n\n<p><strong>Duraci\u00f3n del almacenamiento de los datos:<\/strong><\/p>\n\n\n\n<p>La duraci\u00f3n del almacenamiento de los datos depende de los requisitos legales de almacenamiento y suele ser de 10 a\u00f1os.<\/p>\n\n\n\n<h4 class=\"wp-block-heading\"><strong><strong>Informaci\u00f3n espec\u00edfica sobre el tratamiento de los datos de los empleados<\/strong><\/strong><\/h4>\n\n\n\n<p><strong>Datos afectados:<\/strong><\/p>\n\n\n\n<p>Datos comunicados para la ejecuci\u00f3n del contrato; en caso necesario, datos adicionales para el tratamiento sobre la base de su consentimiento expreso.<\/p>\n\n\n\n<p><strong>Finalidad del tratamiento:<\/strong><\/p>\n\n\n\n<p>Ejecuci\u00f3n del contrato.<\/p>\n\n\n\n<p><strong>Categor\u00edas de destinatarios:<\/strong><\/p>\n\n\n\n<p>Autoridades p\u00fablicas en caso de legislaci\u00f3n prioritaria.<br>Proveedores de servicios externos u otros contratistas.<br>Otros organismos externos en la medida en que el interesado haya dado su consentimiento o se permita una transmisi\u00f3n por un inter\u00e9s preponderante.<\/p>\n\n\n\n<p><strong>Transferencias a terceros pa\u00edses:<\/strong><\/p>\n\n\n\n<p>En el marco de la ejecuci\u00f3n contractual, tambi\u00e9n se podr\u00eda recurrir a encargados del tratamiento fuera de la Uni\u00f3n Europea.<\/p>\n\n\n\n<p><strong>Duraci\u00f3n del almacenamiento de los datos:<\/strong><\/p>\n\n\n\n<p>La duraci\u00f3n del almacenamiento de los datos depende de los requisitos legales de almacenamiento y suele ser de 10 a\u00f1os.<\/p>\n\n\n\n<h3 class=\"wp-block-heading\">Organismo local de protecci\u00f3n de datos responsable:<\/h3>\n\n\n\n<p>Bayerisches Landesamt f\u00fcr Datenschutzaufsicht (BayLDA) Promenade 18<br>D-91522 Ansbach<br>Tel\u00e9fono: +49 (0) 981 180093-0<br>Telefax: +49 (0) 981 180093-800<\/p>\n","protected":false},"excerpt":{"rendered":"<p>Declaraci\u00f3n de protecci\u00f3n de datos en el sitio web y, al mismo tiempo, informaci\u00f3n para los interesados de conformidad con el art\u00edculo 13 y el art\u00edculo 14 del Reglamento general de protecci\u00f3n de datos de la UE Informaci\u00f3n generalInformaci\u00f3n sobre el responsable del tratamiento AED Vantage GmbH (former AED Engineering GmbH)Director General Carlos UrquizarTaunusstr. 5180807 [&hellip;]<\/p>\n","protected":false},"author":1,"featured_media":0,"parent":0,"menu_order":0,"comment_status":"closed","ping_status":"closed","template":"","meta":{"footnotes":""},"class_list":["post-2903","page","type-page","status-publish","hentry"],"aioseo_notices":[],"acf":[],"_links":{"self":[{"href":"https:\/\/www.aed-vantage.com\/es\/wp-json\/wp\/v2\/pages\/2903","targetHints":{"allow":["GET"]}}],"collection":[{"href":"https:\/\/www.aed-vantage.com\/es\/wp-json\/wp\/v2\/pages"}],"about":[{"href":"https:\/\/www.aed-vantage.com\/es\/wp-json\/wp\/v2\/types\/page"}],"author":[{"embeddable":true,"href":"https:\/\/www.aed-vantage.com\/es\/wp-json\/wp\/v2\/users\/1"}],"replies":[{"embeddable":true,"href":"https:\/\/www.aed-vantage.com\/es\/wp-json\/wp\/v2\/comments?post=2903"}],"version-history":[{"count":2,"href":"https:\/\/www.aed-vantage.com\/es\/wp-json\/wp\/v2\/pages\/2903\/revisions"}],"predecessor-version":[{"id":2907,"href":"https:\/\/www.aed-vantage.com\/es\/wp-json\/wp\/v2\/pages\/2903\/revisions\/2907"}],"wp:attachment":[{"href":"https:\/\/www.aed-vantage.com\/es\/wp-json\/wp\/v2\/media?parent=2903"}],"curies":[{"name":"wp","href":"https:\/\/api.w.org\/{rel}","templated":true}]}}