{"id":8268,"date":"2025-10-17T09:42:53","date_gmt":"2025-10-17T07:42:53","guid":{"rendered":"https:\/\/www.aed-vantage.com\/standards-zertifikate\/"},"modified":"2025-10-17T13:56:57","modified_gmt":"2025-10-17T11:56:57","slug":"normas-certificados","status":"publish","type":"page","link":"https:\/\/www.aed-vantage.com\/es\/normas-certificados\/","title":{"rendered":"Normas y certificados"},"content":{"rendered":"\n<div id=\"keyvisualblock_cd50cc2c2122cc656b4fa594200cc3e6\" class=\"block__keyvisual -detect-in-viewport alignfull\" data-controller=\"keyvisual\">\n\n    <div class=\"keyvisual__background \">\n                                <\/div>\n\n    \n    <div class=\"keyvisual__wrapper\">\n        <div class=\"keyvisual__content__wrapper container\">\n            <div class=\"keyvisual__content inner-blocks\">\n                                    \n\n<h1 class=\"wp-block-heading\">Normas y certificados<\/h1>\n\n                            <\/div>\n        <\/div>\n    <\/div>\n    \n<\/div>\n\n\n\n\n<div class=\"wp-block-group is-layout-constrained wp-block-group-is-layout-constrained\">\n<div id=\"cardblock_39b5e3c7b094aa0b3bf69539615647ab\" class=\"block__card alignwide -detect-in-viewport\">\n  <div class=\"has-background-color--white has-shadow animate__animated animate__fadeInUp animate__delay-default\">\n\n    \n    <div class=\"card__content-wrapper \">\n      <div class=\"card__inner-blocks inner-blocks\">\n        \n\n<div class=\"wp-block-group is-layout-constrained wp-block-group-is-layout-constrained\"><div class=\"wp-bootstrap-blocks-row row\">\n\t\n\n<div class=\"col-12 col-md-6\">\n\t\t\t\n\n<div class=\"wp-block-group is-layout-constrained wp-block-group-is-layout-constrained\">\n<p class=\"has-cerulean-blue-color has-text-color has-link-color wp-elements-370363623f65fb5eb087b2e7a8fc0a11\"><strong>En AED Vantage, la calidad, la seguridad y la sostenibilidad son el centro de nuestras actividades.<\/strong><br><\/p>\n\n\n\n<p>Nuestro sistema de gesti\u00f3n integrado (IMS) ha sido auditado por un organismo de certificaci\u00f3n independiente y acreditado, y certificado seg\u00fan normas reconocidas internacionalmente.<br>De este modo, garantizamos los m\u00e1s altos est\u00e1ndares en todas las \u00e1reas de la empresa, desde el control de calidad hasta la protecci\u00f3n del medio ambiente y la seguridad de la informaci\u00f3n.<\/p>\n\n\n\n<p>Consulte nuestra Pol\u00edtica de gesti\u00f3n integrada <a href=\"https:\/\/www.aed-vantage.com\/es\/about-us\/#normas\" title=\"\">aqu\u00ed.<\/a><\/p>\n\n\n\n<div id=\"cardblock_7b992f9f7aad4eb831066a0e276645c5\" class=\"block__card -detect-in-viewport\">\n  <div class=\"has-background-color--white has-border\">\n\n    \n    <div class=\"card__content-wrapper \">\n      <div class=\"card__inner-blocks inner-blocks\">\n        \n\n<p>Descargue nuestros certificados <a href=\"https:\/\/www.aed-vantage.com\/es\/products\/downloads\/\" title=\"Download Center\">aqu\u00ed.<\/a><\/p>\n\n      <\/div>\n    <\/div>\n  <\/div>\n<\/div><\/div>\n\n\t<\/div>\n\n\n\n<div class=\"col-12 col-md-6\">\n\t\t\t\n\n<figure class=\"wp-block-image size-full\"><img decoding=\"async\" width=\"954\" height=\"560\" src=\"https:\/\/www.aed-vantage.com\/wp-content\/uploads\/2025\/10\/Standards_Certificates_2025_AED_Vantage_v2-17-10-2025-09-31-49.png\" alt=\"\" class=\"wp-image-8257\" srcset=\"https:\/\/www.aed-vantage.com\/wp-content\/uploads\/2025\/10\/Standards_Certificates_2025_AED_Vantage_v2-17-10-2025-09-31-49.png 954w, https:\/\/www.aed-vantage.com\/wp-content\/uploads\/2025\/10\/Standards_Certificates_2025_AED_Vantage_v2-17-10-2025-09-31-49-300x176.png 300w, https:\/\/www.aed-vantage.com\/wp-content\/uploads\/2025\/10\/Standards_Certificates_2025_AED_Vantage_v2-17-10-2025-09-31-49-768x451.png 768w, https:\/\/www.aed-vantage.com\/wp-content\/uploads\/2025\/10\/Standards_Certificates_2025_AED_Vantage_v2-17-10-2025-09-31-49-500x294.png 500w, https:\/\/www.aed-vantage.com\/wp-content\/uploads\/2025\/10\/Standards_Certificates_2025_AED_Vantage_v2-17-10-2025-09-31-49-840x493.png 840w, https:\/\/www.aed-vantage.com\/wp-content\/uploads\/2025\/10\/Standards_Certificates_2025_AED_Vantage_v2-17-10-2025-09-31-49-627x368.png 627w\" sizes=\"(max-width: 954px) 100vw, 954px\" \/><\/figure>\n\n\t<\/div>\n\n<\/div>\n<\/div>\n\n      <\/div>\n    <\/div>\n  <\/div>\n<\/div><\/div>\n\n\n\n<div class=\"wp-block-group is-layout-constrained wp-block-group-is-layout-constrained\">\n<h3 class=\"wp-block-heading\">Nuestro compromiso con la calidad<\/h3>\n\n\n\n<p>La combinaci\u00f3n de estas tres certificaciones reconocidas internacionalmente demuestra nuestro compromiso constante con la calidad, la conciencia medioambiental y la seguridad de la informaci\u00f3n.<br>Los clientes y socios se benefician de:<\/p>\n\n\n\n<ul class=\"wp-block-list\">\n<li>procesos fiables y transparentes,<\/li>\n\n\n\n<li>m\u00e1xima calidad de productos y servicios,<\/li>\n\n\n\n<li>actuaci\u00f3n sostenible y seguridad de los datos,<\/li>\n\n\n\n<li>mejora continua de nuestros sistemas y prestaciones.<\/li>\n<\/ul>\n\n\n\n<h3 class=\"wp-block-heading\">Por qu\u00e9 AED Vantage es el socio adecuado<\/h3>\n\n\n\n<p>Con nuestro sistema de gesti\u00f3n integrado (IMS) certificado, combinamos calidad, responsabilidad medioambiental y seguridad de la informaci\u00f3n en un enfoque hol\u00edstico.<br>Nuestros clientes pueden estar seguros de que cada proyecto se lleva a cabo cumpliendo con los m\u00e1s estrictos est\u00e1ndares internacionales.<\/p>\n\n\n\n<p>AED Vantage es sin\u00f3nimo de<strong> fiabilidad, responsabilidad e innovaci\u00f3n,<\/strong> tanto hoy como en el futuro.<\/p>\n<\/div>\n\n\n\n<div class=\"wp-block-group is-layout-constrained wp-block-group-is-layout-constrained\">\n<figure class=\"wp-block-image aligncenter size-large is-resized\"><img decoding=\"async\" width=\"1024\" height=\"936\" src=\"https:\/\/www.aed-vantage.com\/wp-content\/uploads\/2025\/10\/ISO_9001-2015.svg-1024x936.png\" alt=\"\" class=\"wp-image-8279\" style=\"width:228px;height:auto\" srcset=\"https:\/\/www.aed-vantage.com\/wp-content\/uploads\/2025\/10\/ISO_9001-2015.svg-1024x936.png 1024w, https:\/\/www.aed-vantage.com\/wp-content\/uploads\/2025\/10\/ISO_9001-2015.svg-300x274.png 300w, https:\/\/www.aed-vantage.com\/wp-content\/uploads\/2025\/10\/ISO_9001-2015.svg-768x702.png 768w, https:\/\/www.aed-vantage.com\/wp-content\/uploads\/2025\/10\/ISO_9001-2015.svg-337x308.png 337w, https:\/\/www.aed-vantage.com\/wp-content\/uploads\/2025\/10\/ISO_9001-2015.svg-656x600.png 656w, https:\/\/www.aed-vantage.com\/wp-content\/uploads\/2025\/10\/ISO_9001-2015.svg-805x736.png 805w, https:\/\/www.aed-vantage.com\/wp-content\/uploads\/2025\/10\/ISO_9001-2015.svg-403x368.png 403w, https:\/\/www.aed-vantage.com\/wp-content\/uploads\/2025\/10\/ISO_9001-2015.svg.png 1200w\" sizes=\"(max-width: 1024px) 100vw, 1024px\" \/><\/figure>\n\n\n\n<div id=\"expandableblock_48d13ce8ebab519783cd657c32d167b6\" class=\" block__expandable -detect-in-viewport expandable-orientation--vertical\" data-controller=\"expandable\" data-expandable-target=\"block\" data-action=\"resize@window-&gt;expandable#resize\" data-expandable-active-class=\"-active\">\n\n  <div class=\"expandable__wrapper\">\n\n    <div class=\"expandable__header\">\n              <h3 class=\"expandable__title\">ISO 9001:2015 \u2013 sistema de gesti\u00f3n de calidad<\/h3>\n      \n              <p class=\"expandable__text\">La norma ISO 9001:2015 es la norma l\u00edder mundial para los sistemas de gesti\u00f3n de la calidad. Garantiza que todos los procesos est\u00e9n dise\u00f1ados para que los productos y servicios satisfagan las expectativas de nuestros clientes y cumplan con los requisitos legales.  Al aplicar la norma ISO 9001, AED Vantage se compromete a:<\/p>\n      \n      <a href=\"#\" class=\"expandable__icon-wrapper\" data-action=\"expandable#onToggleClick\">\n        <div href=\"#\" class=\"expandable__icon-icon\"><\/div>\n      <\/a>\n    <\/div>\n    <div class=\"expandable__content-wrapper\">\n      <div class=\"expandable__content expandable__content--vertical inner-blocks\" data-expandable-target=\"content\">\n                \n\n<div class=\"wp-block-group is-layout-constrained wp-block-group-is-layout-constrained\">\n<ul class=\"wp-block-list\">\n<li><strong>Mejora continua<\/strong> de nuestros procesos y servicios.<\/li>\n\n\n\n<li><strong>Enfoque basado en el riesgo<\/strong> en todas las decisiones.<\/li>\n\n\n\n<li><strong>M\u00e1xima satisfacci\u00f3n del cliente<\/strong> gracias a la calidad, la fiabilidad y la transparencia.<\/li>\n<\/ul>\n<\/div>\n\n\n      <\/div>\n    <\/div>\n  <\/div>\n\n<\/div>\n\n\n<figure class=\"wp-block-image aligncenter size-full is-resized\"><img decoding=\"async\" width=\"480\" height=\"453\" src=\"https:\/\/www.aed-vantage.com\/wp-content\/uploads\/2025\/10\/Logo-norme-ISO-14001.png\" alt=\"\" class=\"wp-image-8283\" style=\"width:226px;height:auto\" srcset=\"https:\/\/www.aed-vantage.com\/wp-content\/uploads\/2025\/10\/Logo-norme-ISO-14001.png 480w, https:\/\/www.aed-vantage.com\/wp-content\/uploads\/2025\/10\/Logo-norme-ISO-14001-300x283.png 300w, https:\/\/www.aed-vantage.com\/wp-content\/uploads\/2025\/10\/Logo-norme-ISO-14001-326x308.png 326w, https:\/\/www.aed-vantage.com\/wp-content\/uploads\/2025\/10\/Logo-norme-ISO-14001-390x368.png 390w\" sizes=\"(max-width: 480px) 100vw, 480px\" \/><\/figure>\n\n\n\n<div id=\"expandableblock_e8e6da97bbe46f33635d04157f4d5682\" class=\" block__expandable -detect-in-viewport expandable-orientation--vertical\" data-controller=\"expandable\" data-expandable-target=\"block\" data-action=\"resize@window-&gt;expandable#resize\" data-expandable-active-class=\"-active\">\n\n  <div class=\"expandable__wrapper\">\n\n    <div class=\"expandable__header\">\n              <h3 class=\"expandable__title\">ISO 14001:2015 \u2013 sistema de gesti\u00f3n medioambiental<\/h3>\n      \n              <p class=\"expandable__text\">La norma ISO 14001:2015 define los requisitos para un sistema de gesti\u00f3n medioambiental eficaz. Demuestra nuestro compromiso de minimizar el impacto medioambiental de nuestras actividades comerciales, cumplir con los requisitos legales y promover el uso sostenible de los recursos.  Con la certificaci\u00f3n ISO 14001, AED Vantage env\u00eda un mensaje claro: <\/p>\n      \n      <a href=\"#\" class=\"expandable__icon-wrapper\" data-action=\"expandable#onToggleClick\">\n        <div href=\"#\" class=\"expandable__icon-icon\"><\/div>\n      <\/a>\n    <\/div>\n    <div class=\"expandable__content-wrapper\">\n      <div class=\"expandable__content expandable__content--vertical inner-blocks\" data-expandable-target=\"content\">\n                \n\n<div class=\"wp-block-group is-layout-constrained wp-block-group-is-layout-constrained\">\n<ul class=\"wp-block-list\">\n<li>Gesti\u00f3n sostenible y uso responsable de los recursos,<\/li>\n\n\n\n<li>reducci\u00f3n de emisiones y residuos,<\/li>\n\n\n\n<li>cumplimiento de todas las normas medioambientales,<\/li>\n\n\n\n<li>concienciaci\u00f3n sobre la responsabilidad ecol\u00f3gica en todos los niveles de la empresa.<\/li>\n<\/ul>\n<\/div>\n\n\n      <\/div>\n    <\/div>\n  <\/div>\n\n<\/div>\n\n\n<figure class=\"wp-block-image aligncenter size-large is-resized\"><img decoding=\"async\" width=\"1024\" height=\"515\" src=\"https:\/\/www.aed-vantage.com\/wp-content\/uploads\/2025\/10\/ISO_and_IEC_logo_combined.svg-1024x515.png\" alt=\"\" class=\"wp-image-8286\" style=\"width:412px;height:auto\" srcset=\"https:\/\/www.aed-vantage.com\/wp-content\/uploads\/2025\/10\/ISO_and_IEC_logo_combined.svg-1024x515.png 1024w, https:\/\/www.aed-vantage.com\/wp-content\/uploads\/2025\/10\/ISO_and_IEC_logo_combined.svg-300x151.png 300w, https:\/\/www.aed-vantage.com\/wp-content\/uploads\/2025\/10\/ISO_and_IEC_logo_combined.svg-768x386.png 768w, https:\/\/www.aed-vantage.com\/wp-content\/uploads\/2025\/10\/ISO_and_IEC_logo_combined.svg-500x251.png 500w, https:\/\/www.aed-vantage.com\/wp-content\/uploads\/2025\/10\/ISO_and_IEC_logo_combined.svg-840x422.png 840w, https:\/\/www.aed-vantage.com\/wp-content\/uploads\/2025\/10\/ISO_and_IEC_logo_combined.svg-654x329.png 654w, https:\/\/www.aed-vantage.com\/wp-content\/uploads\/2025\/10\/ISO_and_IEC_logo_combined.svg.png 1200w\" sizes=\"(max-width: 1024px) 100vw, 1024px\" \/><\/figure>\n\n\n\n<div id=\"expandableblock_68ad37f96b91a7574c47fdbfe3c6651d\" class=\" block__expandable -detect-in-viewport expandable-orientation--vertical\" data-controller=\"expandable\" data-expandable-target=\"block\" data-action=\"resize@window-&gt;expandable#resize\" data-expandable-active-class=\"-active\">\n\n  <div class=\"expandable__wrapper\">\n\n    <div class=\"expandable__header\">\n              <h3 class=\"expandable__title\">ISO\/IEC 27001:2022 \u2013 Sistema de gesti\u00f3n de la seguridad de la informaci\u00f3n (ISMS)<\/h3>\n      \n              <p class=\"expandable__text\">La norma ISO\/IEC 27001:2022 es la norma reconocida internacionalmente para los sistemas de gesti\u00f3n de la seguridad de la informaci\u00f3n. Confirma nuestro enfoque sistem\u00e1tico para proteger los activos de informaci\u00f3n, minimizar los riesgos y cumplir con las normas de seguridad m\u00e1s recientes.  Con la norma ISO\/IEC 27001, AED Vantage garantiza:<\/p>\n      \n      <a href=\"#\" class=\"expandable__icon-wrapper\" data-action=\"expandable#onToggleClick\">\n        <div href=\"#\" class=\"expandable__icon-icon\"><\/div>\n      <\/a>\n    <\/div>\n    <div class=\"expandable__content-wrapper\">\n      <div class=\"expandable__content expandable__content--vertical inner-blocks\" data-expandable-target=\"content\">\n                \n\n<div class=\"wp-block-group is-layout-constrained wp-block-group-is-layout-constrained\">\n<ul class=\"wp-block-list\">\n<li>Confidencialidad, integridad y disponibilidad de toda la informaci\u00f3n,<\/li>\n\n\n\n<li>evaluaci\u00f3n y tratamiento estructurados de los riesgos,<\/li>\n\n\n\n<li>protecci\u00f3n de los datos sensibles frente al acceso no autorizado, la p\u00e9rdida o el uso indebido,<\/li>\n\n\n\n<li>mejora continua de las medidas y los procesos de seguridad.<\/li>\n<\/ul>\n<\/div>\n\n\n      <\/div>\n    <\/div>\n  <\/div>\n\n<\/div>\n\n\n<div id=\"spacerblock_906a9baf9cf14808cde240bd47deeaac\" class=\"block__spacer -detect-in-viewport block__spacer--medium\"><\/div>\n\n\n<figure class=\"wp-block-image aligncenter size-full is-resized\"><img decoding=\"async\" width=\"1008\" height=\"391\" src=\"https:\/\/www.aed-vantage.com\/wp-content\/uploads\/2025\/10\/LOGO-PERSONALIZADO-IAS.png\" alt=\"\" class=\"wp-image-8308\" style=\"width:789px;height:auto\" srcset=\"https:\/\/www.aed-vantage.com\/wp-content\/uploads\/2025\/10\/LOGO-PERSONALIZADO-IAS.png 1008w, https:\/\/www.aed-vantage.com\/wp-content\/uploads\/2025\/10\/LOGO-PERSONALIZADO-IAS-300x116.png 300w, https:\/\/www.aed-vantage.com\/wp-content\/uploads\/2025\/10\/LOGO-PERSONALIZADO-IAS-768x298.png 768w, https:\/\/www.aed-vantage.com\/wp-content\/uploads\/2025\/10\/LOGO-PERSONALIZADO-IAS-500x194.png 500w, https:\/\/www.aed-vantage.com\/wp-content\/uploads\/2025\/10\/LOGO-PERSONALIZADO-IAS-840x326.png 840w, https:\/\/www.aed-vantage.com\/wp-content\/uploads\/2025\/10\/LOGO-PERSONALIZADO-IAS-654x254.png 654w\" sizes=\"(max-width: 1008px) 100vw, 1008px\" \/><\/figure>\n<\/div>\n","protected":false},"excerpt":{"rendered":"<p>Nuestro compromiso con la calidad La combinaci\u00f3n de estas tres certificaciones reconocidas internacionalmente demuestra nuestro compromiso constante con la calidad, la conciencia medioambiental y la seguridad de la informaci\u00f3n.Los clientes y socios se benefician de: Por qu\u00e9 AED Vantage es el socio adecuado Con nuestro sistema de gesti\u00f3n integrado (IMS) certificado, combinamos calidad, responsabilidad medioambiental [&hellip;]<\/p>\n","protected":false},"author":29,"featured_media":0,"parent":0,"menu_order":0,"comment_status":"closed","ping_status":"closed","template":"","meta":{"footnotes":""},"class_list":["post-8268","page","type-page","status-publish","hentry"],"aioseo_notices":[],"acf":[],"_links":{"self":[{"href":"https:\/\/www.aed-vantage.com\/es\/wp-json\/wp\/v2\/pages\/8268","targetHints":{"allow":["GET"]}}],"collection":[{"href":"https:\/\/www.aed-vantage.com\/es\/wp-json\/wp\/v2\/pages"}],"about":[{"href":"https:\/\/www.aed-vantage.com\/es\/wp-json\/wp\/v2\/types\/page"}],"author":[{"embeddable":true,"href":"https:\/\/www.aed-vantage.com\/es\/wp-json\/wp\/v2\/users\/29"}],"replies":[{"embeddable":true,"href":"https:\/\/www.aed-vantage.com\/es\/wp-json\/wp\/v2\/comments?post=8268"}],"version-history":[{"count":9,"href":"https:\/\/www.aed-vantage.com\/es\/wp-json\/wp\/v2\/pages\/8268\/revisions"}],"predecessor-version":[{"id":8337,"href":"https:\/\/www.aed-vantage.com\/es\/wp-json\/wp\/v2\/pages\/8268\/revisions\/8337"}],"wp:attachment":[{"href":"https:\/\/www.aed-vantage.com\/es\/wp-json\/wp\/v2\/media?parent=8268"}],"curies":[{"name":"wp","href":"https:\/\/api.w.org\/{rel}","templated":true}]}}