{"id":5277,"date":"2024-03-13T10:32:51","date_gmt":"2024-03-13T09:32:51","guid":{"rendered":"https:\/\/www.aed-vantage.com\/?post_type=product&#038;p=5277"},"modified":"2025-07-15T15:39:30","modified_gmt":"2025-07-15T13:39:30","slug":"cruether","status":"publish","type":"product","link":"https:\/\/www.aed-vantage.com\/es\/product\/cruether\/","title":{"rendered":"CruEther [\u02c8k\u0279uz\u0259\u02de ] &#8211; Automotive Ethernet Converter"},"content":{"rendered":"\n<div class=\"wp-block-group alignwide has-platinum-grey-background-color has-background is-layout-constrained wp-block-group-is-layout-constrained\"><div class=\"wp-bootstrap-blocks-row row alignfull\">\n\t\n\n<div class=\"col-12 col-md-6 col-lg-4\">\n\t\t\t\n\n<figure class=\"wp-block-image aligncenter size-full is-resized\"><img decoding=\"async\" src=\"https:\/\/www.aed-vantage.com\/wp-content\/uploads\/2024\/03\/CruEther_Portfolio.png\" alt=\"\" class=\"wp-image-7418\" style=\"width:354px;height:auto\"\/><\/figure>\n\n\t<\/div>\n\n\n\n<div class=\"col-12 col-md-6 col-lg-4\">\n\t\t\t\n\n<div id=\"cardblock_53af2defd2e97be3aadcacc0b001b2f4\" class=\"block__card -detect-in-viewport\">\n  <div class=\"has-background-color--white has-shadow\">\n\n    \n    <div class=\"card__content-wrapper \">\n      <div class=\"card__inner-blocks inner-blocks\">\n        \n\n<h3 class=\"wp-block-heading\">CruEther &#8211; Automotive Ethernet Converter &amp; Network Adapter<\/h3>\n\n\n\n<ul class=\"wp-block-list\">\n<li>diferentes variantes disponibles (1000BASE-T1, o multigigabit hasta 10GBASE-T1)<\/li>\n\n\n\n<li>configurable (Maestro\/esclavo, Velocidad)<\/li>\n\n\n\n<li>Diagn\u00f3stico sencillo de los datos del veh\u00edculo con su port\u00e1til o sistema HiL<\/li>\n<\/ul>\n\n\n<div class=\"wp-bootstrap-blocks-row row\">\n\t\n\n<div class=\"col-12 col-md-6\">\n\t\t\t\n\n<div id=\"buttonblock_7370f3da461d3e7851d1d5033d95b621\" class=\"block__button -detect-in-viewport button__size--full\">\n  <div class=\"button__color--blue\">\n          <a href=\"#VARIANTS\" target=\"\" class=\"btn\">\n        <span class=\"button__link__label\">Variants<\/span>\n      <\/a>\n      <\/div>\n<\/div>\n\t<\/div>\n\n\n\n<div class=\"col-12 col-md-6\">\n\t\t\t\n\n<div id=\"single-downloadblock_4d3cde57970685c73fdfe42158712e70\" class=\"block__single-download alignleft -detect-in-viewport\">\n  <a class=\"single-download__file-link\" href=\"https:\/\/www.aed-vantage.com\/es\/download\/cruether-product-brochure\/?file_id=6885&#038;file_name=CruEther_Product_Family_Brochure_v2.pdf\">\n    CruEther Product Brochure (PDF, 677 KB)  <\/a>\n<\/div>\n\t<\/div>\n\n<\/div>\n\n      <\/div>\n    <\/div>\n  <\/div>\n<\/div>\n\t<\/div>\n\n\n\n<div class=\"col-12 col-md-6 col-lg-4\">\n\t\t\t\n\n<div id=\"cardblock_53af2defd2e97be3aadcacc0b001b2f4\" class=\"block__card -detect-in-viewport\">\n  <div class=\"has-background-color--white has-shadow\">\n\n    \n    <div class=\"card__content-wrapper \">\n      <div class=\"card__inner-blocks inner-blocks\">\n        \n\n<h4 class=\"wp-block-heading\">Informaci\u00f3n \u00fatil<\/h4>\n\n\n\n<ul class=\"wp-block-list\">\n<li>Data Sheets<\/li>\n\n\n\n<li>User Instructions Manuals<\/li>\n\n\n\n<li>Tutorials<\/li>\n<\/ul>\n\n\n\n<div id=\"buttonblock_9c29ecdee03c8c4ac338adcecabbf6be\" class=\"block__button -detect-in-viewport button__size--full\">\n  <div class=\"button__color--white\">\n          <a href=\"\/downloads\" target=\"\" class=\"btn\">\n        <span class=\"button__link__label\">Download Center<\/span>\n      <\/a>\n      <\/div>\n<\/div>\n\n\n<h4 class=\"wp-block-heading\">Aplicaciones<\/h4>\n\n\n\n<ul class=\"wp-block-list\">\n<li>Puede utilizarse en un conmutador<\/li>\n\n\n\n<li>An\u00e1lisis de datos<\/li>\n\n\n\n<li>Calibraci\u00f3n<\/li>\n<\/ul>\n\n\n\n<div id=\"buttonblock_2b804802ee2265fc27f2c6400c13759b\" class=\"block__button -detect-in-viewport button__size--full\">\n  <div class=\"button__color--white\">\n          <a href=\"#APPCRUETHER\" target=\"\" class=\"btn\">\n        <span class=\"button__link__label\">Aplicaciones<\/span>\n      <\/a>\n      <\/div>\n<\/div>\n      <\/div>\n    <\/div>\n  <\/div>\n<\/div>\n\t<\/div>\n\n<\/div>\n\n\n\n<div id=\"contactblock_4cf37e531633b5ce2df1668154589b0b\" class=\"block__contact -detect-in-viewport\">\n\n    <div class=\"contact__content-wrapper container\">\n                <div class=\"contact__card block__card\">\n\n            <div class=\"has-background-color--white has-shadow\">\n                <div class=\"contact__card-content-wrapper\">\n                    <div class=\"frm_forms  with_frm_style frm_style_formidable-style\" id=\"frm_form_1_container\" data-token=\"0eb089a7a34f6e1087c2d71e4771381c\">\n<form enctype=\"multipart\/form-data\" method=\"post\" class=\"frm-show-form  frm_js_validate  frm_ajax_submit  frm_pro_form \" id=\"form_contact-form\" data-token=\"0eb089a7a34f6e1087c2d71e4771381c\">\n<div class=\"frm_form_fields \">\n<fieldset>\n<legend class=\"frm_screen_reader\">Cont\u00e1ctenos<\/legend>\r\n\r\n<div class=\"frm_fields_container\">\n<input type=\"hidden\" name=\"frm_action\" value=\"create\" \/>\n<input type=\"hidden\" name=\"form_id\" value=\"1\" \/>\n<input type=\"hidden\" name=\"frm_hide_fields_1\" id=\"frm_hide_fields_1\" value=\"\" \/>\n<input type=\"hidden\" name=\"form_key\" value=\"contact-form\" \/>\n<input type=\"hidden\" name=\"item_meta[0]\" value=\"\" \/>\n<input type=\"hidden\" id=\"frm_submit_entry_1\" name=\"frm_submit_entry_1\" value=\"1d35102725\" \/><input type=\"hidden\" name=\"_wp_http_referer\" value=\"\/es\/wp-json\/wp\/v2\/product\/5277\" \/><div id=\"frm_field_1_container\" class=\"frm_form_field form-field  frm_required_field frm_top_container frm_first frm_half\">\r\n    <label for=\"field_qh4icy\" id=\"field_qh4icy_label\" class=\"frm_primary_label\">Nombre\r\n        <span class=\"frm_required\" aria-hidden=\"true\">*<\/span>\r\n    <\/label>\r\n    <input  type=\"text\" id=\"field_qh4icy\" name=\"item_meta[1]\" value=\"\"  placeholder=\"Su nombre\" data-reqmsg=\"Este campo no debe estar vac\u00edo.\" aria-required=\"true\" data-invmsg=\"El campo Nombre no es v\u00e1lido.\" aria-invalid=\"false\"   \/>\r\n    \r\n    \r\n<\/div>\n<div id=\"frm_field_2_container\" class=\"frm_form_field form-field  frm_top_container frm_half\">\r\n    <label for=\"field_ocfup1\" id=\"field_ocfup1_label\" class=\"frm_primary_label\">Tel\u00e9fono\r\n        <span class=\"frm_required\" aria-hidden=\"true\"><\/span>\r\n    <\/label>\r\n    <input  type=\"text\" id=\"field_ocfup1\" name=\"item_meta[2]\" value=\"\"  placeholder=\"999-999-9999\" data-invmsg=\"La \u00faltima entrada no es v\u00e1lida.\" aria-invalid=\"false\"   \/>\r\n    \r\n    \r\n<\/div>\n<div id=\"frm_field_3_container\" class=\"frm_form_field form-field  frm_required_field frm_top_container frm_full\">\r\n    <label for=\"field_29yf4d\" id=\"field_29yf4d_label\" class=\"frm_primary_label\">Email\r\n        <span class=\"frm_required\" aria-hidden=\"true\">*<\/span>\r\n    <\/label>\r\n    <input type=\"email\" id=\"field_29yf4d\" name=\"item_meta[3]\" value=\"\"  placeholder=\"sunombre@email.com\" data-reqmsg=\"Este campo no debe estar vac\u00edo.\" aria-required=\"true\" data-invmsg=\"Introduzca una direcci\u00f3n de correo electr\u00f3nico v\u00e1lida.\" aria-invalid=\"false\"  \/>\r\n    \r\n    \r\n<\/div>\n<div id=\"frm_field_24_container\" class=\"frm_form_field form-field  frm_top_container frm_full\">\r\n    <label for=\"field_hgw4t\" id=\"field_hgw4t_label\" class=\"frm_primary_label\">\u00bfComo supo de nosotros?\r\n        <span class=\"frm_required\" aria-hidden=\"true\"><\/span>\r\n    <\/label>\r\n    \t\t<select name=\"item_meta[24]\" id=\"field_hgw4t\"  data-invmsg=\"\u00bfComo supo de nosotros? no es v\u00e1lido\" aria-invalid=\"false\"  >\n\t\t<option  value=\"\" selected='selected'> <\/option><option  value=\"Colleagues, friends, etc.\">Compa\u00f1eros, amigos, familiares, etc<\/option><option  value=\"Search engines, like Google etc.\">Search engines, like Google etc.<\/option><option  value=\"Trade shows, events with AED\">Trade shows, events with AED<\/option><option  value=\"Social Media, like LinkedIn etc.\">Social Media, like LinkedIn etc.<\/option><option  value=\"Other\">Otros<\/option>\t<\/select>\n\t\r\n    \r\n    \r\n<\/div>\n<div id=\"frm_field_25_container\" class=\"frm_form_field form-field  frm_top_container frm_full\">\r\n    <label for=\"field_a3oqp\" id=\"field_a3oqp_label\" class=\"frm_primary_label\">\r\n        <span class=\"frm_required\" aria-hidden=\"true\"><\/span>\r\n    <\/label>\r\n    <input  type=\"text\" id=\"field_a3oqp\" name=\"item_meta[25]\" value=\"\"  placeholder=\"M\u00e1s informaci\u00f3n\" data-invmsg=\"Text is invalid\" aria-invalid=\"false\"   \/>\r\n    \r\n    \r\n<\/div>\n<div id=\"frm_field_5_container\" class=\"frm_form_field form-field  frm_required_field frm_top_container frm_full\">\r\n    <label for=\"field_9jv0r1\" id=\"field_9jv0r1_label\" class=\"frm_primary_label\">Mensaje\r\n        <span class=\"frm_required\" aria-hidden=\"true\">*<\/span>\r\n    <\/label>\r\n    <textarea name=\"item_meta[5]\" id=\"field_9jv0r1\" rows=\"5\"  placeholder=\"Su mensaje\" data-reqmsg=\"Este campo no debe estar vac\u00edo.\" aria-required=\"true\" data-invmsg=\"Message is invalid\" aria-invalid=\"false\"  ><\/textarea>\r\n    \r\n    \r\n<\/div>\n<div id=\"frm_field_6_container\" class=\"frm_form_field form-field  frm_required_field frm_top_container vertical_radio\">\r\n    <div  id=\"field_vyz87_label\" class=\"frm_primary_label\">\r\n        <span class=\"frm_required\" aria-hidden=\"true\"><\/span>\r\n    <\/div>\r\n    <div class=\"frm_opt_container\" aria-labelledby=\"field_vyz87_label\" role=\"group\">\t\t<div class=\"frm_checkbox\" id=\"frm_checkbox_6-0\">\t\t\t<label  for=\"field_vyz87-0\">\n\t\t\t<input type=\"checkbox\" name=\"item_meta[6][]\" id=\"field_vyz87-0\" value=\"I have read and accept the data protection\"  data-reqmsg=\"This field cannot be blank.\" data-invmsg=\"Este campo no es v\u00e1lido\"   aria-required=\"true\"  \/> He le\u00eddo y acepto la protecci\u00f3n de datos.<\/label><\/div>\n<\/div>\r\n    \r\n    \r\n<\/div>\n<div id=\"frm_field_37_container\" class=\"frm_form_field form-field \">\n\t<div class=\"frm_submit\">\r\n\r\n<button class=\"frm_button_submit frm_final_submit\" type=\"submit\"   formnovalidate=\"formnovalidate\">Send<\/button>\r\n\r\n\r\n<\/div>\n<\/div>\n\t<input type=\"hidden\" name=\"item_key\" value=\"\" \/>\n\t\t\t<div id=\"frm_field_50_container\">\n\t\t\t<label for=\"field_6ryt2\" >\n\t\t\t\tSi eres humano, deja este campo en blanco.\t\t\t<\/label>\n\t\t\t<input  id=\"field_6ryt2\" type=\"text\" class=\"frm_form_field form-field frm_verify\" name=\"item_meta[50]\" value=\"\"  \/>\n\t\t<\/div>\n\t\t<input name=\"frm_state\" type=\"hidden\" value=\"KDZALcuSi2U4R9sa1SAmbO4bFtQW1KxHmhul3KEDpLwtgEpvcTO9+VEVAYOnPoK5\" \/><\/div>\n<\/fieldset>\n<\/div>\n\n<\/form>\n<\/div>\n                <\/div>\n            <\/div>\n        <\/div>\n                <div class=\"contact__text\">\n            <h3>Contact\u00e9nos<\/h3>\n<h2>\u00bfC\u00f3mo podemos ayudarle?<\/h2>\n<p class=\"has-large-font-size\">Para obtener m\u00e1s informaci\u00f3n sobre nuestras ofertas de empleo, p\u00f3ngase en contacto con nosotros con su consulta espec\u00edfica y nos pondremos en contacto con usted lo antes posible.<\/p>\n        <\/div>\n    <\/div>\n<\/div><\/div>\n\n\n\n<div id=\"spacerblock_23844b046f8927fa364e5bc5a83fdd57\" class=\"block__spacer -detect-in-viewport block__spacer--medium\"><\/div>\n\n<p id=\"VARIANTS\">\n\n\n<div id=\"overlapping-section-dividerblock_e33178f067da7c15b871ac34ca6cbc13\" class=\"block__overlapping-section-divider -detect-in-viewport\">\n  <div >\n\n    <div class=\"overlapping-section-divider__image --setDimension\">\n      <img decoding=\"async\" width=\"1200\" height=\"450\" src=\"https:\/\/www.aed-vantage.com\/wp-content\/uploads\/2024\/03\/CruEther_Portfolio-1.png\" class=\"attachment-fullscreen_16_9 size-fullscreen_16_9\" alt=\"\" srcset=\"https:\/\/www.aed-vantage.com\/wp-content\/uploads\/2024\/03\/CruEther_Portfolio-1.png 1200w, https:\/\/www.aed-vantage.com\/wp-content\/uploads\/2024\/03\/CruEther_Portfolio-1-300x113.png 300w, https:\/\/www.aed-vantage.com\/wp-content\/uploads\/2024\/03\/CruEther_Portfolio-1-1024x384.png 1024w, https:\/\/www.aed-vantage.com\/wp-content\/uploads\/2024\/03\/CruEther_Portfolio-1-768x288.png 768w, https:\/\/www.aed-vantage.com\/wp-content\/uploads\/2024\/03\/CruEther_Portfolio-1-500x188.png 500w, https:\/\/www.aed-vantage.com\/wp-content\/uploads\/2024\/03\/CruEther_Portfolio-1-840x315.png 840w, https:\/\/www.aed-vantage.com\/wp-content\/uploads\/2024\/03\/CruEther_Portfolio-1-654x245.png 654w\" sizes=\"(max-width: 1200px) 100vw, 1200px\" \/>    <\/div>\n\n    <div class=\"overlapping-section-divider__title-wrapper\">\n      <div class=\"overlapping-section-divider__title\">\n        <h2>\n          Variantes de CruEther        <\/h2>\n      <\/div>\n    <\/div>\n  <\/div>\n<\/div>\n\n\n<div class=\"wp-block-group alignwide is-layout-constrained wp-block-group-is-layout-constrained\"><div class=\"wp-bootstrap-blocks-row row alignfull\">\n\t\n\n<div class=\"col-12 col-md-6 col-lg-4\">\n\t\t\t\n\n<div id=\"cardblock_6826c4cd47ed747fd5a6747d01d804fc\" class=\"block__card -detect-in-viewport\">\n  <div class=\"has-background-color--white has-shadow animate__animated animate__fadeInUp animate__delay-default\">\n\n    \n    <div class=\"card__content-wrapper \">\n      <div class=\"card__inner-blocks inner-blocks\">\n        \n\n<figure class=\"wp-block-image aligncenter size-full\"><img decoding=\"async\" width=\"1024\" height=\"358\" src=\"https:\/\/www.aed-vantage.com\/wp-content\/uploads\/2024\/03\/image-1.png\" alt=\"This image has an empty alt attribute; its file name is IMG_3428_CruEther_10G_top-1024x358.png\" class=\"wp-image-6743\" srcset=\"https:\/\/www.aed-vantage.com\/wp-content\/uploads\/2024\/03\/image-1.png 1024w, https:\/\/www.aed-vantage.com\/wp-content\/uploads\/2024\/03\/image-1-300x105.png 300w, https:\/\/www.aed-vantage.com\/wp-content\/uploads\/2024\/03\/image-1-768x269.png 768w, https:\/\/www.aed-vantage.com\/wp-content\/uploads\/2024\/03\/image-1-500x175.png 500w, https:\/\/www.aed-vantage.com\/wp-content\/uploads\/2024\/03\/image-1-840x294.png 840w, https:\/\/www.aed-vantage.com\/wp-content\/uploads\/2024\/03\/image-1-654x229.png 654w\" sizes=\"(max-width: 1024px) 100vw, 1024px\" \/><\/figure>\n\n\n\n<h3 class=\"wp-block-heading\">CruEther 10G SFP<\/h3>\n\n\n\n<ul class=\"wp-block-list\">\n<li>Convertidor Ethernet multigigabit para automoci\u00f3n<\/li>\n\n\n\n<li><em>Marvell MV-Q3244 chipset<\/em><\/li>\n\n\n\n<li>2.5\/5\/10GBASE-T1 to BASE-X, USXGMII, BASE-R, XFI conversi\u00f3n full duplex<\/li>\n\n\n\n<li>Velocidad configurable y modo maestro\/esclavo<\/li>\n\n\n\n<li>MACSec (disponible pr\u00f3ximamente)<\/li>\n\n\n\n<li>TC10 (disponible pr\u00f3ximamente)<\/li>\n<\/ul>\n\n      <\/div>\n    <\/div>\n  <\/div>\n<\/div>\n\t<\/div>\n\n\n\n<div class=\"col-12 col-md-6 col-lg-4\">\n\t\t\t\n\n<div id=\"cardblock_be9098c9ecc59cb8be383abfee01ea39\" class=\"block__card -detect-in-viewport\">\n  <div class=\"has-background-color--white has-shadow animate__animated animate__fadeInUp animate__delay-0-5s\">\n\n    \n    <div class=\"card__content-wrapper \">\n      <div class=\"card__inner-blocks inner-blocks\">\n        \n\n<figure class=\"wp-block-image aligncenter size-large\"><img decoding=\"async\" width=\"1024\" height=\"290\" src=\"https:\/\/www.aed-vantage.com\/wp-content\/uploads\/2024\/03\/CruEther_1G_SFP_img1-1024x290.png\" alt=\"\" class=\"wp-image-6700\" srcset=\"https:\/\/www.aed-vantage.com\/wp-content\/uploads\/2024\/03\/CruEther_1G_SFP_img1-1024x290.png 1024w, https:\/\/www.aed-vantage.com\/wp-content\/uploads\/2024\/03\/CruEther_1G_SFP_img1-300x85.png 300w, https:\/\/www.aed-vantage.com\/wp-content\/uploads\/2024\/03\/CruEther_1G_SFP_img1-768x218.png 768w, https:\/\/www.aed-vantage.com\/wp-content\/uploads\/2024\/03\/CruEther_1G_SFP_img1-1536x435.png 1536w, https:\/\/www.aed-vantage.com\/wp-content\/uploads\/2024\/03\/CruEther_1G_SFP_img1-2048x580.png 2048w, https:\/\/www.aed-vantage.com\/wp-content\/uploads\/2024\/03\/CruEther_1G_SFP_img1-500x142.png 500w, https:\/\/www.aed-vantage.com\/wp-content\/uploads\/2024\/03\/CruEther_1G_SFP_img1-840x238.png 840w, https:\/\/www.aed-vantage.com\/wp-content\/uploads\/2024\/03\/CruEther_1G_SFP_img1-1308x371.png 1308w, https:\/\/www.aed-vantage.com\/wp-content\/uploads\/2024\/03\/CruEther_1G_SFP_img1-654x185.png 654w\" sizes=\"(max-width: 1024px) 100vw, 1024px\" \/><\/figure>\n\n\n\n<h3 class=\"wp-block-heading\">CruEther 1G SFP<\/h3>\n\n\n\n<ul class=\"wp-block-list\">\n<li>Convertidor Ethernet para automoci\u00f3n<\/li>\n\n\n\n<li><em>Marvell 88Q2221M chipset<\/em><\/li>\n\n\n\n<li>100\/1000BASE-T1 to BASE-X, SGMII conversi\u00f3n full duplex<\/li>\n\n\n\n<li>Velocidad configurable y modo maestro\/esclavo<\/li>\n\n\n\n<li>MACSec (disponible pr\u00f3ximamente)<\/li>\n\n\n\n<li>TC10 (disponible pr\u00f3ximamente)<\/li>\n<\/ul>\n\n      <\/div>\n    <\/div>\n  <\/div>\n<\/div>\n\t<\/div>\n\n\n\n<div class=\"col-12 col-md-6 col-lg-4\">\n\t\t\t\n\n<div id=\"cardblock_8a6d3250bfa8795fea73bbee6db1272f\" class=\"block__card -detect-in-viewport\">\n  <div class=\"has-background-color--white has-shadow animate__animated animate__fadeInUp animate__delay-1s\">\n\n    \n    <div class=\"card__content-wrapper \">\n      <div class=\"card__inner-blocks inner-blocks\">\n        \n\n<figure class=\"wp-block-image aligncenter size-large is-resized\"><img decoding=\"async\" width=\"1024\" height=\"293\" src=\"https:\/\/www.aed-vantage.com\/wp-content\/uploads\/2024\/06\/IMG_3447_CruEther_100M_USB-1024x293.png\" alt=\"\" class=\"wp-image-6060\" style=\"width:246px;height:auto\"\/><\/figure>\n\n\n\n<h3 class=\"wp-block-heading\">CruEther 100M USB<\/h3>\n\n\n\n<ul class=\"wp-block-list\">\n<li>Adaptador de red Ethernet para automoci\u00f3n<\/li>\n\n\n\n<li>USB2.0 Interface (Typo-A)<\/li>\n\n\n\n<li>100BASE-T1 Interface<\/li>\n\n\n\n<li>Standard LAN78xx drivers network interface para Linux y Windows<\/li>\n\n\n\n<li>CANoe soporta<\/li>\n<\/ul>\n\n      <\/div>\n    <\/div>\n  <\/div>\n<\/div>\n\t<\/div>\n\n\n\n<div class=\"col-12 col-md-6 col-lg-4\">\n\t\t\t\n\n<div id=\"cardblock_6826c4cd47ed747fd5a6747d01d804fc\" class=\"block__card -detect-in-viewport\">\n  <div class=\"has-background-color--white has-shadow animate__animated animate__fadeInUp animate__delay-default\">\n\n    \n    <div class=\"card__content-wrapper \">\n      <div class=\"card__inner-blocks inner-blocks\">\n        \n\n<figure class=\"wp-block-image aligncenter size-full is-resized\"><img decoding=\"async\" width=\"942\" height=\"317\" src=\"https:\/\/www.aed-vantage.com\/wp-content\/uploads\/2024\/09\/CruEther_1G_USB_front.png\" alt=\"\" class=\"wp-image-6772\" style=\"width:226px;height:auto\" srcset=\"https:\/\/www.aed-vantage.com\/wp-content\/uploads\/2024\/09\/CruEther_1G_USB_front.png 942w, https:\/\/www.aed-vantage.com\/wp-content\/uploads\/2024\/09\/CruEther_1G_USB_front-300x101.png 300w, https:\/\/www.aed-vantage.com\/wp-content\/uploads\/2024\/09\/CruEther_1G_USB_front-768x258.png 768w, https:\/\/www.aed-vantage.com\/wp-content\/uploads\/2024\/09\/CruEther_1G_USB_front-500x168.png 500w, https:\/\/www.aed-vantage.com\/wp-content\/uploads\/2024\/09\/CruEther_1G_USB_front-840x283.png 840w, https:\/\/www.aed-vantage.com\/wp-content\/uploads\/2024\/09\/CruEther_1G_USB_front-654x220.png 654w\" sizes=\"(max-width: 942px) 100vw, 942px\" \/><\/figure>\n\n\n\n<h3 class=\"wp-block-heading\">CruEther 1G USB<\/h3>\n\n\n\n<ul class=\"wp-block-list\">\n<li>Adaptador de red Ethernet para automoci\u00f3n<\/li>\n\n\n\n<li>USB3.1 Interface (Typo-C)<\/li>\n\n\n\n<li>100\/1000BASE-T1 Interface<\/li>\n\n\n\n<li>Standard LAN78xx drivers network interface para Linux y Windows<\/li>\n\n\n\n<li>Velocidad configurable y modo maestro\/esclavo<\/li>\n\n\n\n<li>CANoe soporta<\/li>\n<\/ul>\n\n      <\/div>\n    <\/div>\n  <\/div>\n<\/div>\n\t<\/div>\n\n\n\n<div class=\"col-12 col-md-6 col-lg-4\">\n\t\t\t\t<\/div>\n\n\n\n<div class=\"col-12 col-md-6 col-lg-4\">\n\t\t\t\t<\/div>\n\n<\/div>\n<\/div>\n\n\n<p id=\"APPCRUETHER\">\n\n\n<div id=\"overlapping-section-dividerblock_7e99a65685a82ce327620e0c2e8a5633\" class=\"block__overlapping-section-divider -detect-in-viewport\">\n  <div >\n\n    <div class=\"overlapping-section-divider__image --setDimension\">\n          <\/div>\n\n    <div class=\"overlapping-section-divider__title-wrapper\">\n      <div class=\"overlapping-section-divider__title\">\n        <h2>\n          CruEther &#8211; Aplicaciones        <\/h2>\n      <\/div>\n    <\/div>\n  <\/div>\n<\/div>\n\n\n<p>Los convertidores de medios Ethernet para automoci\u00f3n de nuestra familia de productos CruEther facilitan la conversi\u00f3n de se\u00f1ales Ethernet para automoci\u00f3n en se\u00f1ales Ethernet est\u00e1ndar. Esta capacidad permite a los desarrolladores acceder, calibrar, diagnosticar y actualizar sin problemas los datos de los veh\u00edculos.<\/p>\n\n\n\n<div class=\"wp-block-group is-layout-constrained wp-block-group-is-layout-constrained\">\n<figure class=\"wp-block-image aligncenter size-large is-resized\"><img decoding=\"async\" width=\"1024\" height=\"262\" src=\"https:\/\/www.aed-vantage.com\/wp-content\/uploads\/2024\/09\/Application_CruEther_SFP-1024x262.png\" alt=\"\" class=\"wp-image-6917\" style=\"width:790px;height:auto\" srcset=\"https:\/\/www.aed-vantage.com\/wp-content\/uploads\/2024\/09\/Application_CruEther_SFP-1024x262.png 1024w, https:\/\/www.aed-vantage.com\/wp-content\/uploads\/2024\/09\/Application_CruEther_SFP-300x77.png 300w, https:\/\/www.aed-vantage.com\/wp-content\/uploads\/2024\/09\/Application_CruEther_SFP-768x196.png 768w, https:\/\/www.aed-vantage.com\/wp-content\/uploads\/2024\/09\/Application_CruEther_SFP-1536x393.png 1536w, https:\/\/www.aed-vantage.com\/wp-content\/uploads\/2024\/09\/Application_CruEther_SFP-2048x523.png 2048w, https:\/\/www.aed-vantage.com\/wp-content\/uploads\/2024\/09\/Application_CruEther_SFP-500x128.png 500w, https:\/\/www.aed-vantage.com\/wp-content\/uploads\/2024\/09\/Application_CruEther_SFP-840x215.png 840w, https:\/\/www.aed-vantage.com\/wp-content\/uploads\/2024\/09\/Application_CruEther_SFP-1308x334.png 1308w, https:\/\/www.aed-vantage.com\/wp-content\/uploads\/2024\/09\/Application_CruEther_SFP-654x167.png 654w\" sizes=\"(max-width: 1024px) 100vw, 1024px\" \/><\/figure>\n\n\n\n<figure class=\"wp-block-image aligncenter size-large is-resized\"><img decoding=\"async\" width=\"1024\" height=\"364\" src=\"https:\/\/www.aed-vantage.com\/wp-content\/uploads\/2024\/09\/Application_CruEther_USB-1024x364.png\" alt=\"\" class=\"wp-image-6920\" style=\"width:763px;height:auto\" srcset=\"https:\/\/www.aed-vantage.com\/wp-content\/uploads\/2024\/09\/Application_CruEther_USB-1024x364.png 1024w, https:\/\/www.aed-vantage.com\/wp-content\/uploads\/2024\/09\/Application_CruEther_USB-300x107.png 300w, https:\/\/www.aed-vantage.com\/wp-content\/uploads\/2024\/09\/Application_CruEther_USB-768x273.png 768w, https:\/\/www.aed-vantage.com\/wp-content\/uploads\/2024\/09\/Application_CruEther_USB-1536x546.png 1536w, https:\/\/www.aed-vantage.com\/wp-content\/uploads\/2024\/09\/Application_CruEther_USB-2048x728.png 2048w, https:\/\/www.aed-vantage.com\/wp-content\/uploads\/2024\/09\/Application_CruEther_USB-500x178.png 500w, https:\/\/www.aed-vantage.com\/wp-content\/uploads\/2024\/09\/Application_CruEther_USB-840x299.png 840w, https:\/\/www.aed-vantage.com\/wp-content\/uploads\/2024\/09\/Application_CruEther_USB-1308x465.png 1308w, https:\/\/www.aed-vantage.com\/wp-content\/uploads\/2024\/09\/Application_CruEther_USB-654x233.png 654w\" sizes=\"(max-width: 1024px) 100vw, 1024px\" \/><\/figure>\n<\/div>\n","protected":false},"excerpt":{"rendered":"<p>Los convertidores de medios Ethernet para automoci\u00f3n de nuestra familia de productos CruEther facilitan la conversi\u00f3n de se\u00f1ales Ethernet para automoci\u00f3n en se\u00f1ales Ethernet est\u00e1ndar. Esta capacidad permite a los desarrolladores acceder, calibrar, diagnosticar y actualizar sin problemas los datos de los veh\u00edculos.<\/p>\n","protected":false},"featured_media":0,"template":"","class_list":["post-5277","product","type-product","status-publish","hentry"],"aioseo_notices":[],"acf":[],"_links":{"self":[{"href":"https:\/\/www.aed-vantage.com\/es\/wp-json\/wp\/v2\/product\/5277","targetHints":{"allow":["GET"]}}],"collection":[{"href":"https:\/\/www.aed-vantage.com\/es\/wp-json\/wp\/v2\/product"}],"about":[{"href":"https:\/\/www.aed-vantage.com\/es\/wp-json\/wp\/v2\/types\/product"}],"version-history":[{"count":10,"href":"https:\/\/www.aed-vantage.com\/es\/wp-json\/wp\/v2\/product\/5277\/revisions"}],"predecessor-version":[{"id":8058,"href":"https:\/\/www.aed-vantage.com\/es\/wp-json\/wp\/v2\/product\/5277\/revisions\/8058"}],"wp:attachment":[{"href":"https:\/\/www.aed-vantage.com\/es\/wp-json\/wp\/v2\/media?parent=5277"}],"curies":[{"name":"wp","href":"https:\/\/api.w.org\/{rel}","templated":true}]}}