{"id":7113,"date":"2025-03-06T15:04:00","date_gmt":"2025-03-06T14:04:00","guid":{"rendered":"https:\/\/www.aed-vantage.com\/?post_type=product&#038;p=7113"},"modified":"2026-03-20T11:15:20","modified_gmt":"2026-03-20T10:15:20","slug":"zoanr-switch","status":"publish","type":"product","link":"https:\/\/www.aed-vantage.com\/es\/product\/zoanr-switch\/","title":{"rendered":"ZoanR Switch para Automotive Ethernet"},"content":{"rendered":"\n<div class=\"wp-block-group alignwide has-platinum-grey-background-color has-background is-layout-constrained wp-block-group-is-layout-constrained\"><div class=\"wp-bootstrap-blocks-row row alignfull\">\n\t\n\n<div class=\"col-12 col-md-6 col-lg-4\">\n\t\t\t\n\n<figure class=\"wp-block-image size-full\"><img decoding=\"async\" width=\"867\" height=\"367\" src=\"https:\/\/www.aed-vantage.com\/wp-content\/uploads\/2025\/03\/ZoanR-Switch-transparent-Bgr-1.png\" alt=\"\" class=\"wp-image-8075\" srcset=\"https:\/\/www.aed-vantage.com\/wp-content\/uploads\/2025\/03\/ZoanR-Switch-transparent-Bgr-1.png 867w, https:\/\/www.aed-vantage.com\/wp-content\/uploads\/2025\/03\/ZoanR-Switch-transparent-Bgr-1-300x127.png 300w, https:\/\/www.aed-vantage.com\/wp-content\/uploads\/2025\/03\/ZoanR-Switch-transparent-Bgr-1-768x325.png 768w, https:\/\/www.aed-vantage.com\/wp-content\/uploads\/2025\/03\/ZoanR-Switch-transparent-Bgr-1-500x212.png 500w, https:\/\/www.aed-vantage.com\/wp-content\/uploads\/2025\/03\/ZoanR-Switch-transparent-Bgr-1-840x356.png 840w, https:\/\/www.aed-vantage.com\/wp-content\/uploads\/2025\/03\/ZoanR-Switch-transparent-Bgr-1-654x277.png 654w\" sizes=\"(max-width: 867px) 100vw, 867px\" \/><\/figure>\n\n\t<\/div>\n\n\n\n<div class=\"col-12 col-md-6 col-lg-4\">\n\t\t\t\n\n<div id=\"cardblock_047a1357fd7a8c3678de53aed6333434\" class=\"block__card -detect-in-viewport\">\n  <div class=\"has-background-color--white has-shadow\">\n\n    \n    <div class=\"card__content-wrapper \">\n      <div class=\"card__inner-blocks inner-blocks\">\n        \n\n<h3 class=\"wp-block-heading\">ZoanR Switch<\/h3>\n\n\n\n<ul class=\"wp-block-list\">\n<li>Hasta 16 Automotive Ethernet puertos<\/li>\n\n\n\n<li>Para despertar: GPIO &amp; CAN-FD &amp; WAKE Inputs<\/li>\n\n\n\n<li>AVB \/ TSN<\/li>\n\n\n\n<li>VLAN Support, QinQ<\/li>\n\n\n\n<li>MACSec<\/li>\n\n\n\n<li>TC10<\/li>\n\n\n\n<li>Ampliable con nuestra familia de productos CruEther<\/li>\n<\/ul>\n\n\n<div class=\"wp-bootstrap-blocks-row row\">\n\t\n\n<div class=\"col-12 col-md-6\">\n\t\t\t\n\n<div id=\"buttonblock_110834e9b0884cebad24a8af094c5ef4\" class=\"block__button -detect-in-viewport button__size--full\">\n  <div class=\"button__color--blue\">\n          <a href=\"#ZNRSW\" target=\"\" class=\"btn\">\n        <span class=\"button__link__label\">m\u00e1s informaci\u00f3n<\/span>\n      <\/a>\n      <\/div>\n<\/div>\n\t<\/div>\n\n\n\n<div class=\"col-12 col-md-6\">\n\t\t\t\t<\/div>\n\n<\/div>\n\n      <\/div>\n    <\/div>\n  <\/div>\n<\/div>\n\t<\/div>\n\n\n\n<div class=\"col-12 col-md-6 col-lg-4\">\n\t\t\t\n\n<div id=\"cardblock_047a1357fd7a8c3678de53aed6333434\" class=\"block__card -detect-in-viewport\">\n  <div class=\"has-background-color--white has-shadow\">\n\n    \n    <div class=\"card__content-wrapper \">\n      <div class=\"card__inner-blocks inner-blocks\">\n        \n\n<h4 class=\"wp-block-heading\">Informaci\u00f3n \u00fatil<\/h4>\n\n\n\n<ul class=\"wp-block-list\">\n<li>Fichas t\u00e9cnicas<\/li>\n\n\n\n<li>Manuales de instrucciones<\/li>\n\n\n\n<li>Tutoriales<\/li>\n<\/ul>\n\n\n\n<div id=\"buttonblock_d6183efd462c43915ba555fea6108407\" class=\"block__button -detect-in-viewport button__size--full\">\n  <div class=\"button__color--white\">\n          <a href=\"\/downloads\" target=\"\" class=\"btn\">\n        <span class=\"button__link__label\">Download Center<\/span>\n      <\/a>\n      <\/div>\n<\/div>\n\n\n<h4 class=\"wp-block-heading\">Aplicaciones de ZoanR Switch<\/h4>\n\n\n\n<ul class=\"wp-block-list\">\n<li>Conecta simult\u00e1neamente hasta 16 puertos Ethernet para automoci\u00f3n<\/li>\n\n\n\n<li>Distribuci\u00f3n eficaz de los datos<\/li>\n\n\n\n<li>10 Gb\/s Ethernet Link (SFP+)<\/li>\n<\/ul>\n\n\n\n<div id=\"buttonblock_a467385de88bcd6804a840de709feb9b\" class=\"block__button -detect-in-viewport button__size--full\">\n  <div class=\"button__color--white\">\n          <a href=\"#APPSW\" target=\"\" class=\"btn\">\n        <span class=\"button__link__label\">Aplicaciones<\/span>\n      <\/a>\n      <\/div>\n<\/div>\n      <\/div>\n    <\/div>\n  <\/div>\n<\/div>\n\t<\/div>\n\n<\/div>\n\n\n\n<div id=\"contactblock_fc6ac6968931d9c19ec04600ea759451\" class=\"block__contact -detect-in-viewport\">\n\n    <div class=\"contact__content-wrapper container\">\n                <div class=\"contact__card block__card\">\n\n            <div class=\"has-background-color--white has-shadow\">\n                <div class=\"contact__card-content-wrapper\">\n                    <div class=\"frm_forms  with_frm_style frm_style_formidable-style\" id=\"frm_form_1_container\" data-token=\"a76da70ca244aae7f4794dd2ec1d595d\">\n<form enctype=\"multipart\/form-data\" method=\"post\" class=\"frm-show-form  frm_js_validate  frm_ajax_submit  frm_pro_form \" id=\"form_contact-form\" data-token=\"a76da70ca244aae7f4794dd2ec1d595d\">\n<div class=\"frm_form_fields \">\n<fieldset>\n<legend class=\"frm_screen_reader\">Cont\u00e1ctenos<\/legend>\r\n\r\n<div class=\"frm_fields_container\">\n<input type=\"hidden\" name=\"frm_action\" value=\"create\" \/>\n<input type=\"hidden\" name=\"form_id\" value=\"1\" \/>\n<input type=\"hidden\" name=\"frm_hide_fields_1\" id=\"frm_hide_fields_1\" value=\"\" \/>\n<input type=\"hidden\" name=\"form_key\" value=\"contact-form\" \/>\n<input type=\"hidden\" name=\"item_meta[0]\" value=\"\" \/>\n<input type=\"hidden\" id=\"frm_submit_entry_1\" name=\"frm_submit_entry_1\" value=\"aaffd4e479\" \/><input type=\"hidden\" name=\"_wp_http_referer\" value=\"\/es\/wp-json\/wp\/v2\/product\/7113\" \/><div id=\"frm_field_1_container\" class=\"frm_form_field form-field  frm_required_field frm_top_container frm_first frm_half\">\r\n    <label for=\"field_qh4icy\" id=\"field_qh4icy_label\" class=\"frm_primary_label\">Nombre\r\n        <span class=\"frm_required\" aria-hidden=\"true\">*<\/span>\r\n    <\/label>\r\n    <input  type=\"text\" id=\"field_qh4icy\" name=\"item_meta[1]\" value=\"\"  placeholder=\"Su nombre\" data-reqmsg=\"Este campo no debe estar vac\u00edo.\" aria-required=\"true\" data-invmsg=\"El campo Nombre no es v\u00e1lido.\" aria-invalid=\"false\"   \/>\r\n    \r\n    \r\n<\/div>\n<div id=\"frm_field_2_container\" class=\"frm_form_field form-field  frm_top_container frm_half\">\r\n    <label for=\"field_ocfup1\" id=\"field_ocfup1_label\" class=\"frm_primary_label\">Tel\u00e9fono\r\n        <span class=\"frm_required\" aria-hidden=\"true\"><\/span>\r\n    <\/label>\r\n    <input  type=\"text\" id=\"field_ocfup1\" name=\"item_meta[2]\" value=\"\"  placeholder=\"999-999-9999\" data-invmsg=\"La \u00faltima entrada no es v\u00e1lida.\" aria-invalid=\"false\"   \/>\r\n    \r\n    \r\n<\/div>\n<div id=\"frm_field_3_container\" class=\"frm_form_field form-field  frm_required_field frm_top_container frm_full\">\r\n    <label for=\"field_29yf4d\" id=\"field_29yf4d_label\" class=\"frm_primary_label\">Email\r\n        <span class=\"frm_required\" aria-hidden=\"true\">*<\/span>\r\n    <\/label>\r\n    <input type=\"email\" id=\"field_29yf4d\" name=\"item_meta[3]\" value=\"\"  placeholder=\"sunombre@email.com\" data-reqmsg=\"Este campo no debe estar vac\u00edo.\" aria-required=\"true\" data-invmsg=\"Introduzca una direcci\u00f3n de correo electr\u00f3nico v\u00e1lida.\" aria-invalid=\"false\"  \/>\r\n    \r\n    \r\n<\/div>\n<div id=\"frm_field_24_container\" class=\"frm_form_field form-field  frm_top_container frm_full\">\r\n    <label for=\"field_hgw4t\" id=\"field_hgw4t_label\" class=\"frm_primary_label\">\u00bfComo supo de nosotros?\r\n        <span class=\"frm_required\" aria-hidden=\"true\"><\/span>\r\n    <\/label>\r\n    \t\t<select name=\"item_meta[24]\" id=\"field_hgw4t\"  data-invmsg=\"\u00bfComo supo de nosotros? no es v\u00e1lido\" aria-invalid=\"false\"  >\n\t\t<option  value=\"\" selected='selected'> <\/option><option  value=\"Colleagues, friends, etc.\">Compa\u00f1eros, amigos, familiares, etc<\/option><option  value=\"Search engines, like Google etc.\">Search engines, like Google etc.<\/option><option  value=\"Trade shows, events with AED\">Trade shows, events with AED<\/option><option  value=\"Social Media, like LinkedIn etc.\">Social Media, like LinkedIn etc.<\/option><option  value=\"Other\">Otros<\/option>\t<\/select>\n\t\r\n    \r\n    \r\n<\/div>\n<div id=\"frm_field_25_container\" class=\"frm_form_field form-field  frm_top_container frm_full\">\r\n    <label for=\"field_a3oqp\" id=\"field_a3oqp_label\" class=\"frm_primary_label\">\r\n        <span class=\"frm_required\" aria-hidden=\"true\"><\/span>\r\n    <\/label>\r\n    <input  type=\"text\" id=\"field_a3oqp\" name=\"item_meta[25]\" value=\"\"  placeholder=\"M\u00e1s informaci\u00f3n\" data-invmsg=\"Text is invalid\" aria-invalid=\"false\"   \/>\r\n    \r\n    \r\n<\/div>\n<div id=\"frm_field_5_container\" class=\"frm_form_field form-field  frm_required_field frm_top_container frm_full\">\r\n    <label for=\"field_9jv0r1\" id=\"field_9jv0r1_label\" class=\"frm_primary_label\">Mensaje\r\n        <span class=\"frm_required\" aria-hidden=\"true\">*<\/span>\r\n    <\/label>\r\n    <textarea name=\"item_meta[5]\" id=\"field_9jv0r1\" rows=\"5\"  placeholder=\"Su mensaje\" data-reqmsg=\"Este campo no debe estar vac\u00edo.\" aria-required=\"true\" data-invmsg=\"Message is invalid\" aria-invalid=\"false\"  ><\/textarea>\r\n    \r\n    \r\n<\/div>\n<div id=\"frm_field_6_container\" class=\"frm_form_field form-field  frm_required_field frm_top_container vertical_radio\">\r\n    <div  id=\"field_vyz87_label\" class=\"frm_primary_label\">\r\n        <span class=\"frm_required\" aria-hidden=\"true\"><\/span>\r\n    <\/div>\r\n    <div class=\"frm_opt_container\" aria-labelledby=\"field_vyz87_label\" role=\"group\">\t\t<div class=\"frm_checkbox\" id=\"frm_checkbox_6-0\">\t\t\t<label  for=\"field_vyz87-0\">\n\t\t\t<input type=\"checkbox\" name=\"item_meta[6][]\" id=\"field_vyz87-0\" value=\"I have read and accept the data protection\"  data-reqmsg=\"This field cannot be blank.\" data-invmsg=\"Este campo no es v\u00e1lido\"   aria-required=\"true\"  \/> He le\u00eddo y acepto la protecci\u00f3n de datos.<\/label><\/div>\n<\/div>\r\n    \r\n    \r\n<\/div>\n<div id=\"frm_field_37_container\" class=\"frm_form_field form-field \">\n\t<div class=\"frm_submit\">\r\n\r\n<button class=\"frm_button_submit frm_final_submit\" type=\"submit\"   formnovalidate=\"formnovalidate\">Send<\/button>\r\n\r\n\r\n<\/div>\n<\/div>\n\t<input type=\"hidden\" name=\"item_key\" value=\"\" \/>\n\t\t\t<div id=\"frm_field_50_container\">\n\t\t\t<label for=\"field_6juzn\" >\n\t\t\t\tSi eres humano, deja este campo en blanco.\t\t\t<\/label>\n\t\t\t<input  id=\"field_6juzn\" type=\"text\" class=\"frm_form_field form-field frm_verify\" name=\"item_meta[50]\" value=\"\"  \/>\n\t\t<\/div>\n\t\t<input name=\"frm_state\" type=\"hidden\" value=\"KDZALcuSi2U4R9sa1SAmbDI9UIOS5vKEXk2jcXwVzn8tgEpvcTO9+VEVAYOnPoK5\" \/><\/div>\n<\/fieldset>\n<\/div>\n\n<\/form>\n<\/div>\n                <\/div>\n            <\/div>\n        <\/div>\n                <div class=\"contact__text\">\n            <h3>Contact\u00e9nos<\/h3>\n<h2>\u00bfC\u00f3mo podemos ayudarle?<\/h2>\n<p class=\"has-large-font-size\">Para obtener m\u00e1s informaci\u00f3n sobre nuestras ofertas de empleo, p\u00f3ngase en contacto con nosotros con su consulta espec\u00edfica y nos pondremos en contacto con usted lo antes posible.<\/p>\n        <\/div>\n    <\/div>\n<\/div><\/div>\n\n\n<p id=\"ZNRSW\">\n\n\n<div id=\"overlapping-section-dividerblock_9a6c786a857ae1a3473d9a4f06e87ea1\" class=\"block__overlapping-section-divider -detect-in-viewport\">\n  <div >\n\n    <div class=\"overlapping-section-divider__image --setDimension\">\n      <img decoding=\"async\" width=\"2560\" height=\"1067\" src=\"https:\/\/www.aed-vantage.com\/wp-content\/uploads\/2024\/03\/AdobeStock_294839451-2560x1067.jpeg\" class=\"attachment-fullscreen_16_9 size-fullscreen_16_9\" alt=\"\" srcset=\"https:\/\/www.aed-vantage.com\/wp-content\/uploads\/2024\/03\/AdobeStock_294839451-2560x1067.jpeg 2560w, https:\/\/www.aed-vantage.com\/wp-content\/uploads\/2024\/03\/AdobeStock_294839451-300x125.jpeg 300w, https:\/\/www.aed-vantage.com\/wp-content\/uploads\/2024\/03\/AdobeStock_294839451-1024x427.jpeg 1024w, https:\/\/www.aed-vantage.com\/wp-content\/uploads\/2024\/03\/AdobeStock_294839451-768x320.jpeg 768w, https:\/\/www.aed-vantage.com\/wp-content\/uploads\/2024\/03\/AdobeStock_294839451-1536x640.jpeg 1536w, https:\/\/www.aed-vantage.com\/wp-content\/uploads\/2024\/03\/AdobeStock_294839451-2048x853.jpeg 2048w, https:\/\/www.aed-vantage.com\/wp-content\/uploads\/2024\/03\/AdobeStock_294839451-500x208.jpeg 500w, https:\/\/www.aed-vantage.com\/wp-content\/uploads\/2024\/03\/AdobeStock_294839451-840x350.jpeg 840w, https:\/\/www.aed-vantage.com\/wp-content\/uploads\/2024\/03\/AdobeStock_294839451-1308x545.jpeg 1308w, https:\/\/www.aed-vantage.com\/wp-content\/uploads\/2024\/03\/AdobeStock_294839451-654x273.jpeg 654w\" sizes=\"(max-width: 2560px) 100vw, 2560px\" \/>    <\/div>\n\n    <div class=\"overlapping-section-divider__title-wrapper\">\n      <div class=\"overlapping-section-divider__title\">\n        <h2>\n          ZoanR Switch &#8211; Redes de automoci\u00f3n con hasta 16 puertos        <\/h2>\n      <\/div>\n    <\/div>\n  <\/div>\n<\/div>\n\n\n<p>El conmutador ZoanR es un conmutador Ethernet para automoci\u00f3n con funciones AVB\/TSN, compatibilidad con VLAN, etiquetado doble QinQ, MACsec y funci\u00f3n de suspensi\u00f3n\/despertar TC10. Con hasta 16 puertos Automotive Ethernet, el dispositivo est\u00e1 equipado para la arquitectura zonal de las futuras arquitecturas de veh\u00edculos.<\/p>\n\n\n\n<div class=\"wp-block-group is-layout-constrained wp-block-group-is-layout-constrained\"><div class=\"wp-bootstrap-blocks-row row\">\n\t\n\n<div class=\"col-12 col-md-6\">\n\t\t\t\n\n<figure class=\"wp-block-image size-full\"><img decoding=\"async\" width=\"886\" height=\"637\" src=\"https:\/\/www.aed-vantage.com\/wp-content\/uploads\/2025\/03\/ZoanR-Switch-Frontpanel-with-Text-v2.png\" alt=\"\" class=\"wp-image-8478\" srcset=\"https:\/\/www.aed-vantage.com\/wp-content\/uploads\/2025\/03\/ZoanR-Switch-Frontpanel-with-Text-v2.png 886w, https:\/\/www.aed-vantage.com\/wp-content\/uploads\/2025\/03\/ZoanR-Switch-Frontpanel-with-Text-v2-300x216.png 300w, https:\/\/www.aed-vantage.com\/wp-content\/uploads\/2025\/03\/ZoanR-Switch-Frontpanel-with-Text-v2-768x552.png 768w, https:\/\/www.aed-vantage.com\/wp-content\/uploads\/2025\/03\/ZoanR-Switch-Frontpanel-with-Text-v2-428x308.png 428w, https:\/\/www.aed-vantage.com\/wp-content\/uploads\/2025\/03\/ZoanR-Switch-Frontpanel-with-Text-v2-835x600.png 835w, https:\/\/www.aed-vantage.com\/wp-content\/uploads\/2025\/03\/ZoanR-Switch-Frontpanel-with-Text-v2-512x368.png 512w\" sizes=\"(max-width: 886px) 100vw, 886px\" \/><\/figure>\n\n\t<\/div>\n\n\n\n<div class=\"col-12 col-md-6\">\n\t\t\t\n\n<p>El ZoanR Switch impresiona con una amplia gama de conexiones, se\u00f1ales de estado y est\u00e1ndares:<\/p>\n\n\n\n<ul class=\"wp-block-list\">\n<li>Up to 16 Automotive Ethernet Ports<\/li>\n\n\n\n<li>1x WAKE Input<\/li>\n\n\n\n<li>2x GPIO<\/li>\n\n\n\n<li>1x CAN-FD Input<\/li>\n\n\n\n<li>1PPS Sync IN\/OUT<\/li>\n\n\n\n<li>LEDs de estado para cada puerto y el dispositivo<\/li>\n\n\n\n<li>AVB \/ TSN Time Sensitive Network (IEEE 802.1AS, IEEE 802.1BA)<\/li>\n\n\n\n<li>VLAN Support (IEEE802.1Q) [QinQ\u2013Double Tagging support]<\/li>\n\n\n\n<li>MACsec (IEEE 802.1AE) support<\/li>\n\n\n\n<li>OPEN Alliance TC10 Sleep\/Wake support<\/li>\n\n\n\n<li>Configuraci\u00f3n por servidor web<\/li>\n<\/ul>\n\n\t<\/div>\n\n<\/div>\n\n\n<div class=\"wp-bootstrap-blocks-row row\">\n\t\n\n<div class=\"col-12 col-md-6\">\n\t\t\t\n\n<figure class=\"wp-block-image size-full\"><img decoding=\"async\" width=\"2560\" height=\"1226\" src=\"https:\/\/www.aed-vantage.com\/wp-content\/uploads\/2025\/03\/ZoanR-Switch-Backpanel-with-Text-v2-scaled.png\" alt=\"\" class=\"wp-image-8475\" srcset=\"https:\/\/www.aed-vantage.com\/wp-content\/uploads\/2025\/03\/ZoanR-Switch-Backpanel-with-Text-v2-scaled.png 2560w, https:\/\/www.aed-vantage.com\/wp-content\/uploads\/2025\/03\/ZoanR-Switch-Backpanel-with-Text-v2-300x144.png 300w, https:\/\/www.aed-vantage.com\/wp-content\/uploads\/2025\/03\/ZoanR-Switch-Backpanel-with-Text-v2-1024x491.png 1024w, https:\/\/www.aed-vantage.com\/wp-content\/uploads\/2025\/03\/ZoanR-Switch-Backpanel-with-Text-v2-768x368.png 768w, https:\/\/www.aed-vantage.com\/wp-content\/uploads\/2025\/03\/ZoanR-Switch-Backpanel-with-Text-v2-1536x736.png 1536w, https:\/\/www.aed-vantage.com\/wp-content\/uploads\/2025\/03\/ZoanR-Switch-Backpanel-with-Text-v2-2048x981.png 2048w, https:\/\/www.aed-vantage.com\/wp-content\/uploads\/2025\/03\/ZoanR-Switch-Backpanel-with-Text-v2-500x240.png 500w, https:\/\/www.aed-vantage.com\/wp-content\/uploads\/2025\/03\/ZoanR-Switch-Backpanel-with-Text-v2-840x402.png 840w, https:\/\/www.aed-vantage.com\/wp-content\/uploads\/2025\/03\/ZoanR-Switch-Backpanel-with-Text-v2-1308x627.png 1308w, https:\/\/www.aed-vantage.com\/wp-content\/uploads\/2025\/03\/ZoanR-Switch-Backpanel-with-Text-v2-654x313.png 654w\" sizes=\"(max-width: 2560px) 100vw, 2560px\" \/><\/figure>\n\n\t<\/div>\n\n\n\n<div class=\"col-12 col-md-6\">\n\t\t\t\n\n<p>El dispositivo viene con un gran n\u00famero de conexiones Ethernet para automoci\u00f3n de serie. Puede configurar el dispositivo seg\u00fan sus necesidades. Todos los puertos opcionales, que siempre est\u00e1n f\u00edsicamente presentes, se pueden configurar a trav\u00e9s de la interfaz de usuario web, tal y como usted desee.<\/p>\n\n\n\n<p><\/p>\n\n\n\n<p>Fuente de alimentaci\u00f3n: 5 &#8230; 32 V<\/p>\n\n\n\n<p>Temperatura de funcionamiento. -40 \u2026 +85 \u00b0C<\/p>\n\n\n\n<p>Dimensiones: 2<em>11<\/em> x 129 x 35 mm<\/p>\n\n\t<\/div>\n\n<\/div>\n\n\n\n<div id=\"spacerblock_cdf17d3f74644454b3f94c7fce65f34b\" class=\"block__spacer -detect-in-viewport block__spacer--medium\"><\/div>\n\n\n<h3 class=\"wp-block-heading has-text-align-center\">Descripci\u00f3n general de todos los puertos est\u00e1ndar y opcionales que se pueden configurar a trav\u00e9s de la interfaz de usuario web:<\/h3>\n\n\n\n<div id=\"spacerblock_758e1a71e3e654d57d0efe5f4469891f\" class=\"block__spacer -detect-in-viewport block__spacer--small\"><\/div>\n\n\n<figure class=\"wp-block-image size-large\"><img decoding=\"async\" width=\"1024\" height=\"146\" src=\"https:\/\/www.aed-vantage.com\/wp-content\/uploads\/2025\/03\/ZoanR-Switch-Port-Matrix-1024x146.png\" alt=\"\" class=\"wp-image-8457\" srcset=\"https:\/\/www.aed-vantage.com\/wp-content\/uploads\/2025\/03\/ZoanR-Switch-Port-Matrix-1024x146.png 1024w, https:\/\/www.aed-vantage.com\/wp-content\/uploads\/2025\/03\/ZoanR-Switch-Port-Matrix-300x43.png 300w, https:\/\/www.aed-vantage.com\/wp-content\/uploads\/2025\/03\/ZoanR-Switch-Port-Matrix-768x109.png 768w, https:\/\/www.aed-vantage.com\/wp-content\/uploads\/2025\/03\/ZoanR-Switch-Port-Matrix-500x71.png 500w, https:\/\/www.aed-vantage.com\/wp-content\/uploads\/2025\/03\/ZoanR-Switch-Port-Matrix-840x120.png 840w, https:\/\/www.aed-vantage.com\/wp-content\/uploads\/2025\/03\/ZoanR-Switch-Port-Matrix-654x93.png 654w, https:\/\/www.aed-vantage.com\/wp-content\/uploads\/2025\/03\/ZoanR-Switch-Port-Matrix.png 1053w\" sizes=\"(max-width: 1024px) 100vw, 1024px\" \/><\/figure>\n<\/div>\n\n\n<p id=\"APPSW\">\n\n\n<div id=\"overlapping-section-dividerblock_6a09be3242398d4672347a9b4bf2622a\" class=\"block__overlapping-section-divider -detect-in-viewport\">\n  <div >\n\n    <div class=\"overlapping-section-divider__image --setDimension\">\n          <\/div>\n\n    <div class=\"overlapping-section-divider__title-wrapper\">\n      <div class=\"overlapping-section-divider__title\">\n        <h2>\n          Aplicaciones de ZoanR Switch        <\/h2>\n      <\/div>\n    <\/div>\n  <\/div>\n<\/div>\n\n\n<div class=\"wp-block-group is-layout-constrained wp-block-group-is-layout-constrained\">\n<figure class=\"wp-block-image size-large\"><img decoding=\"async\" width=\"1024\" height=\"508\" src=\"https:\/\/www.aed-vantage.com\/wp-content\/uploads\/2025\/03\/ZoanR_Switch_Application-1024x508.png\" alt=\"\" class=\"wp-image-7548\" srcset=\"https:\/\/www.aed-vantage.com\/wp-content\/uploads\/2025\/03\/ZoanR_Switch_Application-1024x508.png 1024w, https:\/\/www.aed-vantage.com\/wp-content\/uploads\/2025\/03\/ZoanR_Switch_Application-300x149.png 300w, https:\/\/www.aed-vantage.com\/wp-content\/uploads\/2025\/03\/ZoanR_Switch_Application-768x381.png 768w, https:\/\/www.aed-vantage.com\/wp-content\/uploads\/2025\/03\/ZoanR_Switch_Application-500x248.png 500w, https:\/\/www.aed-vantage.com\/wp-content\/uploads\/2025\/03\/ZoanR_Switch_Application-840x417.png 840w, https:\/\/www.aed-vantage.com\/wp-content\/uploads\/2025\/03\/ZoanR_Switch_Application-654x325.png 654w, https:\/\/www.aed-vantage.com\/wp-content\/uploads\/2025\/03\/ZoanR_Switch_Application.png 1162w\" sizes=\"(max-width: 1024px) 100vw, 1024px\" \/><\/figure>\n<\/div>\n\n\n\n<div class=\"wp-block-group is-layout-constrained wp-block-group-is-layout-constrained\">\n<p>El Switch ZoanR tiene 4x ranuras SFP+ que se convierten en puertos Automotive Ethernet con nuestros CruEthers. Utilice el CruEther 10G SFP para conectar Ethernet de automoci\u00f3n multi-gigabit (2.5G\/5G\/10G) o ampl\u00ede el dispositivo con puertos 1000Base-T1 adicionales utilizando nuestro CruEther 1G SFP.<\/p>\n\n\n<div class=\"wp-bootstrap-blocks-row row\">\n\t\n\n<div class=\"col-12 col-md-6\">\n\t\t\t\n\n\n<div id=\"teaserblock_89eb3d019bd70735f94cf13264413510\" class=\"block__teaser -detect-in-viewport\">\n    <div class=\"block__teaser__orientation--vertical\">\n        <div class=\"block__teaser__wrapper\">\n                                        \n                <a class=\"block__teaser__img__wrapper\" href=\"https:\/\/www.aed-vantage.com\/es\/product\/cruether\/\" title=\"IMG_3482\">\n                    <img decoding=\"async\" width=\"738\" height=\"416\" src=\"https:\/\/www.aed-vantage.com\/wp-content\/uploads\/2024\/03\/IMG_3482-738x416.jpg\" class=\"attachment-teaser_16_9 size-teaser_16_9\" alt=\"\" srcset=\"https:\/\/www.aed-vantage.com\/wp-content\/uploads\/2024\/03\/IMG_3482-738x416.jpg 738w, https:\/\/www.aed-vantage.com\/wp-content\/uploads\/2024\/03\/IMG_3482-654x368.jpg 654w\" sizes=\"(max-width: 738px) 100vw, 738px\" \/>                <\/a>\n\n                        <div class=\"block__teaser__content inner-blocks\">\n\n                                    \n\n<p class=\"has-text-align-center\">CruEther 10G SFP, Multigigabit Automotive Ethernet Converter<\/p>\n\n                \n                                    <div class=\"button__color--white\">\n                        <a href=\"https:\/\/www.aed-vantage.com\/es\/product\/cruether\/\" target=\"\" class=\"btn\">\n                            CruEther [\u02c8k\u0279uz\u0259\u02de ]                        <\/a>\n                    <\/div>\n                            <\/div>\n        <\/div>\n    <\/div>\n<\/div>\n\t<\/div>\n\n\n\n<div class=\"col-12 col-md-6\">\n\t\t\t\n\n\n<div id=\"teaserblock_d7de95a824c0c0ce0b2fbd992d1b54d3\" class=\"block__teaser -detect-in-viewport\">\n    <div class=\"block__teaser__orientation--vertical\">\n        <div class=\"block__teaser__wrapper\">\n                                        \n                <a class=\"block__teaser__img__wrapper\" href=\"https:\/\/www.aed-vantage.com\/es\/product\/cruether\/\" title=\"CruEther_1G_SFP_backgr\">\n                    <img decoding=\"async\" width=\"738\" height=\"416\" src=\"https:\/\/www.aed-vantage.com\/wp-content\/uploads\/2024\/03\/CruEther_1G_SFP_backgr-738x416.jpg\" class=\"attachment-teaser_16_9 size-teaser_16_9\" alt=\"\" srcset=\"https:\/\/www.aed-vantage.com\/wp-content\/uploads\/2024\/03\/CruEther_1G_SFP_backgr-738x416.jpg 738w, https:\/\/www.aed-vantage.com\/wp-content\/uploads\/2024\/03\/CruEther_1G_SFP_backgr-654x368.jpg 654w\" sizes=\"(max-width: 738px) 100vw, 738px\" \/>                <\/a>\n\n                        <div class=\"block__teaser__content inner-blocks\">\n\n                                    \n\n<p class=\"has-text-align-center\">CruEther 1G SFP, Automotive Ethernet Converter<\/p>\n\n                \n                                    <div class=\"button__color--white\">\n                        <a href=\"https:\/\/www.aed-vantage.com\/es\/product\/cruether\/\" target=\"\" class=\"btn\">\n                            CruEther [\u02c8k\u0279uz\u0259\u02de ]                        <\/a>\n                    <\/div>\n                            <\/div>\n        <\/div>\n    <\/div>\n<\/div>\n\t<\/div>\n\n<\/div>\n<\/div>\n","protected":false},"excerpt":{"rendered":"<p>El conmutador ZoanR es un conmutador Ethernet para automoci\u00f3n con funciones AVB\/TSN, compatibilidad con VLAN, etiquetado doble QinQ, MACsec y funci\u00f3n de suspensi\u00f3n\/despertar TC10. Con hasta 16 puertos Automotive Ethernet, el dispositivo est\u00e1 equipado para la arquitectura zonal de las futuras arquitecturas de veh\u00edculos. Descripci\u00f3n general de todos los puertos est\u00e1ndar y opcionales que se [&hellip;]<\/p>\n","protected":false},"featured_media":0,"template":"","class_list":["post-7113","product","type-product","status-publish","hentry"],"aioseo_notices":[],"acf":[],"_links":{"self":[{"href":"https:\/\/www.aed-vantage.com\/es\/wp-json\/wp\/v2\/product\/7113","targetHints":{"allow":["GET"]}}],"collection":[{"href":"https:\/\/www.aed-vantage.com\/es\/wp-json\/wp\/v2\/product"}],"about":[{"href":"https:\/\/www.aed-vantage.com\/es\/wp-json\/wp\/v2\/types\/product"}],"version-history":[{"count":10,"href":"https:\/\/www.aed-vantage.com\/es\/wp-json\/wp\/v2\/product\/7113\/revisions"}],"predecessor-version":[{"id":8482,"href":"https:\/\/www.aed-vantage.com\/es\/wp-json\/wp\/v2\/product\/7113\/revisions\/8482"}],"wp:attachment":[{"href":"https:\/\/www.aed-vantage.com\/es\/wp-json\/wp\/v2\/media?parent=7113"}],"curies":[{"name":"wp","href":"https:\/\/api.w.org\/{rel}","templated":true}]}}